{"id":53521,"date":"2022-06-22T11:22:50","date_gmt":"2022-06-22T09:22:50","guid":{"rendered":"https:\/\/secureus.se\/produkt\/radiosandare-setmc433-bd\/"},"modified":"2026-04-08T16:50:58","modified_gmt":"2026-04-08T14:50:58","slug":"radiosandare-setmc433-bd","status":"publish","type":"product","link":"https:\/\/secureus.se\/fr\/radiosandare-setmc433-bd\/","title":{"rendered":"\u00c9metteur radio Setmc433-Bd"},"content":{"rendered":"<p>\u00c9metteur radio pour montage DIN \u00e0 quatre canaux, peut \u00eatre mont\u00e9 \u00e0 l&#039;int\u00e9rieur et a une longue port\u00e9e. L&#039;\u00e9metteur radio dispose de quatre entr\u00e9es pour boutons-poussoirs externes et la force du signal peut \u00eatre am\u00e9lior\u00e9e \u00e0 l&#039;aide d&#039;une antenne (SEA433). Convient \u00e0 tous les r\u00e9cepteurs radio CDVI fonctionnant sur la m\u00eame fr\u00e9quence (433,92 MHz). Excellent pour contr\u00f4ler les portes automatiques, l&#039;\u00e9clairage, les alarmes, etc.<\/p>","protected":false},"excerpt":{"rendered":"<p>Radios\u00e4ndare f\u00f6r DIN-montage med fyra kanal, kan monteras inomhus och har l\u00e5ng r\u00e4ckvidd. Radios\u00e4ndaren har fyra stycken ing\u00e5ngar f\u00f6r externa tryckknappar och signalstyrkan kan f\u00f6rb\u00e4ttras med hj\u00e4lp av en antenn<\/p>","protected":false},"featured_media":143519,"template":"","meta":{"_acf_changed":false},"product_brand":[],"product_cat":[1616],"product_tag":[2273],"class_list":{"0":"post-53521","1":"product","2":"type-product","3":"status-publish","4":"has-post-thumbnail","6":"product_cat-radiosandare-mottagare","7":"product_tag-radio-sandare-erone","8":"product_shipping_class-postnord-varubrev","9":"pa_brands-cdvi","10":"tm-no-options","12":"first","13":"outofstock","14":"sale","15":"taxable","16":"shipping-taxable","17":"purchasable","18":"product-type-simple"},"acf":[],"_links":{"self":[{"href":"https:\/\/secureus.se\/fr\/wp-json\/wp\/v2\/product\/53521","targetHints":{"allow":["GET"]}}],"collection":[{"href":"https:\/\/secureus.se\/fr\/wp-json\/wp\/v2\/product"}],"about":[{"href":"https:\/\/secureus.se\/fr\/wp-json\/wp\/v2\/types\/product"}],"wp:featuredmedia":[{"embeddable":true,"href":"https:\/\/secureus.se\/fr\/wp-json\/wp\/v2\/media\/143519"}],"wp:attachment":[{"href":"https:\/\/secureus.se\/fr\/wp-json\/wp\/v2\/media?parent=53521"}],"wp:term":[{"taxonomy":"product_brand","embeddable":true,"href":"https:\/\/secureus.se\/fr\/wp-json\/wp\/v2\/product_brand?post=53521"},{"taxonomy":"product_cat","embeddable":true,"href":"https:\/\/secureus.se\/fr\/wp-json\/wp\/v2\/product_cat?post=53521"},{"taxonomy":"product_tag","embeddable":true,"href":"https:\/\/secureus.se\/fr\/wp-json\/wp\/v2\/product_tag?post=53521"}],"curies":[{"name":"wp","href":"https:\/\/api.w.org\/{rel}","templated":true}]}}