{"id":53538,"date":"2022-06-21T17:55:46","date_gmt":"2022-06-21T15:55:46","guid":{"rendered":"https:\/\/secureus.se\/produkt\/zebra-zc300-plastic-card-printer-with-ethernet-dual-sided\/"},"modified":"2026-03-26T10:17:23","modified_gmt":"2026-03-26T09:17:23","slug":"kortskrivare-zebra-zc300-duplex","status":"publish","type":"product","link":"https:\/\/secureus.se\/fr\/kortskrivare-zebra-zc300-duplex\/","title":{"rendered":"Imprimante de cartes Zebra ZC300 Duplex - Imprimante de cartes d&#039;identit\u00e9 avec Ethernet"},"content":{"rendered":"<p><strong>Ecriture de cartes d&#039;identit\u00e9 simple et efficace avec le Zebra ZC300 Duplex :<\/strong> L&#039;imprimante de cartes en plastique Zebra ZC300 est con\u00e7ue pour rendre l&#039;impression de cartes d&#039;identit\u00e9 facile et efficace. Avec des fonctionnalit\u00e9s avanc\u00e9es et une interface utilisateur intuitive, cette imprimante est parfaite pour tout g\u00e9rer, des cartes d&#039;identit\u00e9 aux cartes de membre.<\/p>\n<p><strong>Caract\u00e9ristiques et avantages\u00a0:<\/strong><\/p>\n<ul>\n<li><strong>Haute capacit\u00e9\u00a0:<\/strong> La ZC300 peut imprimer jusqu&#039;\u00e0 200 cartes par heure, ce qui la rend id\u00e9ale pour les petits et grands volumes.<\/li>\n<li><strong>Flexibilit\u00e9:<\/strong> L&#039;imprimante peut g\u00e9rer l&#039;impression recto et recto verso, donnant aux utilisateurs la possibilit\u00e9 de personnaliser l&#039;impression de leurs cartes selon leurs besoins.<\/li>\n<li><strong>S\u00e9curit\u00e9:<\/strong> Equip\u00e9 de plateaux verrouillables pour prot\u00e9ger les cartes et le mat\u00e9riel.<\/li>\n<li><strong>Convivial:<\/strong> L&#039;\u00e9cran LCD graphique et les ic\u00f4nes intuitives facilitent le suivi des instructions d&#039;entretien et d&#039;utilisation.<\/li>\n<\/ul>\n<p><strong>Sp\u00e9cification technique\u00a0:<\/strong><\/p>\n<ul>\n<li><strong>Vitesse d&#039;impression\u00a0:<\/strong> Jusqu&#039;\u00e0 200 cartes par heure (impression couleur, recto).<\/li>\n<li><strong>Capacit\u00e9:<\/strong> Chargeur de cartes \u00e0 double entr\u00e9e pour 100 cartes.<\/li>\n<li><strong>Type de carte\u00a0:<\/strong> Format ISO 7810, CR80, taille ID-1, compatible carte PVC, PET et PC.<\/li>\n<li><strong>Relations:<\/strong> USB 2.0 et Ethernet.<\/li>\n<\/ul>\n<p>Avec sa conception robuste et ses fonctionnalit\u00e9s polyvalentes, la Zebra ZC300 Duplex est la solution fiable et efficace pour tous vos besoins d&#039;impression de cartes d&#039;identit\u00e9.<\/p>","protected":false},"excerpt":{"rendered":"<p>La Zebra ZC300 est une imprimante de cartes d&#039;identit\u00e9 haut de gamme con\u00e7ue pour \u00eatre facile \u00e0 utiliser, disponible en modules d&#039;impression simple face et double face.<\/p>\n<p>Il fournit des impressions de haute qualit\u00e9 \u00e0 une vitesse impressionnante et peut produire des cartes d&#039;identit\u00e9 en couleur et monochromes au format CR80 standard.<\/p>\n<p>Avec une garantie de deux ans sur l&#039;imprimante et la t\u00eate d&#039;impression, la ZC300 est la solution parfaite pour vos besoins en mati\u00e8re de cartes d&#039;identit\u00e9.<\/p>","protected":false},"featured_media":144310,"template":"","meta":{"_acf_changed":false},"product_brand":[],"product_cat":[3210],"product_tag":[3172,4863,3069,3185],"class_list":{"0":"post-53538","1":"product","2":"type-product","3":"status-publish","4":"has-post-thumbnail","6":"product_cat-zebra","7":"product_tag-dubbelsidig-dual-side","8":"product_tag-pf","9":"product_tag-trade-produkt","10":"product_tag-zebra","11":"product_shipping_class-tunga-paket","12":"pa_brands-zebra","13":"pa_fabrikat-kortskrivare-zebra","14":"tm-no-options","16":"first","17":"instock","18":"sale","19":"taxable","20":"shipping-taxable","21":"purchasable","22":"product-type-simple"},"acf":[],"_links":{"self":[{"href":"https:\/\/secureus.se\/fr\/wp-json\/wp\/v2\/product\/53538","targetHints":{"allow":["GET"]}}],"collection":[{"href":"https:\/\/secureus.se\/fr\/wp-json\/wp\/v2\/product"}],"about":[{"href":"https:\/\/secureus.se\/fr\/wp-json\/wp\/v2\/types\/product"}],"wp:featuredmedia":[{"embeddable":true,"href":"https:\/\/secureus.se\/fr\/wp-json\/wp\/v2\/media\/144310"}],"wp:attachment":[{"href":"https:\/\/secureus.se\/fr\/wp-json\/wp\/v2\/media?parent=53538"}],"wp:term":[{"taxonomy":"product_brand","embeddable":true,"href":"https:\/\/secureus.se\/fr\/wp-json\/wp\/v2\/product_brand?post=53538"},{"taxonomy":"product_cat","embeddable":true,"href":"https:\/\/secureus.se\/fr\/wp-json\/wp\/v2\/product_cat?post=53538"},{"taxonomy":"product_tag","embeddable":true,"href":"https:\/\/secureus.se\/fr\/wp-json\/wp\/v2\/product_tag?post=53538"}],"curies":[{"name":"wp","href":"https:\/\/api.w.org\/{rel}","templated":true}]}}