{"id":53561,"date":"2022-06-21T18:15:39","date_gmt":"2022-06-21T16:15:39","guid":{"rendered":"https:\/\/secureus.se\/produkt\/fargo-45615-ymckoko-half-panel-colour-ribbon-500-prints\/"},"modified":"2026-03-26T10:15:33","modified_gmt":"2026-03-26T09:15:33","slug":"ribbon-fargo-45615-ymckoko-half-panel-colour-ribbon-500-prints","status":"publish","type":"product","link":"https:\/\/secureus.se\/fr\/ribbon-fargo-45615-ymckoko-half-panel-colour-ribbon-500-prints\/","title":{"rendered":"Fargo 45615 YMCKOKO Ruban couleur demi-panneau (500 impressions)"},"content":{"rendered":"<p>Le Fargo 45615 est un ruban couleur demi-panneau YMCKOKO qui permet d&#039;imprimer la moiti\u00e9 d&#039;une carte avec des images de type photo, tandis que l&#039;autre moiti\u00e9 et le verso peuvent \u00eatre imprim\u00e9s avec du texte et\/ou des codes-barres clairs et d\u00e9taill\u00e9s. Le panneau de recouvrement suppl\u00e9mentaire signifie que les deux c\u00f4t\u00e9s de la carte peuvent \u00eatre s\u00e9curis\u00e9s avec un rev\u00eatement de protection transparent pour aider \u00e0 prot\u00e9ger la carte des abrasions et de l&#039;utilisation quotidienne.<\/p>\n<ul>\n<li>\n<p>500 tirages<\/p>\n<\/li>\n<li>\n<p>Ruban YMCKOKO (panneaux jaune, magenta, cyan, deux noirs et deux panneaux superpos\u00e9s)<\/p>\n<\/li>\n<li>\n<p>Compatible avec l&#039;imprimante de cartes Fargo DTC1500<\/p>\n<\/li>\n<\/ul>\n<p>\n <strong><br \/>\n Poids du produit :<br \/>\n 0,35 kg<br \/>\n <\/strong>\n <\/p>","protected":false},"excerpt":{"rendered":"<p>Ruban couleur \u2013 Ruban \u2013 Retransfert vers imprimante de cartes et imprimante de cartes plastiques<\/p>","protected":false},"featured_media":143747,"template":"","meta":{"_acf_changed":false},"product_brand":[],"product_cat":[3214,4843],"product_tag":[3201,4863,2921,3069],"class_list":{"0":"post-53561","1":"product","2":"type-product","3":"status-publish","4":"has-post-thumbnail","6":"product_cat-fargo-fargband-retransfer","7":"product_cat-dtc1500-band","8":"product_tag-fargo-tillbehor","9":"product_tag-pf","10":"product_tag-ribbon-ymck-farg","11":"product_tag-trade-produkt","12":"product_shipping_class-tunga-paket","13":"pa_brands-fargo","14":"pa_fargband-kortskrivare-fargo","15":"tm-has-options","17":"first","18":"outofstock","19":"sale","20":"taxable","21":"shipping-taxable","22":"purchasable","23":"product-type-simple"},"acf":[],"_links":{"self":[{"href":"https:\/\/secureus.se\/fr\/wp-json\/wp\/v2\/product\/53561","targetHints":{"allow":["GET"]}}],"collection":[{"href":"https:\/\/secureus.se\/fr\/wp-json\/wp\/v2\/product"}],"about":[{"href":"https:\/\/secureus.se\/fr\/wp-json\/wp\/v2\/types\/product"}],"wp:featuredmedia":[{"embeddable":true,"href":"https:\/\/secureus.se\/fr\/wp-json\/wp\/v2\/media\/143747"}],"wp:attachment":[{"href":"https:\/\/secureus.se\/fr\/wp-json\/wp\/v2\/media?parent=53561"}],"wp:term":[{"taxonomy":"product_brand","embeddable":true,"href":"https:\/\/secureus.se\/fr\/wp-json\/wp\/v2\/product_brand?post=53561"},{"taxonomy":"product_cat","embeddable":true,"href":"https:\/\/secureus.se\/fr\/wp-json\/wp\/v2\/product_cat?post=53561"},{"taxonomy":"product_tag","embeddable":true,"href":"https:\/\/secureus.se\/fr\/wp-json\/wp\/v2\/product_tag?post=53561"}],"curies":[{"name":"wp","href":"https:\/\/api.w.org\/{rel}","templated":true}]}}