{"id":53563,"date":"2022-06-21T18:15:26","date_gmt":"2022-06-21T16:15:26","guid":{"rendered":"https:\/\/secureus.se\/produkt\/fargo-45613-ymcko-half-panel-colour-ribbon-850-prints\/"},"modified":"2026-03-26T10:17:18","modified_gmt":"2026-03-26T09:17:18","slug":"ribbon-fargo-45613-ymcko-half-panel-colour-ribbon-850-prints","status":"publish","type":"product","link":"https:\/\/secureus.se\/fr\/ribbon-fargo-45613-ymcko-half-panel-colour-ribbon-850-prints\/","title":{"rendered":"Fargo 45613 YMCKO Ruban couleur demi-panneau (850 impressions)"},"content":{"rendered":"<p>Le Fargo 45613 est un ruban couleur demi-panneau YMCKO qui convient \u00e0 l&#039;impression en couleur sur une moiti\u00e9 d&#039;une carte tout en imprimant du texte noir et\/ou des codes-barres sur l&#039;autre moiti\u00e9. Ce ruban dispose \u00e9galement d&#039;un panneau de recouvrement transparent qui aide \u00e0 prot\u00e9ger les cartes d&#039;une utilisation quotidienne.<\/p>\n<ul>\n<li>\n<p>850 tirages<\/p>\n<\/li>\n<li>\n<p>Ruban YMCKO (panneaux jaune, magenta, cyan, noir et superposition)<\/p>\n<\/li>\n<li>\n<p>Compatible avec l&#039;imprimante de cartes Fargo DTC1500<\/p>\n<\/li>\n<\/ul>\n<p>\n <strong><br \/>\n Poids du produit :<br \/>\n 0,30kg<br \/>\n <\/strong>\n <\/p>","protected":false},"excerpt":{"rendered":"<p>Ruban couleur \u2013 Ruban \u2013 Retransfert vers imprimante de cartes et imprimante de cartes plastiques<\/p>","protected":false},"featured_media":143758,"template":"","meta":{"_acf_changed":false},"product_brand":[],"product_cat":[3214,4843],"product_tag":[3201,4863,2921,3069],"class_list":{"0":"post-53563","1":"product","2":"type-product","3":"status-publish","4":"has-post-thumbnail","6":"product_cat-fargo-fargband-retransfer","7":"product_cat-dtc1500-band","8":"product_tag-fargo-tillbehor","9":"product_tag-pf","10":"product_tag-ribbon-ymck-farg","11":"product_tag-trade-produkt","12":"product_shipping_class-tunga-paket","13":"pa_brands-fargo","14":"pa_fargband-kortskrivare-fargo","15":"tm-has-options","17":"first","18":"outofstock","19":"sale","20":"taxable","21":"shipping-taxable","22":"purchasable","23":"product-type-simple"},"acf":[],"_links":{"self":[{"href":"https:\/\/secureus.se\/fr\/wp-json\/wp\/v2\/product\/53563","targetHints":{"allow":["GET"]}}],"collection":[{"href":"https:\/\/secureus.se\/fr\/wp-json\/wp\/v2\/product"}],"about":[{"href":"https:\/\/secureus.se\/fr\/wp-json\/wp\/v2\/types\/product"}],"wp:featuredmedia":[{"embeddable":true,"href":"https:\/\/secureus.se\/fr\/wp-json\/wp\/v2\/media\/143758"}],"wp:attachment":[{"href":"https:\/\/secureus.se\/fr\/wp-json\/wp\/v2\/media?parent=53563"}],"wp:term":[{"taxonomy":"product_brand","embeddable":true,"href":"https:\/\/secureus.se\/fr\/wp-json\/wp\/v2\/product_brand?post=53563"},{"taxonomy":"product_cat","embeddable":true,"href":"https:\/\/secureus.se\/fr\/wp-json\/wp\/v2\/product_cat?post=53563"},{"taxonomy":"product_tag","embeddable":true,"href":"https:\/\/secureus.se\/fr\/wp-json\/wp\/v2\/product_tag?post=53563"}],"curies":[{"name":"wp","href":"https:\/\/api.w.org\/{rel}","templated":true}]}}