{"id":53566,"date":"2022-06-21T18:15:09","date_gmt":"2022-06-21T16:15:09","guid":{"rendered":"https:\/\/secureus.se\/produkt\/evolis-r2f010naa-ko-black-monochrome-ribbon-600-prints\/"},"modified":"2026-04-23T12:42:18","modified_gmt":"2026-04-23T10:42:18","slug":"ribbon-evolis-r2f010naa-ko-black-monochrome-ribbon-600-prints","status":"publish","type":"product","link":"https:\/\/secureus.se\/fr\/ribbon-evolis-r2f010naa-ko-black-monochrome-ribbon-600-prints\/","title":{"rendered":"Evolis KO \u2013 600 ruban, monochrome noir (600 tirages)"},"content":{"rendered":"<h1>Ruban<br \/>\n  Evolis KO \u2013 600, monochrome noir (600 tirages)<\/h1>\n<p>Le ruban Evolis KO \u2013 600, monochrome noir (600 tirages), est un<br \/>\n  Ruban adh\u00e9sif KO avec panneau noir et film protecteur. C&#039;est un bon choix lorsque vous<br \/>\n  N\u00e9cessite un texte clair, des codes-barres et une protection suppl\u00e9mentaire sur la surface de la carte.<\/p>\n<p>Convient aux cartes d&#039;identit\u00e9, cartes d&#039;acc\u00e8s, cartes de membre et autres.<br \/>\n  cartes en plastique o\u00f9 une qualit\u00e9 d&#039;impression et une fiabilit\u00e9 \u00e9lev\u00e9es sont<br \/>\n  important.<\/p>\n<ul>\n<li>Capacit\u00e9 : jusqu&#039;\u00e0 600 impressions<\/li>\n<li>Type de bande : KO<\/li>\n<li>Num\u00e9ro d&#039;article : R2F010NAA<\/li>\n<\/ul>\n<p><strong>Compatible avec Evolis Primacy<br \/>\n  seulement.<\/strong><\/p>\n<p><strong>Poids du produit :<\/strong> 0,35kg<\/p>","protected":false},"excerpt":{"rendered":"<p>Ruban couleur \u2013 Ruban \u2013 Retransfert vers imprimante de cartes et imprimante de cartes plastiques<\/p>","protected":false},"featured_media":144426,"template":"","meta":{"_acf_changed":false},"product_brand":[],"product_cat":[3213,4858],"product_tag":[3181,4863,2922,3069],"class_list":{"0":"post-53566","1":"product","2":"type-product","3":"status-publish","4":"has-post-thumbnail","6":"product_cat-evolis-fargband-retransfer","7":"product_cat-primacy","8":"product_tag-evolis-tillbehor","9":"product_tag-pf","10":"product_tag-ribbon-svart-black","11":"product_tag-trade-produkt","12":"product_shipping_class-tunga-paket","13":"pa_brands-evolis","14":"pa_fargband-kortskrivare-evolis","15":"tm-has-options","17":"first","18":"instock","19":"sale","20":"taxable","21":"shipping-taxable","22":"purchasable","23":"product-type-simple"},"acf":[],"_links":{"self":[{"href":"https:\/\/secureus.se\/fr\/wp-json\/wp\/v2\/product\/53566","targetHints":{"allow":["GET"]}}],"collection":[{"href":"https:\/\/secureus.se\/fr\/wp-json\/wp\/v2\/product"}],"about":[{"href":"https:\/\/secureus.se\/fr\/wp-json\/wp\/v2\/types\/product"}],"wp:featuredmedia":[{"embeddable":true,"href":"https:\/\/secureus.se\/fr\/wp-json\/wp\/v2\/media\/144426"}],"wp:attachment":[{"href":"https:\/\/secureus.se\/fr\/wp-json\/wp\/v2\/media?parent=53566"}],"wp:term":[{"taxonomy":"product_brand","embeddable":true,"href":"https:\/\/secureus.se\/fr\/wp-json\/wp\/v2\/product_brand?post=53566"},{"taxonomy":"product_cat","embeddable":true,"href":"https:\/\/secureus.se\/fr\/wp-json\/wp\/v2\/product_cat?post=53566"},{"taxonomy":"product_tag","embeddable":true,"href":"https:\/\/secureus.se\/fr\/wp-json\/wp\/v2\/product_tag?post=53566"}],"curies":[{"name":"wp","href":"https:\/\/api.w.org\/{rel}","templated":true}]}}