{"id":53569,"date":"2022-06-21T18:14:48","date_gmt":"2022-06-21T16:14:48","guid":{"rendered":"https:\/\/secureus.se\/produkt\/magicard-prima-836-retransfer-film-1000-prints\/"},"modified":"2026-04-21T15:24:29","modified_gmt":"2026-04-21T13:24:29","slug":"ribbon-magicard-prima-836-retransfer-film-1000-prints","status":"publish","type":"product","link":"https:\/\/secureus.se\/fr\/ribbon-magicard-prima-836-retransfer-film-1000-prints\/","title":{"rendered":"Film de retransfert Ribbon Magicard Prima 836 (1 000 impressions)"},"content":{"rendered":"<p>Le film retransfert Magicard Prima 836 est \u00e0 utiliser avec l&#039;imprimante retransfert Magicard Prima 8. Ce film de qualit\u00e9 exceptionnelle offre une couche de protection pour augmenter la durabilit\u00e9 de la carte contre les rayures, la d\u00e9coloration et les abrasions quotidiennes.<\/p>\n<ul>\n<li>1 000 impressions par rouleau<\/li>\n<li>Film de retransfert<\/li>\n<li>Compatible avec l&#039;imprimante de cartes Magicard Prima 8<\/li>\n<\/ul>\n<p>Num\u00e9ro de pi\u00e8ce du fabricant: PRIMA836<\/p>\n<p>\n <strong><br \/>\n Poids du produit :<br \/>\n 0,40kg<br \/>\n <\/strong>\n <\/p>","protected":false},"excerpt":{"rendered":"<p>Ruban couleur \u2013 Ruban \u2013 Retransfert vers imprimante de cartes et imprimante de cartes plastiques<\/p>","protected":false},"featured_media":143768,"template":"","meta":{"_acf_changed":false},"product_brand":[],"product_cat":[3216],"product_tag":[3182,4863,2923,3069],"class_list":{"0":"post-53569","1":"product","2":"type-product","3":"status-publish","4":"has-post-thumbnail","6":"product_cat-magicard-fargband-retransfer","7":"product_tag-magicard-tillbehor","8":"product_tag-pf","9":"product_tag-ribbon-retransfer","10":"product_tag-trade-produkt","11":"product_shipping_class-tunga-paket","12":"pa_brands-magicard","13":"pa_fargband-kortskrivare-magicard","14":"tm-has-options","16":"first","17":"instock","18":"sale","19":"taxable","20":"shipping-taxable","21":"purchasable","22":"product-type-simple"},"acf":[],"_links":{"self":[{"href":"https:\/\/secureus.se\/fr\/wp-json\/wp\/v2\/product\/53569","targetHints":{"allow":["GET"]}}],"collection":[{"href":"https:\/\/secureus.se\/fr\/wp-json\/wp\/v2\/product"}],"about":[{"href":"https:\/\/secureus.se\/fr\/wp-json\/wp\/v2\/types\/product"}],"wp:featuredmedia":[{"embeddable":true,"href":"https:\/\/secureus.se\/fr\/wp-json\/wp\/v2\/media\/143768"}],"wp:attachment":[{"href":"https:\/\/secureus.se\/fr\/wp-json\/wp\/v2\/media?parent=53569"}],"wp:term":[{"taxonomy":"product_brand","embeddable":true,"href":"https:\/\/secureus.se\/fr\/wp-json\/wp\/v2\/product_brand?post=53569"},{"taxonomy":"product_cat","embeddable":true,"href":"https:\/\/secureus.se\/fr\/wp-json\/wp\/v2\/product_cat?post=53569"},{"taxonomy":"product_tag","embeddable":true,"href":"https:\/\/secureus.se\/fr\/wp-json\/wp\/v2\/product_tag?post=53569"}],"curies":[{"name":"wp","href":"https:\/\/api.w.org\/{rel}","templated":true}]}}