{"id":53571,"date":"2022-06-21T18:14:42","date_gmt":"2022-06-21T16:14:42","guid":{"rendered":"https:\/\/secureus.se\/produkt\/magicard-prima-835-ymck-po-peel-off-ribbon-750-prints\/"},"modified":"2026-03-26T10:11:00","modified_gmt":"2026-03-26T09:11:00","slug":"ribbon-magicard-prima-835-ymck-po-peel-off-ribbon-750-prints","status":"publish","type":"product","link":"https:\/\/secureus.se\/fr\/ribbon-magicard-prima-835-ymck-po-peel-off-ribbon-750-prints\/","title":{"rendered":"Ruban d\u00e9collable Magicard Prima 835 YMCK-PO (750 impressions)"},"content":{"rendered":"<p>Le ruban pelable Magicard Prima 835 YMCKO-PO poss\u00e8de un panneau pelable qui s&#039;enl\u00e8ve pour laisser appara\u00eetre une zone non imprim\u00e9e. Cela garantit le bon fonctionnement des cartes \u00e0 bande magn\u00e9tique et \u00e0 panneau de signature. Les panneaux en couleur cr\u00e9ent des images semblables \u00e0 des photos tandis que la r\u00e9sine noire cr\u00e9e du texte et des codes-barres d\u00e9taill\u00e9s.<\/p>\n<ul>\n<li>750 impressions par rouleau<\/li>\n<li>Ruban YMCKO-PO (panneaux jaune, magenta, cyan, noir, superposition et d\u00e9collable)<\/li>\n<li>Compatible avec l&#039;imprimante de cartes Magicard Prima 8<\/li>\n<\/ul>\n<p>Num\u00e9ro de pi\u00e8ce du fabricant : PRIMA835<\/p>\n<p>\n <strong><br \/>\n Poids du produit :<br \/>\n 0,30kg<br \/>\n <\/strong>\n <\/p>","protected":false},"excerpt":{"rendered":"<p>Ruban couleur \u2013 Ruban \u2013 Retransfert vers imprimante de cartes et imprimante de cartes plastiques<\/p>","protected":false},"featured_media":143510,"template":"","meta":{"_acf_changed":false},"product_brand":[],"product_cat":[3216,4838],"product_tag":[3182,4863,2921,3069],"class_list":{"0":"post-53571","1":"product","2":"type-product","3":"status-publish","4":"has-post-thumbnail","6":"product_cat-magicard-fargband-retransfer","7":"product_cat-magicard-prima-band","8":"product_tag-magicard-tillbehor","9":"product_tag-pf","10":"product_tag-ribbon-ymck-farg","11":"product_tag-trade-produkt","12":"product_shipping_class-tunga-paket","13":"pa_brands-magicard","14":"pa_fargband-kortskrivare-magicard","15":"tm-has-options","17":"first","18":"outofstock","19":"sale","20":"taxable","21":"shipping-taxable","22":"purchasable","23":"product-type-simple"},"acf":[],"_links":{"self":[{"href":"https:\/\/secureus.se\/fr\/wp-json\/wp\/v2\/product\/53571","targetHints":{"allow":["GET"]}}],"collection":[{"href":"https:\/\/secureus.se\/fr\/wp-json\/wp\/v2\/product"}],"about":[{"href":"https:\/\/secureus.se\/fr\/wp-json\/wp\/v2\/types\/product"}],"wp:featuredmedia":[{"embeddable":true,"href":"https:\/\/secureus.se\/fr\/wp-json\/wp\/v2\/media\/143510"}],"wp:attachment":[{"href":"https:\/\/secureus.se\/fr\/wp-json\/wp\/v2\/media?parent=53571"}],"wp:term":[{"taxonomy":"product_brand","embeddable":true,"href":"https:\/\/secureus.se\/fr\/wp-json\/wp\/v2\/product_brand?post=53571"},{"taxonomy":"product_cat","embeddable":true,"href":"https:\/\/secureus.se\/fr\/wp-json\/wp\/v2\/product_cat?post=53571"},{"taxonomy":"product_tag","embeddable":true,"href":"https:\/\/secureus.se\/fr\/wp-json\/wp\/v2\/product_tag?post=53571"}],"curies":[{"name":"wp","href":"https:\/\/api.w.org\/{rel}","templated":true}]}}