{"id":53572,"date":"2022-06-21T18:14:36","date_gmt":"2022-06-21T16:14:36","guid":{"rendered":"https:\/\/secureus.se\/produkt\/magicard-prima-834-ymck-uv-colour-ribbon-750-prints\/"},"modified":"2026-05-06T09:52:15","modified_gmt":"2026-05-06T07:52:15","slug":"ribbon-magicard-prima-834-ymck-uv-colour-ribbon-750-prints","status":"publish","type":"product","link":"https:\/\/secureus.se\/fr\/ribbon-magicard-prima-834-ymck-uv-colour-ribbon-750-prints\/","title":{"rendered":"Carte Magicard \u00e0 ruban Prima 834 YMCK-UV (750 impressions)"},"content":{"rendered":"<h1>Ruban<br \/>\n  Magicard Prima YMCK \u2013 834 (750 impressions)<\/h1>\n<p>Le ruban Magicard Prima YMCK \u2013 834 (750 impressions) est un<br \/>\n  Ruban pour l&#039;impression de cartes plastiques avec des couleurs vives, un texte clair et une bonne qualit\u00e9<br \/>\n  Reproduction d\u00e9taill\u00e9e. Le ruban YMCK offre la combinaison correcte de panneaux de couleur pour<br \/>\n  Impression de cartes professionnelle.<\/p>\n<p>Convient aux cartes d&#039;identit\u00e9, cartes d&#039;acc\u00e8s, cartes de membre et autres.<br \/>\n  cartes plastiques pour lesquelles une qualit\u00e9 d&#039;impression et une fiabilit\u00e9 \u00e9lev\u00e9es sont importantes.<\/p>\n<ul>\n<li>Capacit\u00e9 : jusqu&#039;\u00e0 750 impressions<\/li>\n<li>Type de bande : YMCK<\/li>\n<li>Protection r\u00e9sistante aux UV<\/li>\n<li>Num\u00e9ro d&#039;article : PRIMA834<\/li>\n<\/ul>\n<p><strong>Compatible avec Magicard Prima<br \/>\n  8.<\/strong><\/p>\n<p><strong>Poids du produit :<\/strong> 0,30 kg<\/p>","protected":false},"excerpt":{"rendered":"<p>Ruban couleur \u2013 Ruban \u2013 Retransfert vers imprimante de cartes et imprimante de cartes plastiques<\/p>","protected":false},"featured_media":143779,"template":"","meta":{"_acf_changed":false},"product_brand":[],"product_cat":[3216,4838],"product_tag":[3182,4863,2921,3069],"class_list":{"0":"post-53572","1":"product","2":"type-product","3":"status-publish","4":"has-post-thumbnail","6":"product_cat-magicard-fargband-retransfer","7":"product_cat-magicard-prima-band","8":"product_tag-magicard-tillbehor","9":"product_tag-pf","10":"product_tag-ribbon-ymck-farg","11":"product_tag-trade-produkt","12":"product_shipping_class-tunga-paket","13":"pa_brands-magicard","14":"pa_fargband-kortskrivare-magicard","15":"tm-has-options","17":"first","18":"instock","19":"sale","20":"taxable","21":"shipping-taxable","22":"purchasable","23":"product-type-simple"},"acf":[],"_links":{"self":[{"href":"https:\/\/secureus.se\/fr\/wp-json\/wp\/v2\/product\/53572","targetHints":{"allow":["GET"]}}],"collection":[{"href":"https:\/\/secureus.se\/fr\/wp-json\/wp\/v2\/product"}],"about":[{"href":"https:\/\/secureus.se\/fr\/wp-json\/wp\/v2\/types\/product"}],"wp:featuredmedia":[{"embeddable":true,"href":"https:\/\/secureus.se\/fr\/wp-json\/wp\/v2\/media\/143779"}],"wp:attachment":[{"href":"https:\/\/secureus.se\/fr\/wp-json\/wp\/v2\/media?parent=53572"}],"wp:term":[{"taxonomy":"product_brand","embeddable":true,"href":"https:\/\/secureus.se\/fr\/wp-json\/wp\/v2\/product_brand?post=53572"},{"taxonomy":"product_cat","embeddable":true,"href":"https:\/\/secureus.se\/fr\/wp-json\/wp\/v2\/product_cat?post=53572"},{"taxonomy":"product_tag","embeddable":true,"href":"https:\/\/secureus.se\/fr\/wp-json\/wp\/v2\/product_tag?post=53572"}],"curies":[{"name":"wp","href":"https:\/\/api.w.org\/{rel}","templated":true}]}}