{"id":53576,"date":"2022-06-21T18:14:05","date_gmt":"2022-06-21T16:14:05","guid":{"rendered":"https:\/\/secureus.se\/produkt\/fargo-hdp5600-ymckh-full-colour-ribbon-with-resin-black-heat-seal-panel-084513-500-prints\/"},"modified":"2026-04-23T12:42:17","modified_gmt":"2026-04-23T10:42:17","slug":"ribbon-fargo-hdp5600-ymckh-full-colour-ribbon-with-resin-black-heat-seal-panel-084513-500-prints","status":"publish","type":"product","link":"https:\/\/secureus.se\/fr\/ribbon-fargo-hdp5600-ymckh-full-colour-ribbon-with-resin-black-heat-seal-panel-084513-500-prints\/","title":{"rendered":"Ruban Fargo YMCKH \u2013 HDP5600, couleur (500 impressions)"},"content":{"rendered":"<h1>Ruban<br \/>\n  Fargo YMCKH &#8211; HDP5600, fullf\u00e4rg (500 utskrifter)<\/h1>\n<p>F\u00e4rgband Fargo YMCKH &#8211; HDP5600, fullf\u00e4rg (500 utskrifter) \u00e4r ett<br \/>\n  Ruban pour l&#039;impression de cartes plastiques avec des couleurs vives, un texte clair et une bonne qualit\u00e9<br \/>\n  Le type de ruban YMCKH offre la combinaison correcte de panneaux de couleur pour<br \/>\n  Impression de cartes professionnelle.<\/p>\n<p>Convient aux cartes d&#039;identit\u00e9, cartes d&#039;acc\u00e8s, cartes de membre et autres.<br \/>\n  cartes plastiques pour lesquelles une qualit\u00e9 d&#039;impression et une fiabilit\u00e9 \u00e9lev\u00e9es sont importantes.<\/p>\n<ul>\n<li>Capacit\u00e9 : jusqu&#039;\u00e0 500 impressions<\/li>\n<li>Type de ruban : YMCKH<\/li>\n<li>Artikelnummer: 084513<\/li>\n<\/ul>\n<p><strong>Compatible avec Fargo<br \/>\n  HDP5600.<\/strong><\/p>\n<p><strong>Poids du produit :<\/strong> 0,25 kg<\/p>","protected":false},"excerpt":{"rendered":"<p>Ruban couleur \u2013 Ruban \u2013 Retransfert vers imprimante de cartes et imprimante de cartes plastiques<\/p>","protected":false},"featured_media":143811,"template":"","meta":{"_acf_changed":false},"product_brand":[],"product_cat":[3214],"product_tag":[3201,4863,2922,2921,3069],"class_list":{"0":"post-53576","1":"product","2":"type-product","3":"status-publish","4":"has-post-thumbnail","6":"product_cat-fargo-fargband-retransfer","7":"product_tag-fargo-tillbehor","8":"product_tag-pf","9":"product_tag-ribbon-svart-black","10":"product_tag-ribbon-ymck-farg","11":"product_tag-trade-produkt","12":"product_shipping_class-tunga-paket","13":"pa_brands-fargo","14":"pa_fargband-kortskrivare-fargo","15":"tm-has-options","17":"first","18":"outofstock","19":"sale","20":"taxable","21":"shipping-taxable","22":"purchasable","23":"product-type-simple"},"acf":[],"_links":{"self":[{"href":"https:\/\/secureus.se\/fr\/wp-json\/wp\/v2\/product\/53576","targetHints":{"allow":["GET"]}}],"collection":[{"href":"https:\/\/secureus.se\/fr\/wp-json\/wp\/v2\/product"}],"about":[{"href":"https:\/\/secureus.se\/fr\/wp-json\/wp\/v2\/types\/product"}],"wp:featuredmedia":[{"embeddable":true,"href":"https:\/\/secureus.se\/fr\/wp-json\/wp\/v2\/media\/143811"}],"wp:attachment":[{"href":"https:\/\/secureus.se\/fr\/wp-json\/wp\/v2\/media?parent=53576"}],"wp:term":[{"taxonomy":"product_brand","embeddable":true,"href":"https:\/\/secureus.se\/fr\/wp-json\/wp\/v2\/product_brand?post=53576"},{"taxonomy":"product_cat","embeddable":true,"href":"https:\/\/secureus.se\/fr\/wp-json\/wp\/v2\/product_cat?post=53576"},{"taxonomy":"product_tag","embeddable":true,"href":"https:\/\/secureus.se\/fr\/wp-json\/wp\/v2\/product_tag?post=53576"}],"curies":[{"name":"wp","href":"https:\/\/api.w.org\/{rel}","templated":true}]}}