{"id":53581,"date":"2022-06-21T18:13:40","date_gmt":"2022-06-21T16:13:40","guid":{"rendered":"https:\/\/secureus.se\/produkt\/fargo-dtc550-ymckok-full-colour-ribbon-086201-400-prints\/"},"modified":"2026-04-08T17:08:01","modified_gmt":"2026-04-08T15:08:01","slug":"ribbon-fargo-dtc550-ymckok-full-colour-ribbon-086201-400-prints","status":"publish","type":"product","link":"https:\/\/secureus.se\/fr\/ribbon-fargo-dtc550-ymckok-full-colour-ribbon-086201-400-prints\/","title":{"rendered":"Ruban Fargo YMCKOK \u2013 DTC550, couleur (400 impressions)"},"content":{"rendered":"<h1>Ruban<br \/>\n  Fargo YMCKOK \u2013 DTC550, couleur (400 tirages)<\/h1>\n<p>Le ruban Fargo YMCKOK \u2013 DTC550, en couleur (400 impressions), est un<br \/>\n  Ruban pour l&#039;impression de cartes plastiques avec des couleurs vives, un texte clair et une bonne qualit\u00e9<br \/>\n  Reproduction d\u00e9taill\u00e9e. Le ruban YMCKOK assure la combinaison correcte de panneaux de couleur et<br \/>\n  Couche de protection pour l&#039;impression professionnelle de cartes.<\/p>\n<p>Convient aux cartes d&#039;identit\u00e9, cartes d&#039;acc\u00e8s, cartes de membre et autres.<br \/>\n  cartes en plastique o\u00f9 une qualit\u00e9 d&#039;impression et une fiabilit\u00e9 \u00e9lev\u00e9es sont<br \/>\n  important.<\/p>\n<ul>\n<li>Capacit\u00e9 : jusqu&#039;\u00e0 400 impressions<\/li>\n<li>Type de groupe : YMCKOK<\/li>\n<li>Convient \u00e0 l&#039;impression de cartes recto verso<\/li>\n<li>Num\u00e9ro d&#039;article : 86201<\/li>\n<\/ul>\n<p><strong>Compatible avec Fargo<br \/>\n  DTC550.<\/strong><\/p>\n<p><strong>Poids du produit :<\/strong> 0,20kg<\/p>","protected":false},"excerpt":{"rendered":"<p>Ruban couleur \u2013 Ruban \u2013 Retransfert vers imprimante de cartes et imprimante de cartes plastiques<\/p>","protected":false},"featured_media":143523,"template":"","meta":{"_acf_changed":false},"product_brand":[],"product_cat":[3214,4847],"product_tag":[3201,4863,2921,3069],"class_list":{"0":"post-53581","1":"product","2":"type-product","3":"status-publish","4":"has-post-thumbnail","6":"product_cat-fargo-fargband-retransfer","7":"product_cat-dtc5500-band","8":"product_tag-fargo-tillbehor","9":"product_tag-pf","10":"product_tag-ribbon-ymck-farg","11":"product_tag-trade-produkt","12":"product_shipping_class-tunga-paket","13":"pa_brands-fargo","14":"pa_fargband-kortskrivare-fargo","15":"tm-has-options","17":"first","18":"outofstock","19":"sale","20":"taxable","21":"shipping-taxable","22":"purchasable","23":"product-type-simple"},"acf":[],"_links":{"self":[{"href":"https:\/\/secureus.se\/fr\/wp-json\/wp\/v2\/product\/53581","targetHints":{"allow":["GET"]}}],"collection":[{"href":"https:\/\/secureus.se\/fr\/wp-json\/wp\/v2\/product"}],"about":[{"href":"https:\/\/secureus.se\/fr\/wp-json\/wp\/v2\/types\/product"}],"wp:featuredmedia":[{"embeddable":true,"href":"https:\/\/secureus.se\/fr\/wp-json\/wp\/v2\/media\/143523"}],"wp:attachment":[{"href":"https:\/\/secureus.se\/fr\/wp-json\/wp\/v2\/media?parent=53581"}],"wp:term":[{"taxonomy":"product_brand","embeddable":true,"href":"https:\/\/secureus.se\/fr\/wp-json\/wp\/v2\/product_brand?post=53581"},{"taxonomy":"product_cat","embeddable":true,"href":"https:\/\/secureus.se\/fr\/wp-json\/wp\/v2\/product_cat?post=53581"},{"taxonomy":"product_tag","embeddable":true,"href":"https:\/\/secureus.se\/fr\/wp-json\/wp\/v2\/product_tag?post=53581"}],"curies":[{"name":"wp","href":"https:\/\/api.w.org\/{rel}","templated":true}]}}