{"id":53585,"date":"2022-06-21T18:13:17","date_gmt":"2022-06-21T16:13:17","guid":{"rendered":"https:\/\/secureus.se\/produkt\/hdp8500-standard-clear-film-084800-1500-images\/"},"modified":"2026-04-08T17:07:02","modified_gmt":"2026-04-08T15:07:02","slug":"ribbon-hdp8500-standard-clear-film-084800-1500-images","status":"publish","type":"product","link":"https:\/\/secureus.se\/fr\/ribbon-hdp8500-standard-clear-film-084800-1500-images\/","title":{"rendered":"HDP8500 (1500 images)"},"content":{"rendered":"<h1>HDP8500<br \/>\n  (1500 images)<\/h1>\n<p>Le film HDP8500 (1500 images) est un film de retransfert utilis\u00e9 pour fournir<br \/>\n  Les cartes en plastique pr\u00e9sentent une surface lisse, r\u00e9sistante et professionnelle. Le motif est imprim\u00e9 sur le film.<br \/>\n  et est ensuite transf\u00e9r\u00e9 sur la carte, qui offre un niveau de d\u00e9tail \u00e9lev\u00e9 et<br \/>\n  Impression bord \u00e0 bord.<\/p>\n<p>Un bon choix si vous souhaitez augmenter la dur\u00e9e de vie de vos cartes et les am\u00e9liorer.<br \/>\n  durabilit\u00e9 et r\u00e9sultat final plus professionnel. Utilis\u00e9s ensemble<br \/>\n  avec le ruban Fargo HDP pour offrir \u00e0 vos clients une carte de haute qualit\u00e9<br \/>\n  impressions.<\/p>\n<ul>\n<li>Capacit\u00e9 : jusqu&#039;\u00e0 1\u00a0500 impressions par rouleau<\/li>\n<li>Num\u00e9ro d&#039;article : 84800<\/li>\n<\/ul>\n<p><strong>Compatible avec Fargo<br \/>\n  HDP8500.<\/strong><\/p>\n<p><strong>Poids du produit :<\/strong> 0,25 kg<\/p>","protected":false},"excerpt":{"rendered":"<p>Ruban couleur \u2013 Ruban \u2013 Retransfert vers imprimante de cartes et imprimante de cartes plastiques<\/p>","protected":false},"featured_media":144459,"template":"","meta":{"_acf_changed":false},"product_brand":[],"product_cat":[3214,4853],"product_tag":[3201,4863,2924,3069],"class_list":{"0":"post-53585","1":"product","2":"type-product","3":"status-publish","4":"has-post-thumbnail","6":"product_cat-fargo-fargband-retransfer","7":"product_cat-hdp8500-band","8":"product_tag-fargo-tillbehor","9":"product_tag-pf","10":"product_tag-ribbon-clearfilm-hologram-ovrigt","11":"product_tag-trade-produkt","12":"product_shipping_class-tunga-paket","13":"pa_brands-idp","14":"pa_fargband-kortskrivare-idp","15":"tm-has-options","17":"first","18":"instock","19":"sale","20":"taxable","21":"shipping-taxable","22":"purchasable","23":"product-type-simple"},"acf":[],"_links":{"self":[{"href":"https:\/\/secureus.se\/fr\/wp-json\/wp\/v2\/product\/53585","targetHints":{"allow":["GET"]}}],"collection":[{"href":"https:\/\/secureus.se\/fr\/wp-json\/wp\/v2\/product"}],"about":[{"href":"https:\/\/secureus.se\/fr\/wp-json\/wp\/v2\/types\/product"}],"wp:featuredmedia":[{"embeddable":true,"href":"https:\/\/secureus.se\/fr\/wp-json\/wp\/v2\/media\/144459"}],"wp:attachment":[{"href":"https:\/\/secureus.se\/fr\/wp-json\/wp\/v2\/media?parent=53585"}],"wp:term":[{"taxonomy":"product_brand","embeddable":true,"href":"https:\/\/secureus.se\/fr\/wp-json\/wp\/v2\/product_brand?post=53585"},{"taxonomy":"product_cat","embeddable":true,"href":"https:\/\/secureus.se\/fr\/wp-json\/wp\/v2\/product_cat?post=53585"},{"taxonomy":"product_tag","embeddable":true,"href":"https:\/\/secureus.se\/fr\/wp-json\/wp\/v2\/product_tag?post=53585"}],"curies":[{"name":"wp","href":"https:\/\/api.w.org\/{rel}","templated":true}]}}