{"id":53598,"date":"2022-06-21T18:12:15","date_gmt":"2022-06-21T16:12:15","guid":{"rendered":"https:\/\/secureus.se\/produkt\/evolis-r7h006naa-half-panel-ymcko-colour-ribbon-250-prints\/"},"modified":"2026-04-23T12:44:57","modified_gmt":"2026-04-23T10:44:57","slug":"ribbon-evolis-r7h006naa-half-panel-ymcko-colour-ribbon-250-prints","status":"publish","type":"product","link":"https:\/\/secureus.se\/fr\/ribbon-evolis-r7h006naa-half-panel-ymcko-colour-ribbon-250-prints\/","title":{"rendered":"Ruban Evolis YMCKO \u2013 250, demi-panneau (250 tirages)"},"content":{"rendered":"<h1>Ruban<br \/>\n  Evolis YMCKO &#8211; 250, halvpanel (250 utskrifter)<\/h1>\n<p>F\u00e4rgband Evolis YMCKO &#8211; 250, halvpanel (250 utskrifter) \u00e4r ett<br \/>\n  Ruban pour l&#039;impression de cartes plastiques avec des couleurs vives, un texte clair et une bonne qualit\u00e9<br \/>\n  Reproduction d\u00e9taill\u00e9e. Le ruban YMCKOK assure la combinaison correcte de panneaux de couleur et<br \/>\n  Couche de protection pour l&#039;impression professionnelle de cartes.<\/p>\n<p>Convient aux cartes d&#039;identit\u00e9, cartes d&#039;acc\u00e8s, cartes de membre et autres.<br \/>\n  cartes en plastique o\u00f9 une qualit\u00e9 d&#039;impression et une fiabilit\u00e9 \u00e9lev\u00e9es sont<br \/>\n  important.<\/p>\n<ul>\n<li>Capacit\u00e9 : jusqu&#039;\u00e0 250 impressions<\/li>\n<li>Type de groupe : YMCKOK<\/li>\n<li>Convient \u00e0 l&#039;impression de cartes recto verso<\/li>\n<li>Artikelnummer: R7H006NAA<\/li>\n<\/ul>\n<p><strong>Poids du produit :<\/strong> 0,20kg<\/p>","protected":false},"excerpt":{"rendered":"<p>Ruban couleur \u2013 Ruban \u2013 Retransfert vers imprimante de cartes et imprimante de cartes plastiques<\/p>","protected":false},"featured_media":143653,"template":"","meta":{"_acf_changed":false},"product_brand":[],"product_cat":[3213],"product_tag":[3181,4863,2921,3069],"class_list":{"0":"post-53598","1":"product","2":"type-product","3":"status-publish","4":"has-post-thumbnail","6":"product_cat-evolis-fargband-retransfer","7":"product_tag-evolis-tillbehor","8":"product_tag-pf","9":"product_tag-ribbon-ymck-farg","10":"product_tag-trade-produkt","11":"product_shipping_class-tunga-paket","12":"pa_brands-evolis","13":"pa_fargband-kortskrivare-evolis","14":"tm-has-options","16":"first","17":"instock","18":"sale","19":"taxable","20":"shipping-taxable","21":"purchasable","22":"product-type-simple"},"acf":[],"_links":{"self":[{"href":"https:\/\/secureus.se\/fr\/wp-json\/wp\/v2\/product\/53598","targetHints":{"allow":["GET"]}}],"collection":[{"href":"https:\/\/secureus.se\/fr\/wp-json\/wp\/v2\/product"}],"about":[{"href":"https:\/\/secureus.se\/fr\/wp-json\/wp\/v2\/types\/product"}],"wp:featuredmedia":[{"embeddable":true,"href":"https:\/\/secureus.se\/fr\/wp-json\/wp\/v2\/media\/143653"}],"wp:attachment":[{"href":"https:\/\/secureus.se\/fr\/wp-json\/wp\/v2\/media?parent=53598"}],"wp:term":[{"taxonomy":"product_brand","embeddable":true,"href":"https:\/\/secureus.se\/fr\/wp-json\/wp\/v2\/product_brand?post=53598"},{"taxonomy":"product_cat","embeddable":true,"href":"https:\/\/secureus.se\/fr\/wp-json\/wp\/v2\/product_cat?post=53598"},{"taxonomy":"product_tag","embeddable":true,"href":"https:\/\/secureus.se\/fr\/wp-json\/wp\/v2\/product_tag?post=53598"}],"curies":[{"name":"wp","href":"https:\/\/api.w.org\/{rel}","templated":true}]}}