{"id":53606,"date":"2022-06-21T18:11:28","date_gmt":"2022-06-21T16:11:28","guid":{"rendered":"https:\/\/secureus.se\/produkt\/fargo-dtc550-ymcko-colour-ribbon-086200-500-prints\/"},"modified":"2026-03-26T10:18:31","modified_gmt":"2026-03-26T09:18:31","slug":"ribbon-fargo-dtc550-ymcko-colour-ribbon-086200-500-prints","status":"publish","type":"product","link":"https:\/\/secureus.se\/fr\/ribbon-fargo-dtc550-ymcko-colour-ribbon-086200-500-prints\/","title":{"rendered":"Ruban couleur Fargo DTC550 YMCKO, 086200 (500 impressions)"},"content":{"rendered":"<p>Le ruban couleur Fargo 86200 YMCKO est un ruban couleur \u00e0 cinq panneaux avec colorant en r\u00e9sine noire et stratifi\u00e9 de superposition, adapt\u00e9 aux imprimantes de cartes d&#039;identit\u00e9 Fargo DTC550. Ce ruban fournit jusqu&#039;\u00e0 500 images haute d\u00e9finition, des impressions de texte ultra nettes et des codes-barres lisibles sur des cartes plastiques vierges ou pr\u00e9-imprim\u00e9es.<\/p>\n<ul>\n<li>500 impressions couleur recto<\/li>\n<li>Ruban YMCKO (panneaux jaune, magenta, cyan, noir et superposition)<\/li>\n<li>Code fabricant : 86200<\/li>\n<\/ul>\n<p>Compatible avec l&#039;imprimante de cartes Fargo DTC550<\/p>\n<p>\n <strong><br \/>\n Poids du produit :<br \/>\n 0,20 kg<br \/>\n <\/strong>\n <\/p>","protected":false},"excerpt":{"rendered":"<p>Ruban couleur \u2013 Ruban \u2013 Retransfert vers imprimante de cartes et imprimante de cartes plastiques<\/p>","protected":false},"featured_media":144497,"template":"","meta":{"_acf_changed":false},"product_brand":[],"product_cat":[3214,4847],"product_tag":[3201,4863,2921,3069],"class_list":{"0":"post-53606","1":"product","2":"type-product","3":"status-publish","4":"has-post-thumbnail","6":"product_cat-fargo-fargband-retransfer","7":"product_cat-dtc5500-band","8":"product_tag-fargo-tillbehor","9":"product_tag-pf","10":"product_tag-ribbon-ymck-farg","11":"product_tag-trade-produkt","12":"product_shipping_class-tunga-paket","13":"pa_brands-fargo","14":"pa_fargband-kortskrivare-fargo","15":"tm-has-options","17":"first","18":"outofstock","19":"sale","20":"taxable","21":"shipping-taxable","22":"purchasable","23":"product-type-simple"},"acf":[],"_links":{"self":[{"href":"https:\/\/secureus.se\/fr\/wp-json\/wp\/v2\/product\/53606","targetHints":{"allow":["GET"]}}],"collection":[{"href":"https:\/\/secureus.se\/fr\/wp-json\/wp\/v2\/product"}],"about":[{"href":"https:\/\/secureus.se\/fr\/wp-json\/wp\/v2\/types\/product"}],"wp:featuredmedia":[{"embeddable":true,"href":"https:\/\/secureus.se\/fr\/wp-json\/wp\/v2\/media\/144497"}],"wp:attachment":[{"href":"https:\/\/secureus.se\/fr\/wp-json\/wp\/v2\/media?parent=53606"}],"wp:term":[{"taxonomy":"product_brand","embeddable":true,"href":"https:\/\/secureus.se\/fr\/wp-json\/wp\/v2\/product_brand?post=53606"},{"taxonomy":"product_cat","embeddable":true,"href":"https:\/\/secureus.se\/fr\/wp-json\/wp\/v2\/product_cat?post=53606"},{"taxonomy":"product_tag","embeddable":true,"href":"https:\/\/secureus.se\/fr\/wp-json\/wp\/v2\/product_tag?post=53606"}],"curies":[{"name":"wp","href":"https:\/\/api.w.org\/{rel}","templated":true}]}}