{"id":53617,"date":"2022-06-21T18:10:23","date_gmt":"2022-06-21T16:10:23","guid":{"rendered":"https:\/\/secureus.se\/produkt\/fargo-84060-premium-black-ribbon-3000-prints\/"},"modified":"2026-04-08T16:52:10","modified_gmt":"2026-04-08T14:52:10","slug":"ribbon-fargo-84060-premium-black-ribbon-3000-prints","status":"publish","type":"product","link":"https:\/\/secureus.se\/fr\/ribbon-fargo-84060-premium-black-ribbon-3000-prints\/","title":{"rendered":"Ruban Fargo \u2013 84060 (3000 impressions)"},"content":{"rendered":"<h1>Ruban<br \/>\n  Fargo &#8211; 84060 (3000 utskrifter)<\/h1>\n<p>F\u00e4rgband Fargo &#8211; 84060 (3000 utskrifter) \u00e4r ett svart monokromt<br \/>\n  rubans adapt\u00e9s aux textes clairs, aux graphiques lin\u00e9aires simples et \u00e0 la lisibilit\u00e9<br \/>\n  Codes-barres sur cartes plastiques.<\/p>\n<p>Convient aux cartes d&#039;identit\u00e9, cartes d&#039;acc\u00e8s, cartes de membre et autres.<br \/>\n  cartes en plastique o\u00f9 une qualit\u00e9 d&#039;impression et une fiabilit\u00e9 \u00e9lev\u00e9es sont<br \/>\n  important.<\/p>\n<ul>\n<li>Capacit\u00e9 : jusqu&#039;\u00e0 3 000 impressions<\/li>\n<li>Type de bracelet : Noir monochrome<\/li>\n<li>Convient \u00e0 l&#039;impression de cartes recto verso<\/li>\n<li>Artikelnummer: 84060<\/li>\n<\/ul>\n<p><strong>Compatible avec Fargo<br \/>\n  HDP5000.<\/strong><\/p>\n<p><strong>Poids du produit :<\/strong> 0,28 kg<\/p>","protected":false},"excerpt":{"rendered":"<p>Ruban couleur \u2013 Ruban \u2013 Retransfert vers imprimante de cartes et imprimante de cartes plastiques<\/p>","protected":false},"featured_media":143696,"template":"","meta":{"_acf_changed":false},"product_brand":[],"product_cat":[3214,4850],"product_tag":[3201,4863,2922,3069],"class_list":{"0":"post-53617","1":"product","2":"type-product","3":"status-publish","4":"has-post-thumbnail","6":"product_cat-fargo-fargband-retransfer","7":"product_cat-hdp5000-band","8":"product_tag-fargo-tillbehor","9":"product_tag-pf","10":"product_tag-ribbon-svart-black","11":"product_tag-trade-produkt","12":"product_shipping_class-tunga-paket","13":"pa_brands-fargo","14":"pa_fargband-kortskrivare-fargo","15":"tm-has-options","17":"first","18":"outofstock","19":"sale","20":"taxable","21":"shipping-taxable","22":"purchasable","23":"product-type-simple"},"acf":[],"_links":{"self":[{"href":"https:\/\/secureus.se\/fr\/wp-json\/wp\/v2\/product\/53617","targetHints":{"allow":["GET"]}}],"collection":[{"href":"https:\/\/secureus.se\/fr\/wp-json\/wp\/v2\/product"}],"about":[{"href":"https:\/\/secureus.se\/fr\/wp-json\/wp\/v2\/types\/product"}],"wp:featuredmedia":[{"embeddable":true,"href":"https:\/\/secureus.se\/fr\/wp-json\/wp\/v2\/media\/143696"}],"wp:attachment":[{"href":"https:\/\/secureus.se\/fr\/wp-json\/wp\/v2\/media?parent=53617"}],"wp:term":[{"taxonomy":"product_brand","embeddable":true,"href":"https:\/\/secureus.se\/fr\/wp-json\/wp\/v2\/product_brand?post=53617"},{"taxonomy":"product_cat","embeddable":true,"href":"https:\/\/secureus.se\/fr\/wp-json\/wp\/v2\/product_cat?post=53617"},{"taxonomy":"product_tag","embeddable":true,"href":"https:\/\/secureus.se\/fr\/wp-json\/wp\/v2\/product_tag?post=53617"}],"curies":[{"name":"wp","href":"https:\/\/api.w.org\/{rel}","templated":true}]}}