{"id":53626,"date":"2022-06-21T18:09:34","date_gmt":"2022-06-21T16:09:34","guid":{"rendered":"https:\/\/secureus.se\/produkt\/magicard-ma1000k-scratch-off-ribbon-1000-prints\/"},"modified":"2026-04-08T16:51:53","modified_gmt":"2026-04-08T14:51:53","slug":"ribbon-magicard-ma1000k-scratch-off-ribbon-1000-prints","status":"publish","type":"product","link":"https:\/\/secureus.se\/fr\/ribbon-magicard-ma1000k-scratch-off-ribbon-1000-prints\/","title":{"rendered":"Ruban Magicard \u2013 MA1000K- (1000 impressions)"},"content":{"rendered":"<h1>Ruban<br \/>\n  Magicard \u2013 MA1000K- (1000 exemplaires)<\/h1>\n<p>Le ruban Magicard \u2013 MA1000K- (1000 impressions) est un<br \/>\n  bande \u00e0 gratter utilis\u00e9e pour masquer les codes, les informations des cartes-cadeaux et<br \/>\n  d&#039;autres informations confidentielles sur des cartes en plastique. La surface peut \u00eatre facilement ray\u00e9e par<br \/>\n  l&#039;utilisateur final si n\u00e9cessaire.<\/p>\n<p>Particuli\u00e8rement adapt\u00e9 aux cartes-cadeaux, coupons et cartes o\u00f9 certains<br \/>\n  Les informations doivent \u00eatre dissimul\u00e9es jusqu&#039;\u00e0 leur utilisation. Le ruban est homologu\u00e9 ISEGA pour une utilisation directe.<br \/>\n  contact avec les aliments.<\/p>\n<ul>\n<li>Capacit\u00e9 : jusqu&#039;\u00e0 1 000 impressions<\/li>\n<li>ISEGA approuv\u00e9 pour le contact direct avec les aliments<\/li>\n<li>Num\u00e9ro d&#039;article : MA1000K-Scratch<\/li>\n<\/ul>\n<p><strong>Compatible avec Magicard Rio Pro, Rio Pro 360,<br \/>\n  Enduro, Pronto, Pronto100, Enduro3e, 300 et 600.<\/strong><\/p>\n<p><strong>Poids du produit :<\/strong> 0,10 kg<\/p>","protected":false},"excerpt":{"rendered":"<p>Ruban couleur \u2013 Ruban \u2013 Retransfert vers imprimante de cartes et imprimante de cartes plastiques<\/p>","protected":false},"featured_media":144504,"template":"","meta":{"_acf_changed":false},"product_brand":[],"product_cat":[3216,4829,4830,4836],"product_tag":[3182,4863,2924,3069],"class_list":{"0":"post-53626","1":"product","2":"type-product","3":"status-publish","4":"has-post-thumbnail","6":"product_cat-magicard-fargband-retransfer","7":"product_cat-magicard-300-band","8":"product_cat-magicard-600-band","9":"product_cat-magicard-pronto100-ribbons","10":"product_tag-magicard-tillbehor","11":"product_tag-pf","12":"product_tag-ribbon-clearfilm-hologram-ovrigt","13":"product_tag-trade-produkt","14":"product_shipping_class-tunga-paket","15":"pa_brands-magicard","16":"pa_fargband-kortskrivare-magicard","17":"tm-has-options","19":"first","20":"outofstock","21":"sale","22":"taxable","23":"shipping-taxable","24":"purchasable","25":"product-type-simple"},"acf":[],"_links":{"self":[{"href":"https:\/\/secureus.se\/fr\/wp-json\/wp\/v2\/product\/53626","targetHints":{"allow":["GET"]}}],"collection":[{"href":"https:\/\/secureus.se\/fr\/wp-json\/wp\/v2\/product"}],"about":[{"href":"https:\/\/secureus.se\/fr\/wp-json\/wp\/v2\/types\/product"}],"wp:featuredmedia":[{"embeddable":true,"href":"https:\/\/secureus.se\/fr\/wp-json\/wp\/v2\/media\/144504"}],"wp:attachment":[{"href":"https:\/\/secureus.se\/fr\/wp-json\/wp\/v2\/media?parent=53626"}],"wp:term":[{"taxonomy":"product_brand","embeddable":true,"href":"https:\/\/secureus.se\/fr\/wp-json\/wp\/v2\/product_brand?post=53626"},{"taxonomy":"product_cat","embeddable":true,"href":"https:\/\/secureus.se\/fr\/wp-json\/wp\/v2\/product_cat?post=53626"},{"taxonomy":"product_tag","embeddable":true,"href":"https:\/\/secureus.se\/fr\/wp-json\/wp\/v2\/product_tag?post=53626"}],"curies":[{"name":"wp","href":"https:\/\/api.w.org\/{rel}","templated":true}]}}