{"id":53628,"date":"2022-06-21T18:09:22","date_gmt":"2022-06-21T16:09:22","guid":{"rendered":"https:\/\/secureus.se\/produkt\/fargo-hdp5600-premium-black-k-ribbon-084518-3000-images\/"},"modified":"2026-04-23T12:45:23","modified_gmt":"2026-04-23T10:45:23","slug":"ribbon-fargo-hdp5600-premium-black-k-ribbon-084518-3000-images","status":"publish","type":"product","link":"https:\/\/secureus.se\/fr\/ribbon-fargo-hdp5600-premium-black-k-ribbon-084518-3000-images\/","title":{"rendered":"Ruban Fargo K \u2013 HDP5600 (3000 images)"},"content":{"rendered":"<h1>Ruban<br \/>\n  Fargo K &#8211; HDP5600 (3000 bilder)<\/h1>\n<p>F\u00e4rgband Fargo K &#8211; HDP5600 (3000 bilder) \u00e4r ett svart monokromt<br \/>\n  rubans adapt\u00e9s aux textes clairs, aux graphiques lin\u00e9aires simples et \u00e0 la lisibilit\u00e9<br \/>\n  Codes-barres sur cartes plastiques.<\/p>\n<p>Convient aux cartes d&#039;identit\u00e9, cartes d&#039;acc\u00e8s, cartes de membre et autres.<br \/>\n  cartes en plastique o\u00f9 une qualit\u00e9 d&#039;impression et une fiabilit\u00e9 \u00e9lev\u00e9es sont<br \/>\n  important.<\/p>\n<ul>\n<li>Capacit\u00e9 : jusqu&#039;\u00e0 3 000 impressions<\/li>\n<li>Type de bracelet : Noir monochrome<\/li>\n<li>Artikelnummer: 084518<\/li>\n<\/ul>\n<p><strong>Kompatibel med the.<\/strong><\/p>\n<p><strong>Poids du produit :<\/strong> 0,20kg<\/p>","protected":false},"excerpt":{"rendered":"<p>Ruban couleur \u2013 Ruban \u2013 Retransfert vers imprimante de cartes et imprimante de cartes plastiques<\/p>","protected":false},"featured_media":144526,"template":"","meta":{"_acf_changed":false},"product_brand":[],"product_cat":[3214],"product_tag":[3201,4863,2922,3069],"class_list":{"0":"post-53628","1":"product","2":"type-product","3":"status-publish","4":"has-post-thumbnail","6":"product_cat-fargo-fargband-retransfer","7":"product_tag-fargo-tillbehor","8":"product_tag-pf","9":"product_tag-ribbon-svart-black","10":"product_tag-trade-produkt","11":"product_shipping_class-tunga-paket","12":"pa_brands-fargo","13":"pa_fargband-kortskrivare-fargo","14":"tm-has-options","16":"first","17":"instock","18":"sale","19":"taxable","20":"shipping-taxable","21":"purchasable","22":"product-type-simple"},"acf":[],"_links":{"self":[{"href":"https:\/\/secureus.se\/fr\/wp-json\/wp\/v2\/product\/53628","targetHints":{"allow":["GET"]}}],"collection":[{"href":"https:\/\/secureus.se\/fr\/wp-json\/wp\/v2\/product"}],"about":[{"href":"https:\/\/secureus.se\/fr\/wp-json\/wp\/v2\/types\/product"}],"wp:featuredmedia":[{"embeddable":true,"href":"https:\/\/secureus.se\/fr\/wp-json\/wp\/v2\/media\/144526"}],"wp:attachment":[{"href":"https:\/\/secureus.se\/fr\/wp-json\/wp\/v2\/media?parent=53628"}],"wp:term":[{"taxonomy":"product_brand","embeddable":true,"href":"https:\/\/secureus.se\/fr\/wp-json\/wp\/v2\/product_brand?post=53628"},{"taxonomy":"product_cat","embeddable":true,"href":"https:\/\/secureus.se\/fr\/wp-json\/wp\/v2\/product_cat?post=53628"},{"taxonomy":"product_tag","embeddable":true,"href":"https:\/\/secureus.se\/fr\/wp-json\/wp\/v2\/product_tag?post=53628"}],"curies":[{"name":"wp","href":"https:\/\/api.w.org\/{rel}","templated":true}]}}