{"id":53629,"date":"2022-06-21T18:09:15","date_gmt":"2022-06-21T16:09:15","guid":{"rendered":"https:\/\/secureus.se\/produkt\/fargo-44201-premium-black-ribbon-1000-prints\/"},"modified":"2025-10-21T12:30:12","modified_gmt":"2025-10-21T10:30:12","slug":"ribbon-fargo-44201-premium-black-ribbon-1000-prints","status":"publish","type":"product","link":"https:\/\/secureus.se\/fr\/ribbon-fargo-44201-premium-black-ribbon-1000-prints\/","title":{"rendered":"Fargo 44201 Ruban noir premium (1000 impressions)"},"content":{"rendered":"<p>Le ruban noir Premium Fargo 44201 est id\u00e9al pour imprimer des arts sur une seule ligne, des impressions de texte nettes et des codes-barres lisibles sur les cartes en plastique pr\u00e9-imprim\u00e9es de vos clients ou sur des papiers cartonn\u00e9s vierges de couleur. Ce colorant en r\u00e9sine monochrome de qualit\u00e9 sup\u00e9rieure a la capacit\u00e9 de produire jusqu&#039;\u00e0 1 000 impressions de cartes solides.<\/p>\n<ul>\n<li>1 000 impressions monochromes recto<\/li>\n<li>Ruban colorant en r\u00e9sine noire<\/li>\n<li>Cassette \u00e0 ruban avec rouleau de nettoyage<\/li>\n<\/ul>\n<p>Compatible avec les imprimantes de cartes Fargo DTC300, C30 et M30<\/p>\n<p>\n <strong><br \/>\n Poids du produit :<br \/>\n 0,23kg<br \/>\n <\/strong>\n <\/p>","protected":false},"excerpt":{"rendered":"<p>Ruban couleur \u2013 Ruban \u2013 Retransfert vers imprimante de cartes et imprimante de cartes plastiques<\/p>","protected":false},"featured_media":144535,"template":"","meta":{"_acf_changed":false},"product_brand":[],"product_cat":[3214],"product_tag":[3201,4863,2922,3069],"class_list":{"0":"post-53629","1":"product","2":"type-product","3":"status-publish","4":"has-post-thumbnail","6":"product_cat-fargo-fargband-retransfer","7":"product_tag-fargo-tillbehor","8":"product_tag-pf","9":"product_tag-ribbon-svart-black","10":"product_tag-trade-produkt","11":"product_shipping_class-tunga-paket","12":"pa_brands-fargo","13":"pa_fargband-kortskrivare-fargo","14":"tm-has-options","16":"first","17":"instock","18":"sale","19":"taxable","20":"shipping-taxable","21":"purchasable","22":"product-type-simple"},"acf":[],"_links":{"self":[{"href":"https:\/\/secureus.se\/fr\/wp-json\/wp\/v2\/product\/53629","targetHints":{"allow":["GET"]}}],"collection":[{"href":"https:\/\/secureus.se\/fr\/wp-json\/wp\/v2\/product"}],"about":[{"href":"https:\/\/secureus.se\/fr\/wp-json\/wp\/v2\/types\/product"}],"wp:featuredmedia":[{"embeddable":true,"href":"https:\/\/secureus.se\/fr\/wp-json\/wp\/v2\/media\/144535"}],"wp:attachment":[{"href":"https:\/\/secureus.se\/fr\/wp-json\/wp\/v2\/media?parent=53629"}],"wp:term":[{"taxonomy":"product_brand","embeddable":true,"href":"https:\/\/secureus.se\/fr\/wp-json\/wp\/v2\/product_brand?post=53629"},{"taxonomy":"product_cat","embeddable":true,"href":"https:\/\/secureus.se\/fr\/wp-json\/wp\/v2\/product_cat?post=53629"},{"taxonomy":"product_tag","embeddable":true,"href":"https:\/\/secureus.se\/fr\/wp-json\/wp\/v2\/product_tag?post=53629"}],"curies":[{"name":"wp","href":"https:\/\/api.w.org\/{rel}","templated":true}]}}