{"id":53630,"date":"2022-06-21T18:09:09","date_gmt":"2022-06-21T16:09:09","guid":{"rendered":"https:\/\/secureus.se\/produkt\/fargo-hdp8500-ymck-full-colour-ribbon-with-black-resin-panel-500-images-084811-500-images\/"},"modified":"2026-04-23T12:45:44","modified_gmt":"2026-04-23T10:45:44","slug":"ribbon-fargo-hdp8500-ymck-full-colour-ribbon-with-black-resin-panel-500-images-084811-500-images","status":"publish","type":"product","link":"https:\/\/secureus.se\/fr\/ribbon-fargo-hdp8500-ymck-full-colour-ribbon-with-black-resin-panel-500-images-084811-500-images\/","title":{"rendered":"Ruban Fargo YMCK \u2013 HDP8500, couleur (500 images)"},"content":{"rendered":"<h1>Ruban<br \/>\n  Fargo YMCK \u2013 HDP8500, couleur (500 images)<\/h1>\n<p>Le ruban Fargo YMCK \u2013 HDP8500, en couleur (500 images), est un<br \/>\n  Ruban pour l&#039;impression de cartes plastiques avec des couleurs vives, un texte clair et une bonne qualit\u00e9<br \/>\n  Reproduction d\u00e9taill\u00e9e. Le ruban YMCK offre la combinaison correcte de panneaux de couleur pour<br \/>\n  Impression de cartes professionnelle.<\/p>\n<p>Convient aux cartes d&#039;identit\u00e9, cartes d&#039;acc\u00e8s, cartes de membre et autres.<br \/>\n  cartes plastiques pour lesquelles une qualit\u00e9 d&#039;impression et une fiabilit\u00e9 \u00e9lev\u00e9es sont importantes.<\/p>\n<ul>\n<li>Capacit\u00e9 : jusqu&#039;\u00e0 8 500 impressions<\/li>\n<li>Type de bande : YMCK<\/li>\n<li>Num\u00e9ro d&#039;article : 84811<\/li>\n<\/ul>\n<p><strong>Compatible avec Fargo<br \/>\n  HDP8500.<\/strong><\/p>\n<p><strong>Poids du produit :<\/strong> 0,22 kg<\/p>","protected":false},"excerpt":{"rendered":"<p>Ruban couleur \u2013 Ruban \u2013 Retransfert vers imprimante de cartes et imprimante de cartes plastiques<\/p>","protected":false},"featured_media":144543,"template":"","meta":{"_acf_changed":false},"product_brand":[],"product_cat":[3214,4853],"product_tag":[3201,4863,2922,2921,3069],"class_list":{"0":"post-53630","1":"product","2":"type-product","3":"status-publish","4":"has-post-thumbnail","6":"product_cat-fargo-fargband-retransfer","7":"product_cat-hdp8500-band","8":"product_tag-fargo-tillbehor","9":"product_tag-pf","10":"product_tag-ribbon-svart-black","11":"product_tag-ribbon-ymck-farg","12":"product_tag-trade-produkt","13":"product_shipping_class-tunga-paket","14":"pa_brands-fargo","15":"pa_fargband-kortskrivare-fargo","16":"tm-has-options","18":"first","19":"instock","20":"sale","21":"taxable","22":"shipping-taxable","23":"purchasable","24":"product-type-simple"},"acf":[],"_links":{"self":[{"href":"https:\/\/secureus.se\/fr\/wp-json\/wp\/v2\/product\/53630","targetHints":{"allow":["GET"]}}],"collection":[{"href":"https:\/\/secureus.se\/fr\/wp-json\/wp\/v2\/product"}],"about":[{"href":"https:\/\/secureus.se\/fr\/wp-json\/wp\/v2\/types\/product"}],"wp:featuredmedia":[{"embeddable":true,"href":"https:\/\/secureus.se\/fr\/wp-json\/wp\/v2\/media\/144543"}],"wp:attachment":[{"href":"https:\/\/secureus.se\/fr\/wp-json\/wp\/v2\/media?parent=53630"}],"wp:term":[{"taxonomy":"product_brand","embeddable":true,"href":"https:\/\/secureus.se\/fr\/wp-json\/wp\/v2\/product_brand?post=53630"},{"taxonomy":"product_cat","embeddable":true,"href":"https:\/\/secureus.se\/fr\/wp-json\/wp\/v2\/product_cat?post=53630"},{"taxonomy":"product_tag","embeddable":true,"href":"https:\/\/secureus.se\/fr\/wp-json\/wp\/v2\/product_tag?post=53630"}],"curies":[{"name":"wp","href":"https:\/\/api.w.org\/{rel}","templated":true}]}}