{"id":53632,"date":"2022-06-21T18:09:02","date_gmt":"2022-06-21T16:09:02","guid":{"rendered":"https:\/\/secureus.se\/produkt\/evolis-r3511-ymcko-colour-ribbon-500-prints\/"},"modified":"2026-04-08T17:04:23","modified_gmt":"2026-04-08T15:04:23","slug":"ribbon-evolis-r3511-ymcko-colour-ribbon-500-prints","status":"publish","type":"product","link":"https:\/\/secureus.se\/fr\/ribbon-evolis-r3511-ymcko-colour-ribbon-500-prints\/","title":{"rendered":"Ruban Evolis YMCKO \u2013 R3511 (500 tirages)"},"content":{"rendered":"<h1>Ruban<br \/>\n  Evolis YMCKO \u2013 R3511 (500 tirages)<\/h1>\n<p>Le ruban Evolis YMCKO \u2013 R3511 (500 impressions) est un ruban encreur pour<br \/>\n  impression de cartes plastiques aux couleurs vives, texte clair et de bonne qualit\u00e9<br \/>\n  Reproduction d\u00e9taill\u00e9e. Le ruban YMCKO assure la combinaison correcte de panneaux de couleur et<br \/>\n  Couche de protection pour l&#039;impression professionnelle de cartes.<\/p>\n<p>Convient aux cartes d&#039;identit\u00e9, cartes d&#039;acc\u00e8s, cartes de membre et autres.<br \/>\n  cartes plastiques pour lesquelles une qualit\u00e9 d&#039;impression et une fiabilit\u00e9 \u00e9lev\u00e9es sont importantes.<\/p>\n<ul>\n<li>Capacit\u00e9 : jusqu&#039;\u00e0 500 impressions<\/li>\n<li>Type de ruban : YMCKO<\/li>\n<li>Num\u00e9ro d&#039;article : R3511<\/li>\n<\/ul>\n<p><strong>Compatible avec Evolis Tattoo, Pebble, Dualys,<br \/>\n  Quantum et s\u00e9curit\u00e9.<\/strong><\/p>\n<p><strong>Poids du produit :<\/strong> 0,29 kg<\/p>","protected":false},"excerpt":{"rendered":"<p>Ruban couleur \u2013 Ruban \u2013 Retransfert vers imprimante de cartes et imprimante de cartes plastiques<\/p>","protected":false},"featured_media":143711,"template":"","meta":{"_acf_changed":false},"product_brand":[],"product_cat":[3213,4860],"product_tag":[3181,4863,2921,3069],"class_list":{"0":"post-53632","1":"product","2":"type-product","3":"status-publish","4":"has-post-thumbnail","6":"product_cat-evolis-fargband-retransfer","7":"product_cat-quantum","8":"product_tag-evolis-tillbehor","9":"product_tag-pf","10":"product_tag-ribbon-ymck-farg","11":"product_tag-trade-produkt","12":"product_shipping_class-tunga-paket","13":"pa_brands-evolis","14":"pa_fargband-kortskrivare-evolis","15":"tm-has-options","17":"first","18":"instock","19":"sale","20":"taxable","21":"shipping-taxable","22":"purchasable","23":"product-type-simple"},"acf":[],"_links":{"self":[{"href":"https:\/\/secureus.se\/fr\/wp-json\/wp\/v2\/product\/53632","targetHints":{"allow":["GET"]}}],"collection":[{"href":"https:\/\/secureus.se\/fr\/wp-json\/wp\/v2\/product"}],"about":[{"href":"https:\/\/secureus.se\/fr\/wp-json\/wp\/v2\/types\/product"}],"wp:featuredmedia":[{"embeddable":true,"href":"https:\/\/secureus.se\/fr\/wp-json\/wp\/v2\/media\/143711"}],"wp:attachment":[{"href":"https:\/\/secureus.se\/fr\/wp-json\/wp\/v2\/media?parent=53632"}],"wp:term":[{"taxonomy":"product_brand","embeddable":true,"href":"https:\/\/secureus.se\/fr\/wp-json\/wp\/v2\/product_brand?post=53632"},{"taxonomy":"product_cat","embeddable":true,"href":"https:\/\/secureus.se\/fr\/wp-json\/wp\/v2\/product_cat?post=53632"},{"taxonomy":"product_tag","embeddable":true,"href":"https:\/\/secureus.se\/fr\/wp-json\/wp\/v2\/product_tag?post=53632"}],"curies":[{"name":"wp","href":"https:\/\/api.w.org\/{rel}","templated":true}]}}