{"id":53633,"date":"2022-06-21T18:08:57","date_gmt":"2022-06-21T16:08:57","guid":{"rendered":"https:\/\/secureus.se\/produkt\/magicard-prima-831-ymck-ribbon-retransfer-film-set-1000-prints\/"},"modified":"2026-03-26T10:13:33","modified_gmt":"2026-03-26T09:13:33","slug":"ribbon-magicard-prima-831-ymck-ribbon-retransfer-film-set-1000-prints","status":"publish","type":"product","link":"https:\/\/secureus.se\/fr\/ribbon-magicard-prima-831-ymck-ribbon-retransfer-film-set-1000-prints\/","title":{"rendered":"Magicard Prima 831 YMCK Ensemble de ruban et film de retransfert (1 000 impressions)"},"content":{"rendered":"<p>L&#039;ensemble ruban et film retransfert Magicard Prima 831 YMCK est \u00e0 utiliser avec l&#039;imprimante retransfert Magicard Prima 8. Le ruban YMCK de haute qualit\u00e9 produit des images d&#039;une r\u00e9solution photo exceptionnelle tandis que le film de retransfert fournit une couche de protection pour augmenter la durabilit\u00e9 de la carte contre les abrasions quotidiennes.<\/p>\n<ul>\n<li>1 000 impressions par rouleau<\/li>\n<li>Ruban YMCK (panneaux jaune, magenta, cyan et noir)<\/li>\n<li>Compatible avec l&#039;imprimante de cartes Magicard Prima 8<\/li>\n<\/ul>\n<p>Num\u00e9ro de pi\u00e8ce du fabricant: PRIMA831<\/p>\n<p>\n <strong><br \/>\n Poids du produit :<br \/>\n 0,60kg<br \/>\n <\/strong>\n <\/p>","protected":false},"excerpt":{"rendered":"<p>Ruban couleur \u2013 Ruban \u2013 Retransfert vers imprimante de cartes et imprimante de cartes plastiques<\/p>","protected":false},"featured_media":143598,"template":"","meta":{"_acf_changed":false},"product_brand":[],"product_cat":[3216,4838],"product_tag":[3182,4863,2923,2921,3069],"class_list":{"0":"post-53633","1":"product","2":"type-product","3":"status-publish","4":"has-post-thumbnail","6":"product_cat-magicard-fargband-retransfer","7":"product_cat-magicard-prima-band","8":"product_tag-magicard-tillbehor","9":"product_tag-pf","10":"product_tag-ribbon-retransfer","11":"product_tag-ribbon-ymck-farg","12":"product_tag-trade-produkt","13":"product_shipping_class-tunga-paket","14":"pa_brands-magicard","15":"pa_fargband-kortskrivare-magicard","16":"tm-has-options","18":"first","19":"instock","20":"sale","21":"taxable","22":"shipping-taxable","23":"purchasable","24":"product-type-simple"},"acf":[],"_links":{"self":[{"href":"https:\/\/secureus.se\/fr\/wp-json\/wp\/v2\/product\/53633","targetHints":{"allow":["GET"]}}],"collection":[{"href":"https:\/\/secureus.se\/fr\/wp-json\/wp\/v2\/product"}],"about":[{"href":"https:\/\/secureus.se\/fr\/wp-json\/wp\/v2\/types\/product"}],"wp:featuredmedia":[{"embeddable":true,"href":"https:\/\/secureus.se\/fr\/wp-json\/wp\/v2\/media\/143598"}],"wp:attachment":[{"href":"https:\/\/secureus.se\/fr\/wp-json\/wp\/v2\/media?parent=53633"}],"wp:term":[{"taxonomy":"product_brand","embeddable":true,"href":"https:\/\/secureus.se\/fr\/wp-json\/wp\/v2\/product_brand?post=53633"},{"taxonomy":"product_cat","embeddable":true,"href":"https:\/\/secureus.se\/fr\/wp-json\/wp\/v2\/product_cat?post=53633"},{"taxonomy":"product_tag","embeddable":true,"href":"https:\/\/secureus.se\/fr\/wp-json\/wp\/v2\/product_tag?post=53633"}],"curies":[{"name":"wp","href":"https:\/\/api.w.org\/{rel}","templated":true}]}}