{"id":53634,"date":"2022-06-21T18:08:49","date_gmt":"2022-06-21T16:08:49","guid":{"rendered":"https:\/\/secureus.se\/produkt\/magicard-prima-433-ymckk-colour-ribbon-750-prints\/"},"modified":"2026-04-23T12:48:29","modified_gmt":"2026-04-23T10:48:29","slug":"ribbon-magicard-prima-433-ymckk-colour-ribbon-750-prints","status":"publish","type":"product","link":"https:\/\/secureus.se\/fr\/ribbon-magicard-prima-433-ymckk-colour-ribbon-750-prints\/","title":{"rendered":"Ruban Magicard Prima YMCKK \u2013 433 (750 impressions)"},"content":{"rendered":"<h1>Ruban<br \/>\n  Magicard Prima YMCKK \u2013 433 (750 impressions)<\/h1>\n<p>Le ruban Magicard Prima YMCKK \u2013 433 (750 impressions) est un<br \/>\n  Kit complet avec ruban et film de retransfert pour l&#039;impression de cartes haute r\u00e9solution.<br \/>\n  Cette combinaison offre des couleurs vives, un texte net et une couche protectrice qui rend<br \/>\n  les cartes sont plus r\u00e9sistantes \u00e0 l&#039;usage quotidien.<\/p>\n<p>Un bon choix si vous souhaitez augmenter la dur\u00e9e de vie de vos cartes et les am\u00e9liorer.<br \/>\n  durabilit\u00e9 et r\u00e9sultat final plus professionnel. Utilis\u00e9s ensemble<br \/>\n  avec des films de retransfert Magicard authentiques.<\/p>\n<ul>\n<li>Capacit\u00e9 : jusqu&#039;\u00e0 750 impressions par rouleau<\/li>\n<li>Type de ruban : YMCKK<\/li>\n<li>Rouleau de nettoyage inclus<\/li>\n<li>Produit original<\/li>\n<\/ul>\n<p><strong>Compatible avec la carte Magicard Prima 433 YMCKK couleur<br \/>\n  Ribbon est un ruban \u00e0 cinq panneaux en couleur avec deux jeux de teinture \u00e0 la r\u00e9sine noire pour<br \/>\n  Impression recto verso de textes, d&#039;images et de codes-barres lisibles. Ce kit est<br \/>\n  compatible avec les imprimantes de cartes plastiques Magicard Prima 4 et doit \u00eatre utilis\u00e9 dans<br \/>\n  conjonction avec un v\u00e9ritable transfert Magicard<br \/>\n  films.<\/strong><\/p>\n<p><strong>Poids du produit :<\/strong> 0,29 kg<\/p>","protected":false},"excerpt":{"rendered":"<p>Ruban couleur \u2013 Ruban \u2013 Retransfert vers imprimante de cartes et imprimante de cartes plastiques<\/p>","protected":false},"featured_media":144138,"template":"","meta":{"_acf_changed":false},"product_brand":[],"product_cat":[3216,4838],"product_tag":[3182,4863,2921,3069],"class_list":{"0":"post-53634","1":"product","2":"type-product","3":"status-publish","4":"has-post-thumbnail","6":"product_cat-magicard-fargband-retransfer","7":"product_cat-magicard-prima-band","8":"product_tag-magicard-tillbehor","9":"product_tag-pf","10":"product_tag-ribbon-ymck-farg","11":"product_tag-trade-produkt","12":"product_shipping_class-tunga-paket","13":"pa_brands-magicard","14":"pa_fargband-kortskrivare-magicard","15":"tm-has-options","17":"first","18":"instock","19":"sale","20":"taxable","21":"shipping-taxable","22":"purchasable","23":"product-type-simple"},"acf":[],"_links":{"self":[{"href":"https:\/\/secureus.se\/fr\/wp-json\/wp\/v2\/product\/53634","targetHints":{"allow":["GET"]}}],"collection":[{"href":"https:\/\/secureus.se\/fr\/wp-json\/wp\/v2\/product"}],"about":[{"href":"https:\/\/secureus.se\/fr\/wp-json\/wp\/v2\/types\/product"}],"wp:featuredmedia":[{"embeddable":true,"href":"https:\/\/secureus.se\/fr\/wp-json\/wp\/v2\/media\/144138"}],"wp:attachment":[{"href":"https:\/\/secureus.se\/fr\/wp-json\/wp\/v2\/media?parent=53634"}],"wp:term":[{"taxonomy":"product_brand","embeddable":true,"href":"https:\/\/secureus.se\/fr\/wp-json\/wp\/v2\/product_brand?post=53634"},{"taxonomy":"product_cat","embeddable":true,"href":"https:\/\/secureus.se\/fr\/wp-json\/wp\/v2\/product_cat?post=53634"},{"taxonomy":"product_tag","embeddable":true,"href":"https:\/\/secureus.se\/fr\/wp-json\/wp\/v2\/product_tag?post=53634"}],"curies":[{"name":"wp","href":"https:\/\/api.w.org\/{rel}","templated":true}]}}