{"id":53635,"date":"2022-06-21T18:08:42","date_gmt":"2022-06-21T16:08:42","guid":{"rendered":"https:\/\/secureus.se\/produkt\/evolis-r2131-black-monochrome-ribbon-3000-prints\/"},"modified":"2026-04-08T17:03:36","modified_gmt":"2026-04-08T15:03:36","slug":"ribbon-evolis-r2131-black-monochrome-ribbon-3000-prints","status":"publish","type":"product","link":"https:\/\/secureus.se\/fr\/ribbon-evolis-r2131-black-monochrome-ribbon-3000-prints\/","title":{"rendered":"Ruban Evolis \u2013 R2131, monochrome noir (3000 impressions)"},"content":{"rendered":"<h1>Ruban<br \/>\n  Evolis - R2131, monochrome noir (3000 tirages)<\/h1>\n<p>Ruban Evolis \u2013 R2131, noir monochrome (3000 impressions) est un<br \/>\n  Ruban monochrome noir adapt\u00e9 aux textes clairs, aux graphiques \u00e0 lignes simples et<br \/>\n  codes-barres lisibles sur cartes plastiques.<\/p>\n<p>Convient aux cartes d&#039;identit\u00e9, cartes d&#039;acc\u00e8s, cartes de membre et autres.<br \/>\n  cartes en plastique o\u00f9 une qualit\u00e9 d&#039;impression et une fiabilit\u00e9 \u00e9lev\u00e9es sont<br \/>\n  important.<\/p>\n<ul>\n<li>Capacit\u00e9 : jusqu&#039;\u00e0 3 000 impressions<\/li>\n<li>Type de bracelet : Noir monochrome<\/li>\n<li>Num\u00e9ro d&#039;article : R2131<\/li>\n<\/ul>\n<p><strong>Compatible avec Evolis Quantum.<\/strong><\/p>\n<p><strong>Poids du produit :<\/strong> 0,20kg<\/p>","protected":false},"excerpt":{"rendered":"<p>Ruban couleur \u2013 Ruban \u2013 Retransfert vers imprimante de cartes et imprimante de cartes plastiques<\/p>","protected":false},"featured_media":144148,"template":"","meta":{"_acf_changed":false},"product_brand":[],"product_cat":[3213,4860],"product_tag":[3181,4863,2922,3069],"class_list":{"0":"post-53635","1":"product","2":"type-product","3":"status-publish","4":"has-post-thumbnail","6":"product_cat-evolis-fargband-retransfer","7":"product_cat-quantum","8":"product_tag-evolis-tillbehor","9":"product_tag-pf","10":"product_tag-ribbon-svart-black","11":"product_tag-trade-produkt","12":"product_shipping_class-tunga-paket","13":"pa_brands-evolis","14":"pa_fargband-kortskrivare-evolis","15":"tm-has-options","17":"first","18":"instock","19":"sale","20":"taxable","21":"shipping-taxable","22":"purchasable","23":"product-type-simple"},"acf":[],"_links":{"self":[{"href":"https:\/\/secureus.se\/fr\/wp-json\/wp\/v2\/product\/53635","targetHints":{"allow":["GET"]}}],"collection":[{"href":"https:\/\/secureus.se\/fr\/wp-json\/wp\/v2\/product"}],"about":[{"href":"https:\/\/secureus.se\/fr\/wp-json\/wp\/v2\/types\/product"}],"wp:featuredmedia":[{"embeddable":true,"href":"https:\/\/secureus.se\/fr\/wp-json\/wp\/v2\/media\/144148"}],"wp:attachment":[{"href":"https:\/\/secureus.se\/fr\/wp-json\/wp\/v2\/media?parent=53635"}],"wp:term":[{"taxonomy":"product_brand","embeddable":true,"href":"https:\/\/secureus.se\/fr\/wp-json\/wp\/v2\/product_brand?post=53635"},{"taxonomy":"product_cat","embeddable":true,"href":"https:\/\/secureus.se\/fr\/wp-json\/wp\/v2\/product_cat?post=53635"},{"taxonomy":"product_tag","embeddable":true,"href":"https:\/\/secureus.se\/fr\/wp-json\/wp\/v2\/product_tag?post=53635"}],"curies":[{"name":"wp","href":"https:\/\/api.w.org\/{rel}","templated":true}]}}