{"id":53641,"date":"2022-06-21T18:08:00","date_gmt":"2022-06-21T16:08:00","guid":{"rendered":"https:\/\/secureus.se\/produkt\/fargo-82615-clear-overlaminate-holographic-film-500-prints\/"},"modified":"2026-03-26T10:20:15","modified_gmt":"2026-03-26T09:20:15","slug":"ribbon-fargo-82615-clear-overlaminate-holographic-film-500-prints","status":"publish","type":"product","link":"https:\/\/secureus.se\/fr\/ribbon-fargo-82615-clear-overlaminate-holographic-film-500-prints\/","title":{"rendered":"Ribbon Fargo 82615 Film holographique transparent (500 impressions)"},"content":{"rendered":"<p>Le film de recouvrement transparent Fargo 82615 est un stratifi\u00e9 \u00e0 transfert thermique avec une finition transparente lisse. Ce film prot\u00e8ge g\u00e9n\u00e9ralement la surface de la carte en plastique contre l&#039;abrasion, l&#039;humidit\u00e9, la migration des couleurs, les dommages caus\u00e9s par les UV et la falsification pour garantir qu&#039;elle durera des ann\u00e9es plus longtemps que les cartes non plastifi\u00e9es ordinaires.<\/p>\n<ul>\n<li>500 impressions par rouleau<\/li>\n<li>Film stratifi\u00e9 transparent \u00e0 transfert thermique<\/li>\n<li>Code fabricant: 82615<\/li>\n<\/ul>\n<p>Compatible avec les imprimantes de cartes Fargo DTC4500, HDP5000 et HDP8500<\/p>\n<p>\n <strong><br \/>\n Poids du produit :<br \/>\n 0,26 kg<br \/>\n <\/strong>\n <\/p>","protected":false},"excerpt":{"rendered":"<p>Ruban couleur \u2013 Ruban \u2013 Retransfert vers imprimante de cartes et imprimante de cartes plastiques<\/p>","protected":false},"featured_media":144555,"template":"","meta":{"_acf_changed":false},"product_brand":[],"product_cat":[3214,4846,4850,4851,4853],"product_tag":[3201,4863,2924,3069],"class_list":{"0":"post-53641","1":"product","2":"type-product","3":"status-publish","4":"has-post-thumbnail","6":"product_cat-fargo-fargband-retransfer","7":"product_cat-dtc4500-band","8":"product_cat-hdp5000-band","9":"product_cat-hdp5000e-band","10":"product_cat-hdp8500-band","11":"product_tag-fargo-tillbehor","12":"product_tag-pf","13":"product_tag-ribbon-clearfilm-hologram-ovrigt","14":"product_tag-trade-produkt","15":"product_shipping_class-tunga-paket","16":"pa_brands-fargo","17":"pa_fargband-kortskrivare-fargo","18":"tm-has-options","20":"first","21":"outofstock","22":"sale","23":"taxable","24":"shipping-taxable","25":"purchasable","26":"product-type-simple"},"acf":[],"_links":{"self":[{"href":"https:\/\/secureus.se\/fr\/wp-json\/wp\/v2\/product\/53641","targetHints":{"allow":["GET"]}}],"collection":[{"href":"https:\/\/secureus.se\/fr\/wp-json\/wp\/v2\/product"}],"about":[{"href":"https:\/\/secureus.se\/fr\/wp-json\/wp\/v2\/types\/product"}],"wp:featuredmedia":[{"embeddable":true,"href":"https:\/\/secureus.se\/fr\/wp-json\/wp\/v2\/media\/144555"}],"wp:attachment":[{"href":"https:\/\/secureus.se\/fr\/wp-json\/wp\/v2\/media?parent=53641"}],"wp:term":[{"taxonomy":"product_brand","embeddable":true,"href":"https:\/\/secureus.se\/fr\/wp-json\/wp\/v2\/product_brand?post=53641"},{"taxonomy":"product_cat","embeddable":true,"href":"https:\/\/secureus.se\/fr\/wp-json\/wp\/v2\/product_cat?post=53641"},{"taxonomy":"product_tag","embeddable":true,"href":"https:\/\/secureus.se\/fr\/wp-json\/wp\/v2\/product_tag?post=53641"}],"curies":[{"name":"wp","href":"https:\/\/api.w.org\/{rel}","templated":true}]}}