{"id":53645,"date":"2022-06-21T18:07:35","date_gmt":"2022-06-21T16:07:35","guid":{"rendered":"https:\/\/secureus.se\/produkt\/fargo-44210-ymckok-colour-ribbon-200-prints\/"},"modified":"2026-03-26T10:20:50","modified_gmt":"2026-03-26T09:20:50","slug":"ribbon-fargo-44210-ymckok-colour-ribbon-200-prints","status":"publish","type":"product","link":"https:\/\/secureus.se\/fr\/ribbon-fargo-44210-ymckok-colour-ribbon-200-prints\/","title":{"rendered":"Fargo 44210 Ruban couleur YMCKOK (200 impressions)"},"content":{"rendered":"<p>Le ruban couleur Fargo 44210 YMCKOK est un ruban \u00e0 six panneaux adapt\u00e9 aux imprimantes double face Fargo telles que les imprimantes de cartes des s\u00e9ries DTC300 et C30. Ce ruban couleur est livr\u00e9 avec un panneau superpos\u00e9 et deux jeux de colorants en r\u00e9sine noire pour l&#039;impression recto et verso de textes et de codes-barres lisibles.<\/p>\n<ul>\n<li>200 impressions couleur recto<\/li>\n<li>Ruban YMCKOK (panneaux jaune, magenta, cyan, noir, superposition et noir)<\/li>\n<li>Enferm\u00e9 dans une cartouche avec un rouleau de nettoyage<\/li>\n<\/ul>\n<p>Compatible avec les imprimantes de cartes Fargo DTC300 et C30<\/p>\n<p>\n <strong><br \/>\n Poids du produit :<br \/>\n 0,20 kg<br \/>\n <\/strong>\n <\/p>","protected":false},"excerpt":{"rendered":"<p>Ruban couleur \u2013 Ruban \u2013 Retransfert vers imprimante de cartes et imprimante de cartes plastiques<\/p>","protected":false},"featured_media":144567,"template":"","meta":{"_acf_changed":false},"product_brand":[],"product_cat":[3214,4848],"product_tag":[3201,4863,2921,3069],"class_list":{"0":"post-53645","1":"product","2":"type-product","3":"status-publish","4":"has-post-thumbnail","6":"product_cat-fargo-fargband-retransfer","7":"product_cat-c30-band","8":"product_tag-fargo-tillbehor","9":"product_tag-pf","10":"product_tag-ribbon-ymck-farg","11":"product_tag-trade-produkt","12":"product_shipping_class-tunga-paket","13":"pa_brands-fargo","14":"pa_fargband-kortskrivare-fargo","15":"tm-has-options","17":"first","18":"outofstock","19":"sale","20":"taxable","21":"shipping-taxable","22":"purchasable","23":"product-type-simple"},"acf":[],"_links":{"self":[{"href":"https:\/\/secureus.se\/fr\/wp-json\/wp\/v2\/product\/53645","targetHints":{"allow":["GET"]}}],"collection":[{"href":"https:\/\/secureus.se\/fr\/wp-json\/wp\/v2\/product"}],"about":[{"href":"https:\/\/secureus.se\/fr\/wp-json\/wp\/v2\/types\/product"}],"wp:featuredmedia":[{"embeddable":true,"href":"https:\/\/secureus.se\/fr\/wp-json\/wp\/v2\/media\/144567"}],"wp:attachment":[{"href":"https:\/\/secureus.se\/fr\/wp-json\/wp\/v2\/media?parent=53645"}],"wp:term":[{"taxonomy":"product_brand","embeddable":true,"href":"https:\/\/secureus.se\/fr\/wp-json\/wp\/v2\/product_brand?post=53645"},{"taxonomy":"product_cat","embeddable":true,"href":"https:\/\/secureus.se\/fr\/wp-json\/wp\/v2\/product_cat?post=53645"},{"taxonomy":"product_tag","embeddable":true,"href":"https:\/\/secureus.se\/fr\/wp-json\/wp\/v2\/product_tag?post=53645"}],"curies":[{"name":"wp","href":"https:\/\/api.w.org\/{rel}","templated":true}]}}