{"id":53652,"date":"2022-06-21T18:06:53","date_gmt":"2022-06-21T16:06:53","guid":{"rendered":"https:\/\/secureus.se\/produkt\/evolis-r2121-black-monochrome-ribbon-5000-prints\/"},"modified":"2025-08-15T22:52:42","modified_gmt":"2025-08-15T20:52:42","slug":"ribbon-evolis-r2121-black-monochrome-ribbon-5000-prints","status":"publish","type":"product","link":"https:\/\/secureus.se\/fr\/ribbon-evolis-r2121-black-monochrome-ribbon-5000-prints\/","title":{"rendered":"Ruban couleur Evolis R2121 Ruban monochrome noir (5000 impressions)"},"content":{"rendered":"<p>Le ruban monochrome noir Evolis R2121 est un colorant en r\u00e9sine monochrome compatible avec les imprimantes de cartes Evolis Quantum. Ce ruban \u00e9conomique est essentiel pour imprimer de grands lots de cartes en plastique pr\u00e9-imprim\u00e9es ou vierges qui n\u00e9cessitent des codes-barres lisibles, des impressions de texte ultra nettes et des graphiques sur une seule ligne.<\/p>\n<ul>\n<li>5 000 tirages monochromes<\/li>\n<li>Teinture r\u00e9sine monochrome noire<\/li>\n<li>Code fabricant: R2121<\/li>\n<\/ul>\n<p><strong>Compatible avec l&#039;imprimante de cartes Evolis Quantum.<\/strong><\/p>\n<p>\n <strong><br \/>\n Poids du produit :<br \/>\n 0,29 kg<br \/>\n <\/strong>\n <\/p>","protected":false},"excerpt":{"rendered":"<p>Ruban couleur \u2013 Ruban \u2013 Retransfert vers imprimante de cartes et imprimante de cartes plastiques<\/p>","protected":false},"featured_media":143926,"template":"","meta":{"_acf_changed":false},"product_brand":[],"product_cat":[3213],"product_tag":[3181,2922,3069],"class_list":{"0":"post-53652","1":"product","2":"type-product","3":"status-publish","4":"has-post-thumbnail","6":"product_cat-evolis-fargband-retransfer","7":"product_tag-evolis-tillbehor","8":"product_tag-ribbon-svart-black","9":"product_tag-trade-produkt","10":"product_shipping_class-tunga-paket","11":"pa_brands-evolis","12":"pa_fargband-kortskrivare-evolis","13":"tm-has-options","15":"first","16":"instock","17":"sale","18":"taxable","19":"shipping-taxable","20":"purchasable","21":"product-type-simple"},"acf":[],"_links":{"self":[{"href":"https:\/\/secureus.se\/fr\/wp-json\/wp\/v2\/product\/53652","targetHints":{"allow":["GET"]}}],"collection":[{"href":"https:\/\/secureus.se\/fr\/wp-json\/wp\/v2\/product"}],"about":[{"href":"https:\/\/secureus.se\/fr\/wp-json\/wp\/v2\/types\/product"}],"wp:featuredmedia":[{"embeddable":true,"href":"https:\/\/secureus.se\/fr\/wp-json\/wp\/v2\/media\/143926"}],"wp:attachment":[{"href":"https:\/\/secureus.se\/fr\/wp-json\/wp\/v2\/media?parent=53652"}],"wp:term":[{"taxonomy":"product_brand","embeddable":true,"href":"https:\/\/secureus.se\/fr\/wp-json\/wp\/v2\/product_brand?post=53652"},{"taxonomy":"product_cat","embeddable":true,"href":"https:\/\/secureus.se\/fr\/wp-json\/wp\/v2\/product_cat?post=53652"},{"taxonomy":"product_tag","embeddable":true,"href":"https:\/\/secureus.se\/fr\/wp-json\/wp\/v2\/product_tag?post=53652"}],"curies":[{"name":"wp","href":"https:\/\/api.w.org\/{rel}","templated":true}]}}