{"id":53665,"date":"2022-06-21T18:05:32","date_gmt":"2022-06-21T16:05:32","guid":{"rendered":"https:\/\/secureus.se\/produkt\/evolis-r3314-ymckok-colour-ribbon-200-prints\/"},"modified":"2026-03-26T10:21:25","modified_gmt":"2026-03-26T09:21:25","slug":"ribbon-evolis-r3314-ymckok-colour-ribbon-200-prints","status":"publish","type":"product","link":"https:\/\/secureus.se\/fr\/ribbon-evolis-r3314-ymckok-colour-ribbon-200-prints\/","title":{"rendered":"Ruban couleur Evolis R3314 Ruban couleur YMCKOK (200 impressions)"},"content":{"rendered":"<p>Le ruban couleur Evolis R3314 YMCKOK est un ruban color\u00e9 \u00e0 spectre complet avec un stratifi\u00e9 superpos\u00e9 et deux jeux de colorants en r\u00e9sine noire pour l&#039;impression de cartes plastiques simple ou double face. Chaque rouleau produit jusqu&#039;\u00e0 200 impressions, ce qui en fait un choix id\u00e9al pour les entreprises ayant une faible demande de cartes.<\/p>\n<ul>\n<li>200 impressions couleur recto<\/li>\n<li>Ruban YMCKOK (panneaux jaune, magenta, cyan, noir, superposition et noir)<\/li>\n<li>Code fabricant: R3314<\/li>\n<\/ul>\n<p><strong>Compatible avec les imprimantes de cartes Evolis Dualys et Securion.<\/strong><\/p>\n<p>\n <strong><br \/>\n Poids du produit :<br \/>\n 0,15kg<br \/>\n <\/strong>\n <\/p>","protected":false},"excerpt":{"rendered":"<p>Ruban couleur \u2013 Ruban \u2013 Retransfert vers imprimante de cartes et imprimante de cartes plastiques<\/p>","protected":false},"featured_media":144210,"template":"","meta":{"_acf_changed":false},"product_brand":[],"product_cat":[3213],"product_tag":[3181,4863,2921,3069],"class_list":{"0":"post-53665","1":"product","2":"type-product","3":"status-publish","4":"has-post-thumbnail","6":"product_cat-evolis-fargband-retransfer","7":"product_tag-evolis-tillbehor","8":"product_tag-pf","9":"product_tag-ribbon-ymck-farg","10":"product_tag-trade-produkt","11":"product_shipping_class-tunga-paket","12":"pa_brands-evolis","13":"pa_fargband-kortskrivare-evolis","14":"tm-has-options","16":"first","17":"instock","18":"sale","19":"taxable","20":"shipping-taxable","21":"purchasable","22":"product-type-simple"},"acf":[],"_links":{"self":[{"href":"https:\/\/secureus.se\/fr\/wp-json\/wp\/v2\/product\/53665","targetHints":{"allow":["GET"]}}],"collection":[{"href":"https:\/\/secureus.se\/fr\/wp-json\/wp\/v2\/product"}],"about":[{"href":"https:\/\/secureus.se\/fr\/wp-json\/wp\/v2\/types\/product"}],"wp:featuredmedia":[{"embeddable":true,"href":"https:\/\/secureus.se\/fr\/wp-json\/wp\/v2\/media\/144210"}],"wp:attachment":[{"href":"https:\/\/secureus.se\/fr\/wp-json\/wp\/v2\/media?parent=53665"}],"wp:term":[{"taxonomy":"product_brand","embeddable":true,"href":"https:\/\/secureus.se\/fr\/wp-json\/wp\/v2\/product_brand?post=53665"},{"taxonomy":"product_cat","embeddable":true,"href":"https:\/\/secureus.se\/fr\/wp-json\/wp\/v2\/product_cat?post=53665"},{"taxonomy":"product_tag","embeddable":true,"href":"https:\/\/secureus.se\/fr\/wp-json\/wp\/v2\/product_tag?post=53665"}],"curies":[{"name":"wp","href":"https:\/\/api.w.org\/{rel}","templated":true}]}}