{"id":53670,"date":"2022-06-21T18:05:00","date_gmt":"2022-06-21T16:05:00","guid":{"rendered":"https:\/\/secureus.se\/produkt\/magicard-prima-431-set-dye-film-432-re-transfer-film-436-ymck-printer-ribbon-1000-prints-each\/"},"modified":"2026-03-26T10:21:35","modified_gmt":"2026-03-26T09:21:35","slug":"ribbon-magicard-prima-431-set-dye-film-432-re-transfer-film-436-ymck-printer-ribbon-1000-prints-each","status":"publish","type":"product","link":"https:\/\/secureus.se\/fr\/ribbon-magicard-prima-431-set-dye-film-432-re-transfer-film-436-ymck-printer-ribbon-1000-prints-each\/","title":{"rendered":"Ensemble Magicard Prima 431 (film colorant 432 et film de retransfert 436 ruban d&#039;imprimante YMCK) (1 000 impressions chacun)"},"content":{"rendered":"<p>L&#039;ensemble de rubans et films de retransfert Magicard Prima 431 contient un ruban Prima 432 YMCK et un ensemble de films de retransfert 436 qui peuvent \u00eatre utilis\u00e9s avec les imprimantes de cartes d&#039;identit\u00e9 Magicard Prima 4. Chaque ruban permet d&#039;obtenir jusqu&#039;\u00e0 1 000 impressions couleur recto.<\/p>\n<ul>\n<li>1 000 impressions recto par rouleau<\/li>\n<li>1x ruban Magicard Prima 432 YMCK<\/li>\n<li>1x Film de retransfert Magicard 436<\/li>\n<\/ul>\n<p>Compatible avec l&#039;imprimante de cartes \u00e0 retransfert Magicard Prima 4<\/p>\n<p><strong><br \/>\nPoids du produit :<br \/>\n0,60kg<br \/>\n<\/strong><\/p>","protected":false},"excerpt":{"rendered":"<p>Ruban couleur \u2013 Ruban \u2013 Retransfert vers imprimante de cartes et imprimante de cartes plastiques<\/p>","protected":false},"featured_media":144590,"template":"","meta":{"_acf_changed":false},"product_brand":[],"product_cat":[3216,4838],"product_tag":[3182,4863,2921,3069],"class_list":{"0":"post-53670","1":"product","2":"type-product","3":"status-publish","4":"has-post-thumbnail","6":"product_cat-magicard-fargband-retransfer","7":"product_cat-magicard-prima-band","8":"product_tag-magicard-tillbehor","9":"product_tag-pf","10":"product_tag-ribbon-ymck-farg","11":"product_tag-trade-produkt","12":"product_shipping_class-tunga-paket","13":"pa_brands-magicard","14":"pa_fargband-kortskrivare-magicard","15":"tm-has-options","17":"first","18":"onbackorder","19":"sale","20":"taxable","21":"shipping-taxable","22":"purchasable","23":"product-type-simple"},"acf":[],"_links":{"self":[{"href":"https:\/\/secureus.se\/fr\/wp-json\/wp\/v2\/product\/53670","targetHints":{"allow":["GET"]}}],"collection":[{"href":"https:\/\/secureus.se\/fr\/wp-json\/wp\/v2\/product"}],"about":[{"href":"https:\/\/secureus.se\/fr\/wp-json\/wp\/v2\/types\/product"}],"wp:featuredmedia":[{"embeddable":true,"href":"https:\/\/secureus.se\/fr\/wp-json\/wp\/v2\/media\/144590"}],"wp:attachment":[{"href":"https:\/\/secureus.se\/fr\/wp-json\/wp\/v2\/media?parent=53670"}],"wp:term":[{"taxonomy":"product_brand","embeddable":true,"href":"https:\/\/secureus.se\/fr\/wp-json\/wp\/v2\/product_brand?post=53670"},{"taxonomy":"product_cat","embeddable":true,"href":"https:\/\/secureus.se\/fr\/wp-json\/wp\/v2\/product_cat?post=53670"},{"taxonomy":"product_tag","embeddable":true,"href":"https:\/\/secureus.se\/fr\/wp-json\/wp\/v2\/product_tag?post=53670"}],"curies":[{"name":"wp","href":"https:\/\/api.w.org\/{rel}","templated":true}]}}