{"id":53673,"date":"2022-06-21T18:04:40","date_gmt":"2022-06-21T16:04:40","guid":{"rendered":"https:\/\/secureus.se\/produkt\/magicard-prima-4-re-transfer-printer-ribbon-436-1000-prints\/"},"modified":"2026-04-21T15:24:37","modified_gmt":"2026-04-21T13:24:37","slug":"ribbon-magicard-prima-4-re-transfer-printer-ribbon-436-1000-prints","status":"publish","type":"product","link":"https:\/\/secureus.se\/fr\/ribbon-magicard-prima-4-re-transfer-printer-ribbon-436-1000-prints\/","title":{"rendered":"Ruban Magicard Prima \u2013 436 (1000 impressions)"},"content":{"rendered":"<h1>Ruban<br \/>\n  Magicard Prima &#8211; 436 (1000 utskrifter)<\/h1>\n<p>F\u00e4rgband Magicard Prima &#8211; 436 (1000 utskrifter) \u00e4r en<br \/>\n  retransferfilm som anv\u00e4nds f\u00f6r att ge plastkort en j\u00e4mn, slitstark och<br \/>\n  professionell yta. Motivet skrivs p\u00e5 filmen och \u00f6verf\u00f6rs sedan till kortet,<br \/>\n  vilket ger h\u00f6g detaljrikedom och kant-till-kant-utskrift.<\/p>\n<p>Un bon choix si vous souhaitez augmenter la dur\u00e9e de vie de vos cartes et les am\u00e9liorer.<br \/>\n  durabilit\u00e9 et un r\u00e9sultat final plus professionnel.<\/p>\n<ul>\n<li>Capacit\u00e9 : jusqu&#039;\u00e0 1\u00a0000 impressions par rouleau<\/li>\n<li>Produit original<\/li>\n<li>Artikelnummer: PRIMA436<\/li>\n<\/ul>\n<p><strong>Compatible avec Magicard Prima<br \/>\n  4.<\/strong><\/p>\n<p><strong>Poids du produit :<\/strong> 0,29 kg<\/p>","protected":false},"excerpt":{"rendered":"<p>Ruban couleur \u2013 Ruban \u2013 Retransfert vers imprimante de cartes et imprimante de cartes plastiques<\/p>","protected":false},"featured_media":144596,"template":"","meta":{"_acf_changed":false},"product_brand":[],"product_cat":[3216,4838],"product_tag":[3182,4863,2923,3069],"class_list":{"0":"post-53673","1":"product","2":"type-product","3":"status-publish","4":"has-post-thumbnail","6":"product_cat-magicard-fargband-retransfer","7":"product_cat-magicard-prima-band","8":"product_tag-magicard-tillbehor","9":"product_tag-pf","10":"product_tag-ribbon-retransfer","11":"product_tag-trade-produkt","12":"product_shipping_class-tunga-paket","13":"pa_brands-magicard","14":"pa_fargband-kortskrivare-magicard","15":"tm-has-options","17":"first","18":"instock","19":"sale","20":"taxable","21":"shipping-taxable","22":"purchasable","23":"product-type-simple"},"acf":[],"_links":{"self":[{"href":"https:\/\/secureus.se\/fr\/wp-json\/wp\/v2\/product\/53673","targetHints":{"allow":["GET"]}}],"collection":[{"href":"https:\/\/secureus.se\/fr\/wp-json\/wp\/v2\/product"}],"about":[{"href":"https:\/\/secureus.se\/fr\/wp-json\/wp\/v2\/types\/product"}],"wp:featuredmedia":[{"embeddable":true,"href":"https:\/\/secureus.se\/fr\/wp-json\/wp\/v2\/media\/144596"}],"wp:attachment":[{"href":"https:\/\/secureus.se\/fr\/wp-json\/wp\/v2\/media?parent=53673"}],"wp:term":[{"taxonomy":"product_brand","embeddable":true,"href":"https:\/\/secureus.se\/fr\/wp-json\/wp\/v2\/product_brand?post=53673"},{"taxonomy":"product_cat","embeddable":true,"href":"https:\/\/secureus.se\/fr\/wp-json\/wp\/v2\/product_cat?post=53673"},{"taxonomy":"product_tag","embeddable":true,"href":"https:\/\/secureus.se\/fr\/wp-json\/wp\/v2\/product_tag?post=53673"}],"curies":[{"name":"wp","href":"https:\/\/api.w.org\/{rel}","templated":true}]}}