{"id":53675,"date":"2022-06-21T18:04:32","date_gmt":"2022-06-21T16:04:32","guid":{"rendered":"https:\/\/secureus.se\/produkt\/fargo-45102-standard-black-ribbon-1000-prints\/"},"modified":"2026-04-08T16:48:24","modified_gmt":"2026-04-08T14:48:24","slug":"ribbon-fargo-45102-standard-black-ribbon-1000-prints","status":"publish","type":"product","link":"https:\/\/secureus.se\/fr\/ribbon-fargo-45102-standard-black-ribbon-1000-prints\/","title":{"rendered":"Ruban Fargo \u2013 45102 (1000 exemplaires)"},"content":{"rendered":"<h1>Ruban<br \/>\n  Fargo &#8211; 45102 (1000 utskrifter)<\/h1>\n<p>F\u00e4rgband Fargo &#8211; 45102 (1000 utskrifter) \u00e4r ett svart monokromt<br \/>\n  f\u00e4rgband som passar f\u00f6r tydlig text, enkla linjegrafiker och l\u00e4sbara<br \/>\n  streckkoder p\u00e5 plastkort.<\/p>\n<p>Convient aux cartes d&#039;identit\u00e9, cartes d&#039;acc\u00e8s, cartes de membre et autres.<br \/>\n  cartes en plastique o\u00f9 une qualit\u00e9 d&#039;impression et une fiabilit\u00e9 \u00e9lev\u00e9es sont<br \/>\n  important.<\/p>\n<ul>\n<li>Capacit\u00e9 : jusqu&#039;\u00e0 1 000 impressions<\/li>\n<li>Type de bracelet : Noir monochrome<\/li>\n<li>Rouleau de nettoyage inclus<\/li>\n<li>Artikelnummer: 45102<\/li>\n<\/ul>\n<p><strong>Kompatibel med Fargo C50, DTC1000, DTC1250, DTC4000<br \/>\n  och DTC4250.<\/strong><\/p>\n<p><strong>Poids du produit :<\/strong> 0,19 kg<\/p>","protected":false},"excerpt":{"rendered":"<p>Ruban couleur \u2013 Ruban \u2013 Retransfert vers imprimante de cartes et imprimante de cartes plastiques<\/p>","protected":false},"featured_media":143972,"template":"","meta":{"_acf_changed":false},"product_brand":[],"product_cat":[3214,4849,4842,4844,4845],"product_tag":[3201,4863,2922,3069],"class_list":{"0":"post-53675","1":"product","2":"type-product","3":"status-publish","4":"has-post-thumbnail","6":"product_cat-fargo-fargband-retransfer","7":"product_cat-c50-band","8":"product_cat-dtc1250-band","9":"product_cat-dtc4000-band","10":"product_cat-dtc4250-band","11":"product_tag-fargo-tillbehor","12":"product_tag-pf","13":"product_tag-ribbon-svart-black","14":"product_tag-trade-produkt","15":"product_shipping_class-tunga-paket","16":"pa_brands-fargo","17":"pa_fargband-kortskrivare-fargo","18":"tm-has-options","20":"first","21":"instock","22":"sale","23":"taxable","24":"shipping-taxable","25":"purchasable","26":"product-type-simple"},"acf":[],"_links":{"self":[{"href":"https:\/\/secureus.se\/fr\/wp-json\/wp\/v2\/product\/53675","targetHints":{"allow":["GET"]}}],"collection":[{"href":"https:\/\/secureus.se\/fr\/wp-json\/wp\/v2\/product"}],"about":[{"href":"https:\/\/secureus.se\/fr\/wp-json\/wp\/v2\/types\/product"}],"wp:featuredmedia":[{"embeddable":true,"href":"https:\/\/secureus.se\/fr\/wp-json\/wp\/v2\/media\/143972"}],"wp:attachment":[{"href":"https:\/\/secureus.se\/fr\/wp-json\/wp\/v2\/media?parent=53675"}],"wp:term":[{"taxonomy":"product_brand","embeddable":true,"href":"https:\/\/secureus.se\/fr\/wp-json\/wp\/v2\/product_brand?post=53675"},{"taxonomy":"product_cat","embeddable":true,"href":"https:\/\/secureus.se\/fr\/wp-json\/wp\/v2\/product_cat?post=53675"},{"taxonomy":"product_tag","embeddable":true,"href":"https:\/\/secureus.se\/fr\/wp-json\/wp\/v2\/product_tag?post=53675"}],"curies":[{"name":"wp","href":"https:\/\/api.w.org\/{rel}","templated":true}]}}