{"id":53679,"date":"2022-06-21T18:04:17","date_gmt":"2022-06-21T16:04:17","guid":{"rendered":"https:\/\/secureus.se\/produkt\/magicard-ma600ko-black-ribbon-600-prints\/"},"modified":"2026-04-08T16:49:20","modified_gmt":"2026-04-08T14:49:20","slug":"ribbon-magicard-ma600ko-black-ribbon-600-prints","status":"publish","type":"product","link":"https:\/\/secureus.se\/fr\/ribbon-magicard-ma600ko-black-ribbon-600-prints\/","title":{"rendered":"Ruban Magicard \u2013 MA600KO (600 impressions)"},"content":{"rendered":"<h1>Ruban<br \/>\n  Magicard &#8211; MA600KO (600 utskrifter)<\/h1>\n<p>F\u00e4rgband Magicard &#8211; MA600KO (600 utskrifter) \u00e4r ett KO-band med<br \/>\n  Panneau noir et film protecteur. C&#039;est un bon choix lorsque vous avez besoin de transparence.<br \/>\n  Texte, codes-barres et protection suppl\u00e9mentaire sur la surface de la carte.<\/p>\n<p>Convient aux cartes d&#039;identit\u00e9, cartes d&#039;acc\u00e8s, cartes de membre et autres.<br \/>\n  cartes en plastique o\u00f9 une qualit\u00e9 d&#039;impression et une fiabilit\u00e9 \u00e9lev\u00e9es sont<br \/>\n  important.<\/p>\n<ul>\n<li>Capacit\u00e9 : jusqu&#039;\u00e0 600 impressions<\/li>\n<li>Type de bande : KO<\/li>\n<li>Artikelnummer: EN6<\/li>\n<\/ul>\n<p><strong>Kompatibel med Magicard Enduro, Magicard Pronto,<br \/>\n  Magicard Rio Pro och Magicard Rio Pro 360.<\/strong><\/p>\n<p><strong>Poids du produit :<\/strong> 0,16 kg<\/p>","protected":false},"excerpt":{"rendered":"<p>Ruban couleur \u2013 Ruban \u2013 Retransfert vers imprimante de cartes et imprimante de cartes plastiques<\/p>","protected":false},"featured_media":144624,"template":"","meta":{"_acf_changed":false},"product_brand":[],"product_cat":[3216,4839,4837,4833,4834],"product_tag":[3182,4863,2922,3069],"class_list":{"0":"post-53679","1":"product","2":"type-product","3":"status-publish","4":"has-post-thumbnail","6":"product_cat-magicard-fargband-retransfer","7":"product_cat-magicard-enduro-band","8":"product_cat-magicard-pronto-band","9":"product_cat-magicard-rio-pro-360-band","10":"product_cat-magicard-rio-pro-ribbons","11":"product_tag-magicard-tillbehor","12":"product_tag-pf","13":"product_tag-ribbon-svart-black","14":"product_tag-trade-produkt","15":"product_shipping_class-tunga-paket","16":"pa_brands-magicard","17":"pa_fargband-kortskrivare-magicard","18":"tm-has-options","20":"first","21":"instock","22":"sale","23":"taxable","24":"shipping-taxable","25":"purchasable","26":"product-type-simple"},"acf":[],"_links":{"self":[{"href":"https:\/\/secureus.se\/fr\/wp-json\/wp\/v2\/product\/53679","targetHints":{"allow":["GET"]}}],"collection":[{"href":"https:\/\/secureus.se\/fr\/wp-json\/wp\/v2\/product"}],"about":[{"href":"https:\/\/secureus.se\/fr\/wp-json\/wp\/v2\/types\/product"}],"wp:featuredmedia":[{"embeddable":true,"href":"https:\/\/secureus.se\/fr\/wp-json\/wp\/v2\/media\/144624"}],"wp:attachment":[{"href":"https:\/\/secureus.se\/fr\/wp-json\/wp\/v2\/media?parent=53679"}],"wp:term":[{"taxonomy":"product_brand","embeddable":true,"href":"https:\/\/secureus.se\/fr\/wp-json\/wp\/v2\/product_brand?post=53679"},{"taxonomy":"product_cat","embeddable":true,"href":"https:\/\/secureus.se\/fr\/wp-json\/wp\/v2\/product_cat?post=53679"},{"taxonomy":"product_tag","embeddable":true,"href":"https:\/\/secureus.se\/fr\/wp-json\/wp\/v2\/product_tag?post=53679"}],"curies":[{"name":"wp","href":"https:\/\/api.w.org\/{rel}","templated":true}]}}