{"id":53686,"date":"2022-06-21T18:03:45","date_gmt":"2022-06-21T16:03:45","guid":{"rendered":"https:\/\/secureus.se\/produkt\/fargo-84061-ymcfk-colour-ribbon-500-prints\/"},"modified":"2025-10-21T12:30:30","modified_gmt":"2025-10-21T10:30:30","slug":"ribbon-fargo-84061-ymcfk-colour-ribbon-500-prints","status":"publish","type":"product","link":"https:\/\/secureus.se\/fr\/ribbon-fargo-84061-ymcfk-colour-ribbon-500-prints\/","title":{"rendered":"Fargo 84061 Ruban couleur YMCFK (500 impressions)"},"content":{"rendered":"<p>Le ruban de couleur Fargo 84061 YMCFK est un ruban couleur avec un panneau en r\u00e9sine noire et un colorant fluorescent qui ne devient visible que lorsque la carte est expos\u00e9e \u00e0 une lumi\u00e8re ultraviolette. Ce kit constitue un moyen efficace et \u00e9conomique pour vos clients d&#039;augmenter le niveau de s\u00e9curit\u00e9 de leur carte.<\/p>\n<ul>\n<li>500 impressions couleur recto<\/li>\n<li>Ruban YMCFK (panneaux jaune, magenta, cyan, fluorescent et noir)<\/li>\n<li>\u00c0 utiliser avec le film Fargo 84053 HDP<\/li>\n<\/ul>\n<p>Compatible avec l&#039;imprimante de cartes Fargo HDP5000<\/p>\n<p>\n <strong><br \/>\n Poids du produit :<br \/>\n 0,26 kg<br \/>\n <\/strong>\n <\/p>","protected":false},"excerpt":{"rendered":"<p>Ruban couleur \u2013 Ruban \u2013 Retransfert vers imprimante de cartes et imprimante de cartes plastiques<\/p>","protected":false},"featured_media":144247,"template":"","meta":{"_acf_changed":false},"product_brand":[],"product_cat":[3214],"product_tag":[3201,4863,2921,3069],"class_list":{"0":"post-53686","1":"product","2":"type-product","3":"status-publish","4":"has-post-thumbnail","6":"product_cat-fargo-fargband-retransfer","7":"product_tag-fargo-tillbehor","8":"product_tag-pf","9":"product_tag-ribbon-ymck-farg","10":"product_tag-trade-produkt","11":"product_shipping_class-tunga-paket","12":"pa_brands-fargo","13":"pa_fargband-kortskrivare-fargo","14":"tm-has-options","16":"first","17":"outofstock","18":"sale","19":"taxable","20":"shipping-taxable","21":"purchasable","22":"product-type-simple"},"acf":[],"_links":{"self":[{"href":"https:\/\/secureus.se\/fr\/wp-json\/wp\/v2\/product\/53686","targetHints":{"allow":["GET"]}}],"collection":[{"href":"https:\/\/secureus.se\/fr\/wp-json\/wp\/v2\/product"}],"about":[{"href":"https:\/\/secureus.se\/fr\/wp-json\/wp\/v2\/types\/product"}],"wp:featuredmedia":[{"embeddable":true,"href":"https:\/\/secureus.se\/fr\/wp-json\/wp\/v2\/media\/144247"}],"wp:attachment":[{"href":"https:\/\/secureus.se\/fr\/wp-json\/wp\/v2\/media?parent=53686"}],"wp:term":[{"taxonomy":"product_brand","embeddable":true,"href":"https:\/\/secureus.se\/fr\/wp-json\/wp\/v2\/product_brand?post=53686"},{"taxonomy":"product_cat","embeddable":true,"href":"https:\/\/secureus.se\/fr\/wp-json\/wp\/v2\/product_cat?post=53686"},{"taxonomy":"product_tag","embeddable":true,"href":"https:\/\/secureus.se\/fr\/wp-json\/wp\/v2\/product_tag?post=53686"}],"curies":[{"name":"wp","href":"https:\/\/api.w.org\/{rel}","templated":true}]}}