{"id":53701,"date":"2022-06-21T18:02:27","date_gmt":"2022-06-21T16:02:27","guid":{"rendered":"https:\/\/secureus.se\/produkt\/magicard-ma1000k-black-ribbon-1000-prints\/"},"modified":"2026-04-23T12:54:39","modified_gmt":"2026-04-23T10:54:39","slug":"ribbon-magicard-ma1000k-black-ribbon-1000-prints","status":"publish","type":"product","link":"https:\/\/secureus.se\/fr\/ribbon-magicard-ma1000k-black-ribbon-1000-prints\/","title":{"rendered":"Ruban Magicard \u2013 MA1000K-NOIR (1000 impressions)"},"content":{"rendered":"<h1>Ruban<br \/>\n  Magicard \u2013 MA1000K-NOIR (1000 exemplaires)<\/h1>\n<p>Le ruban Magicard \u2013 MA1000K-BLACK (1000 impressions) est noir<br \/>\n  Ruban monochrome adapt\u00e9 aux textes clairs, aux graphiques lin\u00e9aires simples et<br \/>\n  codes-barres lisibles sur cartes plastiques.<\/p>\n<p>Convient aux cartes d&#039;identit\u00e9, cartes d&#039;acc\u00e8s, cartes de membre et autres.<br \/>\n  cartes plastiques o\u00f9 une qualit\u00e9 d&#039;impression et une fiabilit\u00e9 \u00e9lev\u00e9es sont importantes. Le ruban<br \/>\n  ISEGA est-il approuv\u00e9 pour le contact direct avec les aliments ?.<\/p>\n<ul>\n<li>Capacit\u00e9 : jusqu&#039;\u00e0 1 000 impressions<\/li>\n<li>Type de bracelet : Noir monochrome<\/li>\n<li>Rouleau de nettoyage inclus<\/li>\n<li>ISEGA approuv\u00e9 pour le contact direct avec les aliments<\/li>\n<\/ul>\n<p><strong>Compatible avec Magicard Pronto, Enduro, Rio Pro et<br \/>\n  Rio Pro 360.<\/strong><\/p>\n<p><strong>Poids du produit :<\/strong> 0,13 kg<\/p>","protected":false},"excerpt":{"rendered":"<p>Ruban couleur \u2013 Ruban \u2013 Retransfert vers imprimante de cartes et imprimante de cartes plastiques<\/p>","protected":false},"featured_media":143740,"template":"","meta":{"_acf_changed":false},"product_brand":[],"product_cat":[3216,4829,4830,4839,4837,4836,4833,4834],"product_tag":[3182,4863,2922,3069],"class_list":{"0":"post-53701","1":"product","2":"type-product","3":"status-publish","4":"has-post-thumbnail","6":"product_cat-magicard-fargband-retransfer","7":"product_cat-magicard-300-band","8":"product_cat-magicard-600-band","9":"product_cat-magicard-enduro-band","10":"product_cat-magicard-pronto-band","11":"product_cat-magicard-pronto100-ribbons","12":"product_cat-magicard-rio-pro-360-band","13":"product_cat-magicard-rio-pro-ribbons","14":"product_tag-magicard-tillbehor","15":"product_tag-pf","16":"product_tag-ribbon-svart-black","17":"product_tag-trade-produkt","18":"product_shipping_class-tunga-paket","19":"pa_brands-magicard","20":"pa_fargband-kortskrivare-magicard","21":"tm-has-options","23":"first","24":"instock","25":"sale","26":"taxable","27":"shipping-taxable","28":"purchasable","29":"product-type-simple"},"acf":[],"_links":{"self":[{"href":"https:\/\/secureus.se\/fr\/wp-json\/wp\/v2\/product\/53701","targetHints":{"allow":["GET"]}}],"collection":[{"href":"https:\/\/secureus.se\/fr\/wp-json\/wp\/v2\/product"}],"about":[{"href":"https:\/\/secureus.se\/fr\/wp-json\/wp\/v2\/types\/product"}],"wp:featuredmedia":[{"embeddable":true,"href":"https:\/\/secureus.se\/fr\/wp-json\/wp\/v2\/media\/143740"}],"wp:attachment":[{"href":"https:\/\/secureus.se\/fr\/wp-json\/wp\/v2\/media?parent=53701"}],"wp:term":[{"taxonomy":"product_brand","embeddable":true,"href":"https:\/\/secureus.se\/fr\/wp-json\/wp\/v2\/product_brand?post=53701"},{"taxonomy":"product_cat","embeddable":true,"href":"https:\/\/secureus.se\/fr\/wp-json\/wp\/v2\/product_cat?post=53701"},{"taxonomy":"product_tag","embeddable":true,"href":"https:\/\/secureus.se\/fr\/wp-json\/wp\/v2\/product_tag?post=53701"}],"curies":[{"name":"wp","href":"https:\/\/api.w.org\/{rel}","templated":true}]}}