{"id":53708,"date":"2022-06-21T18:01:54","date_gmt":"2022-06-21T16:01:54","guid":{"rendered":"https:\/\/secureus.se\/produkt\/magicard-ma250ymckok-colour-ribbon-250-prints\/"},"modified":"2026-04-21T15:24:46","modified_gmt":"2026-04-21T13:24:46","slug":"ribbon-magicard-ma250ymckok-colour-ribbon-250-prints","status":"publish","type":"product","link":"https:\/\/secureus.se\/fr\/ribbon-magicard-ma250ymckok-colour-ribbon-250-prints\/","title":{"rendered":"Ruban Magicard \u2013 MA250YMCKOK (250 impressions)"},"content":{"rendered":"<h1>Ruban<br \/>\n  Magicard \u2013 MA250YMCKOK (250 impressions)<\/h1>\n<p>Le ruban Magicard \u2013 MA250YMCKOK (250 impressions) est un ruban<br \/>\n  pour l&#039;impression de cartes plastiques avec des couleurs vives, un texte clair et une bonne qualit\u00e9<br \/>\n  Reproduction d\u00e9taill\u00e9e. Le ruban YMCKOK assure la combinaison correcte de panneaux de couleur et<br \/>\n  Couche de protection pour l&#039;impression professionnelle de cartes.<\/p>\n<p>Convient aux cartes d&#039;identit\u00e9, cartes d&#039;acc\u00e8s, cartes de membre et autres.<br \/>\n  cartes en plastique o\u00f9 une qualit\u00e9 d&#039;impression et une fiabilit\u00e9 \u00e9lev\u00e9es sont<br \/>\n  important.<\/p>\n<ul>\n<li>Capacit\u00e9 : jusqu&#039;\u00e0 250 impressions<\/li>\n<li>Type de groupe : YMCKOK<\/li>\n<li>Rouleau de nettoyage inclus<\/li>\n<li>Convient \u00e0 l&#039;impression de cartes recto verso<\/li>\n<\/ul>\n<p><strong>Compatible avec Magicard Enduro Duo, Rio Pro<br \/>\n  double face et Rio Pro 360.<\/strong><\/p>\n<p><strong>Poids du produit :<\/strong> 0,18 kg<\/p>","protected":false},"excerpt":{"rendered":"<p>Ruban couleur \u2013 Ruban \u2013 Retransfert vers imprimante de cartes et imprimante de cartes plastiques<\/p>","protected":false},"featured_media":143894,"template":"","meta":{"_acf_changed":false},"product_brand":[],"product_cat":[3216,4839,4833,4834],"product_tag":[3182,4863,2921,3069],"class_list":{"0":"post-53708","1":"product","2":"type-product","3":"status-publish","4":"has-post-thumbnail","6":"product_cat-magicard-fargband-retransfer","7":"product_cat-magicard-enduro-band","8":"product_cat-magicard-rio-pro-360-band","9":"product_cat-magicard-rio-pro-ribbons","10":"product_tag-magicard-tillbehor","11":"product_tag-pf","12":"product_tag-ribbon-ymck-farg","13":"product_tag-trade-produkt","14":"product_shipping_class-tunga-paket","15":"pa_brands-magicard","16":"pa_fargband-kortskrivare-magicard","17":"tm-has-options","19":"first","20":"instock","21":"sale","22":"taxable","23":"shipping-taxable","24":"purchasable","25":"product-type-simple"},"acf":[],"_links":{"self":[{"href":"https:\/\/secureus.se\/fr\/wp-json\/wp\/v2\/product\/53708","targetHints":{"allow":["GET"]}}],"collection":[{"href":"https:\/\/secureus.se\/fr\/wp-json\/wp\/v2\/product"}],"about":[{"href":"https:\/\/secureus.se\/fr\/wp-json\/wp\/v2\/types\/product"}],"wp:featuredmedia":[{"embeddable":true,"href":"https:\/\/secureus.se\/fr\/wp-json\/wp\/v2\/media\/143894"}],"wp:attachment":[{"href":"https:\/\/secureus.se\/fr\/wp-json\/wp\/v2\/media?parent=53708"}],"wp:term":[{"taxonomy":"product_brand","embeddable":true,"href":"https:\/\/secureus.se\/fr\/wp-json\/wp\/v2\/product_brand?post=53708"},{"taxonomy":"product_cat","embeddable":true,"href":"https:\/\/secureus.se\/fr\/wp-json\/wp\/v2\/product_cat?post=53708"},{"taxonomy":"product_tag","embeddable":true,"href":"https:\/\/secureus.se\/fr\/wp-json\/wp\/v2\/product_tag?post=53708"}],"curies":[{"name":"wp","href":"https:\/\/api.w.org\/{rel}","templated":true}]}}