{"id":53713,"date":"2022-06-21T16:59:17","date_gmt":"2022-06-21T14:59:17","guid":{"rendered":"https:\/\/secureus.se\/produkt\/zebra-zc10l-large-format-dtc-printer-single-sided\/"},"modified":"2026-04-23T12:45:29","modified_gmt":"2026-04-23T10:45:29","slug":"kortskrivare-zebra-zc10l","status":"publish","type":"product","link":"https:\/\/secureus.se\/fr\/kortskrivare-zebra-zc10l\/","title":{"rendered":"Imprimante de cartes Zebra ZC10L \u2013 Imprimante DTC grand format (simple face)"},"content":{"rendered":"<p><strong>Impression de cartes efficace et personnalisable avec la Zebra ZC10L :<\/strong> La Zebra ZC10L est la seule imprimante de cartes d&#039;identit\u00e9 de ce type capable de produire des cartes couleur pleine grandeur, bord \u00e0 bord, en une seule impression.<\/p>\n<p>Il est parfait pour cr\u00e9er des cartes d&#039;identit\u00e9 personnalis\u00e9es et surdimensionn\u00e9es et des pass VIP pour tout type d&#039;\u00e9v\u00e9nement.<\/p>\n<p>La Zebra ZC10L a \u00e9t\u00e9 sp\u00e9cialement con\u00e7ue pour la cr\u00e9ation de cartes d&#039;identification grand format. Adapt\u00e9e aux besoins du secteur de l&#039;h\u00f4tellerie-restauration, la ZC10L permet de r\u00e9aliser des badges d&#039;invit\u00e9 et des laissez-passer VIP pour les conf\u00e9rences, festivals, salons professionnels, \u00e9v\u00e9nements sportifs et autres manifestations sp\u00e9ciales.<\/p>\n<p>\u00c0 l&#039;approche de la saison des festivals, cette imprimante est assur\u00e9e de faire sensation.<\/p>\n<p>Qualit\u00e9 photo exceptionnelle<br \/>\nId\u00e9al pour le secteur de l&#039;h\u00f4tellerie et l&#039;\u00e9v\u00e9nementiel<br \/>\nLes cartes mesurent 140 x 88 mm.<br \/>\nGarantie constructeur de 2 ans\/20\u00a0000 cartes<\/p>\n<p><strong>Caract\u00e9ristiques et avantages\u00a0:<\/strong><\/p>\n<ul>\n<li><strong>Vitesse:<\/strong> Imprimez des cartes couleur en seulement 18 secondes, ce qui permet de traiter de gros volumes en peu de temps.<\/li>\n<li><strong>Qualit\u00e9:<\/strong> Avec une r\u00e9solution de 300 dpi, le ZC10L offre une qualit\u00e9 d&#039;image exceptionnelle, des couleurs riches et un texte net, faisant de vos cartes des souvenirs m\u00e9morables pour les invit\u00e9s.<\/li>\n<li><strong>Flexibilit\u00e9:<\/strong> L&#039;imprimante peut g\u00e9rer une vari\u00e9t\u00e9 de types de cartes, notamment les cartes de membre, les cartes de contr\u00f4le d&#039;acc\u00e8s et les laissez-passer pour les \u00e9v\u00e9nements.<\/li>\n<li><strong>Facilit\u00e9 d&#039;utilisation :<\/strong> L&#039;interface utilisateur graphique et l&#039;installation facile vous permettent de d\u00e9marrer rapidement l&#039;impression.<\/li>\n<\/ul>\n<p><strong>Sp\u00e9cification technique\u00a0:<\/strong><\/p>\n<ul>\n<li><strong>Vitesse d&#039;impression\u00a0:<\/strong> Jusqu&#039;\u00e0 195 cartes par heure pour l&#039;impression couleur.<\/li>\n<li><strong>Capacit\u00e9:<\/strong> 200 cartes dans le bac d&#039;entr\u00e9e et 70 cartes dans le bac de sortie.<\/li>\n<li><strong>Relations:<\/strong> USB et Ethernet pour une int\u00e9gration facile \u00e0 votre r\u00e9seau.<\/li>\n<\/ul>\n<p>Avec sa conception innovante et ses performances fiables, la Zebra ZC10L est la solution parfaite pour tous vos besoins d&#039;impression de cartes, quel que soit l&#039;\u00e9v\u00e9nement ou l&#039;application.<\/p>","protected":false},"excerpt":{"rendered":"<p>L&#039;imprimante DTC grand format Zebra ZC10L est la solution id\u00e9ale pour imprimer rapidement des cartes surdimensionn\u00e9es personnalis\u00e9es.<\/p>\n<p>Cette imprimante produit des cartes color\u00e9es en seulement 18 secondes et est id\u00e9ale pour les conf\u00e9rences, festivals et \u00e9v\u00e9nements.<\/p>\n<p>Avec une garantie de deux ans et la possibilit\u00e9 de cr\u00e9er des cartes de qualit\u00e9 photo, le ZC10L garantit \u00e0 vos invit\u00e9s des exp\u00e9riences m\u00e9morables.<\/p>","protected":false},"featured_media":143754,"template":"","meta":{"_acf_changed":false},"product_brand":[],"product_cat":[3210],"product_tag":[2830,4863,3069,3185],"class_list":{"0":"post-53713","1":"product","2":"type-product","3":"status-publish","4":"has-post-thumbnail","6":"product_cat-zebra","7":"product_tag-kortprinter-direct-to-card","8":"product_tag-pf","9":"product_tag-trade-produkt","10":"product_tag-zebra","11":"product_shipping_class-tunga-paket","12":"pa_brands-zebra","13":"pa_fabrikat-kortskrivare-zebra","14":"tm-no-options","16":"first","17":"instock","18":"sale","19":"taxable","20":"shipping-taxable","21":"purchasable","22":"product-type-simple"},"acf":[],"_links":{"self":[{"href":"https:\/\/secureus.se\/fr\/wp-json\/wp\/v2\/product\/53713","targetHints":{"allow":["GET"]}}],"collection":[{"href":"https:\/\/secureus.se\/fr\/wp-json\/wp\/v2\/product"}],"about":[{"href":"https:\/\/secureus.se\/fr\/wp-json\/wp\/v2\/types\/product"}],"wp:featuredmedia":[{"embeddable":true,"href":"https:\/\/secureus.se\/fr\/wp-json\/wp\/v2\/media\/143754"}],"wp:attachment":[{"href":"https:\/\/secureus.se\/fr\/wp-json\/wp\/v2\/media?parent=53713"}],"wp:term":[{"taxonomy":"product_brand","embeddable":true,"href":"https:\/\/secureus.se\/fr\/wp-json\/wp\/v2\/product_brand?post=53713"},{"taxonomy":"product_cat","embeddable":true,"href":"https:\/\/secureus.se\/fr\/wp-json\/wp\/v2\/product_cat?post=53713"},{"taxonomy":"product_tag","embeddable":true,"href":"https:\/\/secureus.se\/fr\/wp-json\/wp\/v2\/product_tag?post=53713"}],"curies":[{"name":"wp","href":"https:\/\/api.w.org\/{rel}","templated":true}]}}