{"id":53715,"date":"2022-06-21T17:59:05","date_gmt":"2022-06-21T15:59:05","guid":{"rendered":"https:\/\/secureus.se\/produkt\/evolis-primacy-2-duplex-expert-id-card-printer-printer-dual-sided\/"},"modified":"2026-04-24T14:01:52","modified_gmt":"2026-04-24T12:01:52","slug":"kortskrivare-evolis-primacy-2-duplex-expert","status":"publish","type":"product","link":"https:\/\/secureus.se\/fr\/kortskrivare-evolis-primacy-2-duplex-expert\/","title":{"rendered":"Imprimante de cartes experte duplex Evolis Primacy 2 USB\/Ethernet \u2013 (Double face)"},"content":{"rendered":"<p><strong>Impression de cartes d&#039;identit\u00e9 efficace et fiable avec Evolis Primacy 2 :<\/strong> L&#039;Evolis Primacy 2 Duplex Expert est con\u00e7ue pour offrir des r\u00e9sultats \u00e9poustouflants avec une impression haute performance.<\/p>\n<p>Il am\u00e9liore et s&#039;appuie sur le succ\u00e8s du mod\u00e8le pr\u00e9c\u00e9dent, Primacy, offrant des vitesses d&#039;impression plus rapides, une s\u00e9curit\u00e9 am\u00e9lior\u00e9e et une meilleure exp\u00e9rience utilisateur.<\/p>\n<p><strong>Caract\u00e9ristiques et avantages\u00a0:<\/strong><\/p>\n<ul>\n<li><strong>Impressions de haute qualit\u00e9 :<\/strong> Avec 300 et 600 DPI, vous pouvez produire des cartes nettes et d\u00e9taill\u00e9es au look professionnel.<\/li>\n<li><strong>Impression rapide\u00a0:<\/strong> Cette imprimante peut produire rapidement de grands volumes de cartes d\u2019identit\u00e9, ce qui la rend id\u00e9ale pour les moyennes et grandes entreprises.<\/li>\n<li><strong>Flexibilit\u00e9:<\/strong> Plusieurs options d&#039;impression pour s&#039;adapter aux diff\u00e9rents besoins de cartes.<\/li>\n<li><strong>Convivial:<\/strong> Levereras med CardPresso XXS programvara f\u00f6r enkel design av kort.<\/li>\n<\/ul>\n<p><strong>Sp\u00e9cification technique\u00a0:<\/strong><\/p>\n<ul>\n<li><strong>Vitesse d&#039;impression\u00a0:<\/strong> Jusqu&#039;\u00e0 225 cartes couleur par heure (impression couleur, recto verso).<\/li>\n<li><strong>Capacit\u00e9:<\/strong> Chargeur de cartes \u00e0 double entr\u00e9e pour 200 cartes.<\/li>\n<li><strong>Type de carte\u00a0:<\/strong> Format ISO 7810, CR80, taille ID-1, compatible carte PVC, PET et PC.<\/li>\n<li><strong>Relations:<\/strong> USB et Ethernet.<\/li>\n<\/ul>\n<p>Avec sa garantie de trois ans et sa conception robuste, l&#039;Evolis Primacy 2 Duplex Expert est une solution fiable et efficace pour tous vos besoins d&#039;impression de cartes d&#039;identit\u00e9.<\/p>","protected":false},"excerpt":{"rendered":"<p>L&#039;imprimante de cartes d&#039;identit\u00e9 Evolis Primacy 2 Duplex Expert offre une impression performante avec une qualit\u00e9 d&#039;impression de 300 et 600 DPI.<\/p>\n<p>Cette imprimante recto-verso a une vitesse impressionnante et peut produire des cartes \u00e0 grand volume en peu de temps.<\/p>\n<p>Elle inclut une garantie de trois ans et le logiciel gratuit CardPresso XXS, ce qui en fait une solution id\u00e9ale pour les entreprises exigeantes en mati\u00e8re d&#039;efficacit\u00e9 et de qualit\u00e9.<\/p>","protected":false},"featured_media":144703,"template":"","meta":{"_acf_changed":false},"product_brand":[],"product_cat":[3205],"product_tag":[2830,3172,3176,4863,3069],"class_list":{"0":"post-53715","1":"product","2":"type-product","3":"status-publish","4":"has-post-thumbnail","6":"product_cat-evolis","7":"product_tag-kortprinter-direct-to-card","8":"product_tag-dubbelsidig-dual-side","9":"product_tag-evolis","10":"product_tag-pf","11":"product_tag-trade-produkt","12":"product_shipping_class-tunga-paket","13":"tm-no-options","15":"first","16":"instock","17":"sale","18":"taxable","19":"shipping-taxable","20":"purchasable","21":"product-type-simple"},"acf":[],"_links":{"self":[{"href":"https:\/\/secureus.se\/fr\/wp-json\/wp\/v2\/product\/53715","targetHints":{"allow":["GET"]}}],"collection":[{"href":"https:\/\/secureus.se\/fr\/wp-json\/wp\/v2\/product"}],"about":[{"href":"https:\/\/secureus.se\/fr\/wp-json\/wp\/v2\/types\/product"}],"wp:featuredmedia":[{"embeddable":true,"href":"https:\/\/secureus.se\/fr\/wp-json\/wp\/v2\/media\/144703"}],"wp:attachment":[{"href":"https:\/\/secureus.se\/fr\/wp-json\/wp\/v2\/media?parent=53715"}],"wp:term":[{"taxonomy":"product_brand","embeddable":true,"href":"https:\/\/secureus.se\/fr\/wp-json\/wp\/v2\/product_brand?post=53715"},{"taxonomy":"product_cat","embeddable":true,"href":"https:\/\/secureus.se\/fr\/wp-json\/wp\/v2\/product_cat?post=53715"},{"taxonomy":"product_tag","embeddable":true,"href":"https:\/\/secureus.se\/fr\/wp-json\/wp\/v2\/product_tag?post=53715"}],"curies":[{"name":"wp","href":"https:\/\/api.w.org\/{rel}","templated":true}]}}