{"id":53718,"date":"2022-06-21T16:58:46","date_gmt":"2022-06-21T14:58:46","guid":{"rendered":"https:\/\/secureus.se\/produkt\/magicard-pronto100-id-card-printer-single-sided\/"},"modified":"2026-03-31T15:17:18","modified_gmt":"2026-03-31T13:17:18","slug":"kortskrivare-magicard-pronto100","status":"publish","type":"product","link":"https:\/\/secureus.se\/fr\/kortskrivare-magicard-pronto100\/","title":{"rendered":"Imprimante de cartes Magicard Pronto100 - Imprimante de cartes d&#039;identit\u00e9 (simple face)"},"content":{"rendered":"<header class=\"attribute-sleeve-header center\"><strong>Impression compacte et de haute qualit\u00e9 avec Magicard Pronto100 :<\/strong> La Magicard Pronto100 est la plus petite imprimante de cartes d&#039;identit\u00e9 du march\u00e9, con\u00e7ue pour fournir une excellente qualit\u00e9 d&#039;impression rapidement et efficacement. Il est parfait pour les entreprises qui ont besoin de produire des cartes d\u2019identit\u00e9, des cartes de membre ou d\u2019autres types de cartes avec une grande pr\u00e9cision.<\/p>\n<p><strong>Caract\u00e9ristiques et avantages\u00a0:<\/strong><\/p>\n<ul>\n<li><strong>Conception compacte\u00a0:<\/strong> Plus petit qu&#039;une feuille A4, ce qui le rend id\u00e9al pour les bureaux et les espaces restreints.<\/li>\n<li><strong>Vitesse:<\/strong> L\u2019imprimante peut produire des cartes couleur en seulement 35 secondes, ce qui la rend plus rapide que nombre de ses concurrents.<\/li>\n<li><strong>Impression haute r\u00e9solution :<\/strong> Avec une qualit\u00e9 d&#039;impression exceptionnelle, la Pronto100 produit des cartes nettes et claires au look professionnel.<\/li>\n<li><strong>Facilit\u00e9 d&#039;utilisation :<\/strong> Installation et fonctionnement faciles avec des commandes facilement accessibles.<\/li>\n<\/ul>\n<p><strong>Sp\u00e9cification technique\u00a0:<\/strong><\/p>\n<ul>\n<li><strong>Vitesse d&#039;impression\u00a0:<\/strong> Jusqu&#039;\u00e0 100 cartes couleur par heure (recto).<\/li>\n<li><strong>Capacit\u00e9:<\/strong> Alimentation manuelle, 50 cartes en entr\u00e9e et 50 cartes en sortie.<\/li>\n<li><strong>Type de carte\u00a0:<\/strong> Format ISO 7810, CR80, taille ID-1, compatible avec les cartes PVC.<\/li>\n<li><strong>Relations:<\/strong> USB.<\/li>\n<\/ul>\n<p>Avec sa combinaison de vitesse, de qualit\u00e9 et de compacit\u00e9, la Magicard Pronto100 est une solution id\u00e9ale pour tous ceux qui ont besoin d&#039;une solution d&#039;impression de cartes d&#039;identit\u00e9 fiable et efficace.<\/p>\n<\/header>\n<p>&nbsp;<\/p>","protected":false},"excerpt":{"rendered":"<p>L&#039;imprimante de cartes d&#039;identit\u00e9 Magicard Pronto100 est compacte et rapide avec une vitesse d&#039;impression 10% plus rapide que celle de son concurrent le plus proche.<\/p>\n<p>Elle offre une qualit\u00e9 d\u2019impression imbattable et est parfaite pour cr\u00e9er des cartes d\u2019identit\u00e9 de haute qualit\u00e9 pour divers \u00e9v\u00e9nements.<\/p>\n<p>Avec une version gratuite du logiciel EasyBadge Lite incluse, il s&#039;agit d&#039;une solution rentable pour tous vos besoins d&#039;impression de cartes.<\/p>","protected":false},"featured_media":144727,"template":"","meta":{"_acf_changed":false},"product_brand":[],"product_cat":[3208],"product_tag":[2830,3174,4863,3069],"class_list":{"0":"post-53718","1":"product","2":"type-product","3":"status-publish","4":"has-post-thumbnail","6":"product_cat-magicard","7":"product_tag-kortprinter-direct-to-card","8":"product_tag-magicard","9":"product_tag-pf","10":"product_tag-trade-produkt","11":"product_shipping_class-tunga-paket","12":"pa_brands-magicard","13":"pa_fabrikat-kortskrivare-magicard","14":"tm-no-options","16":"first","17":"instock","18":"sale","19":"taxable","20":"shipping-taxable","21":"purchasable","22":"product-type-simple"},"acf":[],"_links":{"self":[{"href":"https:\/\/secureus.se\/fr\/wp-json\/wp\/v2\/product\/53718","targetHints":{"allow":["GET"]}}],"collection":[{"href":"https:\/\/secureus.se\/fr\/wp-json\/wp\/v2\/product"}],"about":[{"href":"https:\/\/secureus.se\/fr\/wp-json\/wp\/v2\/types\/product"}],"wp:featuredmedia":[{"embeddable":true,"href":"https:\/\/secureus.se\/fr\/wp-json\/wp\/v2\/media\/144727"}],"wp:attachment":[{"href":"https:\/\/secureus.se\/fr\/wp-json\/wp\/v2\/media?parent=53718"}],"wp:term":[{"taxonomy":"product_brand","embeddable":true,"href":"https:\/\/secureus.se\/fr\/wp-json\/wp\/v2\/product_brand?post=53718"},{"taxonomy":"product_cat","embeddable":true,"href":"https:\/\/secureus.se\/fr\/wp-json\/wp\/v2\/product_cat?post=53718"},{"taxonomy":"product_tag","embeddable":true,"href":"https:\/\/secureus.se\/fr\/wp-json\/wp\/v2\/product_tag?post=53718"}],"curies":[{"name":"wp","href":"https:\/\/api.w.org\/{rel}","templated":true}]}}