{"id":53731,"date":"2022-06-21T16:57:46","date_gmt":"2022-06-21T14:57:46","guid":{"rendered":"https:\/\/secureus.se\/produkt\/zebra-zxp-series-9-retransfer-plastic-card-printer-single-sided\/"},"modified":"2025-08-15T23:00:19","modified_gmt":"2025-08-15T21:00:19","slug":"kortskrivare-zebra-zxp-series-9","status":"publish","type":"product","link":"https:\/\/secureus.se\/fr\/kortskrivare-zebra-zxp-series-9\/","title":{"rendered":"Imprimante de cartes Zebra ZXP Series 9 - Imprimante de cartes d&#039;identit\u00e9 \u00e0 retransfert (simple face)"},"content":{"rendered":"<p><strong>Impression de cartes d&#039;identit\u00e9 de haute qualit\u00e9 et s\u00e9curis\u00e9e avec Zebra ZXP Series 9\u00a0:<\/strong> L&#039;imprimante de cartes d&#039;identit\u00e9 \u00e0 retransfert Zebra ZXP Series 9 est con\u00e7ue pour r\u00e9pondre aux besoins des entreprises qui exigent une s\u00e9curit\u00e9 et une fiabilit\u00e9 \u00e9lev\u00e9es.<\/p>\n<p>Gr\u00e2ce \u00e0 sa technologie de retransfert, il peut produire des cartes durables et enti\u00e8rement recouvertes avec une excellente qualit\u00e9 d&#039;image.<\/p>\n<p><strong>Caract\u00e9ristiques et avantages\u00a0:<\/strong><\/p>\n<ul>\n<li><strong>Vitesse:<\/strong> L&#039;imprimante peut produire jusqu&#039;\u00e0 190 cartes couleur par heure, ce qui la rend parfaite pour les gros volumes d&#039;impression.<\/li>\n<li><strong>Technique de laminage\u00a0:<\/strong> La technologie unique de laminage sans d\u00e9chets minimise les d\u00e9chets et les co\u00fbts, ce qui la rend plus \u00e9cologique et plus \u00e9conomique.<\/li>\n<li><strong>Flexibilit\u00e9:<\/strong> Disponible en imprimante simple et double face pour r\u00e9pondre \u00e0 diff\u00e9rents besoins.<\/li>\n<li><strong>Haute s\u00e9curit\u00e9 :<\/strong> Fonctionnalit\u00e9s de s\u00e9curit\u00e9 am\u00e9lior\u00e9es pour prot\u00e9ger contre la contrefa\u00e7on et les acc\u00e8s non autoris\u00e9s.<\/li>\n<\/ul>\n<p><strong>Sp\u00e9cification technique\u00a0:<\/strong><\/p>\n<ul>\n<li><strong>Vitesse d&#039;impression\u00a0:<\/strong> Jusqu&#039;\u00e0 190 cartes par heure (impression couleur, recto).<\/li>\n<li><strong>Capacit\u00e9:<\/strong> 150 cartes dans le bac d&#039;entr\u00e9e et 100 cartes dans le bac de sortie.<\/li>\n<li><strong>Type de carte\u00a0:<\/strong> Format ISO 7810, CR80, taille ID-1, compatible carte PVC, PET et PC.<\/li>\n<li><strong>Relations:<\/strong> USB et Ethernet pour une int\u00e9gration facile \u00e0 votre r\u00e9seau.<\/li>\n<\/ul>\n<p>La Zebra ZXP Series 9 est la solution id\u00e9ale pour les organisations recherchant une impression de cartes d&#039;identit\u00e9 fiable et efficace avec une s\u00e9curit\u00e9 et une qualit\u00e9 \u00e9lev\u00e9es.<\/p>","protected":false},"excerpt":{"rendered":"<p>L&#039;imprimante de cartes d&#039;identit\u00e9 \u00e0 retransfert Zebra ZXP Series 9 est con\u00e7ue pour les entreprises qui ont besoin d&#039;impressions de haute s\u00e9curit\u00e9 et de haute qualit\u00e9.<\/p>\n<p>Elle offre une impression rapide de cartes d&#039;identit\u00e9 \u00e0 une vitesse allant jusqu&#039;\u00e0 190 cartes par heure et comprend une technologie unique de plastification sans d\u00e9chets.<\/p>\n<p>Avec une version gratuite du logiciel EasyBadge Lite, il s&#039;agit d&#039;une solution rentable pour tous vos besoins d&#039;impression de cartes.<\/p>","protected":false},"featured_media":144320,"template":"","meta":{"_acf_changed":false},"product_brand":[],"product_cat":[3210],"product_tag":[3173,2831,3069,3185],"class_list":{"0":"post-53731","1":"product","2":"type-product","3":"status-publish","4":"has-post-thumbnail","6":"product_cat-zebra","7":"product_tag-enkelsidig-single-side","8":"product_tag-kortprinter-retransfer","9":"product_tag-trade-produkt","10":"product_tag-zebra","11":"product_shipping_class-tunga-paket","12":"pa_brands-zebra","13":"pa_fabrikat-kortskrivare-zebra","14":"tm-no-options","16":"first","17":"outofstock","18":"sale","19":"taxable","20":"shipping-taxable","21":"purchasable","22":"product-type-simple"},"acf":[],"_links":{"self":[{"href":"https:\/\/secureus.se\/fr\/wp-json\/wp\/v2\/product\/53731","targetHints":{"allow":["GET"]}}],"collection":[{"href":"https:\/\/secureus.se\/fr\/wp-json\/wp\/v2\/product"}],"about":[{"href":"https:\/\/secureus.se\/fr\/wp-json\/wp\/v2\/types\/product"}],"wp:featuredmedia":[{"embeddable":true,"href":"https:\/\/secureus.se\/fr\/wp-json\/wp\/v2\/media\/144320"}],"wp:attachment":[{"href":"https:\/\/secureus.se\/fr\/wp-json\/wp\/v2\/media?parent=53731"}],"wp:term":[{"taxonomy":"product_brand","embeddable":true,"href":"https:\/\/secureus.se\/fr\/wp-json\/wp\/v2\/product_brand?post=53731"},{"taxonomy":"product_cat","embeddable":true,"href":"https:\/\/secureus.se\/fr\/wp-json\/wp\/v2\/product_cat?post=53731"},{"taxonomy":"product_tag","embeddable":true,"href":"https:\/\/secureus.se\/fr\/wp-json\/wp\/v2\/product_tag?post=53731"}],"curies":[{"name":"wp","href":"https:\/\/api.w.org\/{rel}","templated":true}]}}