{"id":53732,"date":"2022-06-21T16:57:35","date_gmt":"2022-06-21T14:57:35","guid":{"rendered":"https:\/\/secureus.se\/produkt\/zebra-zxp-series-9-retransfer-plastic-card-printer-dual-sided\/"},"modified":"2025-08-15T22:54:34","modified_gmt":"2025-08-15T20:54:34","slug":"kortskrivare-zebra-zxp-series-9-duplex","status":"publish","type":"product","link":"https:\/\/secureus.se\/fr\/kortskrivare-zebra-zxp-series-9-duplex\/","title":{"rendered":"Imprimante de cartes Zebra ZXP Series 9 - Imprimante de cartes d&#039;identit\u00e9 \u00e0 retransfert (double face)"},"content":{"rendered":"<p><strong>Impression de cartes d&#039;identit\u00e9 s\u00e9curis\u00e9e et efficace avec Zebra ZXP Series 9\u00a0:<\/strong> La Zebra ZXP Series 9 est une imprimante de cartes \u00e0 retransfert avanc\u00e9e, id\u00e9ale pour les entreprises qui exigent une s\u00e9curit\u00e9 et une fiabilit\u00e9 \u00e9lev\u00e9es.<\/p>\n<p>Gr\u00e2ce \u00e0 sa capacit\u00e9 \u00e0 produire des cartes de type photo et \u00e0 sa vitesse d&#039;impression rapide, cette imprimante constitue une excellente solution pour les cartes d&#039;identit\u00e9 et les cartes de s\u00e9curit\u00e9.<\/p>\n<p><strong>Caract\u00e9ristiques et avantages\u00a0:<\/strong><\/p>\n<ul>\n<li><strong>Grande vitesse:<\/strong> Peut imprimer jusqu&#039;\u00e0 190 cartes couleur par heure, ce qui la rend id\u00e9ale pour les gros volumes d&#039;impression.<\/li>\n<li><strong>Technologie de retransfert\u00a0:<\/strong> Produit des cartes durables et enti\u00e8rement recouvertes avec une qualit\u00e9 d&#039;image exceptionnelle, r\u00e9duisant ainsi le risque de contrefa\u00e7on.<\/li>\n<li><strong>Plastification sans d\u00e9chets\u00a0:<\/strong> La technologie de laminage unique minimise les d\u00e9chets et les co\u00fbts, la rendant plus \u00e9cologique et plus \u00e9conomique.<\/li>\n<li><strong>Flexibilit\u00e9:<\/strong> Disponible en options simple et double face pour r\u00e9pondre \u00e0 diff\u00e9rents besoins.<\/li>\n<\/ul>\n<p><strong>Sp\u00e9cification technique\u00a0:<\/strong><\/p>\n<ul>\n<li><strong>Vitesse d&#039;impression\u00a0:<\/strong> Jusqu&#039;\u00e0 190 cartes par heure (impression couleur, recto-verso).<\/li>\n<li><strong>Capacit\u00e9:<\/strong> 150 cartes dans le bac d&#039;entr\u00e9e et 100 cartes dans le bac de sortie.<\/li>\n<li><strong>Type de carte\u00a0:<\/strong> Format ISO 7810, CR80, taille ID-1, compatible carte PVC, PET et PC.<\/li>\n<li><strong>Relations:<\/strong> USB et Ethernet, avec fonctionnalit\u00e9 Wi-Fi en option.<\/li>\n<\/ul>\n<p>La Zebra ZXP Series 9 est une solution fiable et efficace pour les organisations \u00e0 la recherche d&#039;une solution d&#039;impression de cartes d&#039;identit\u00e9 de haute qualit\u00e9 ax\u00e9e sur la s\u00e9curit\u00e9 et la rapidit\u00e9.<\/p>","protected":false},"excerpt":{"rendered":"<p>L&#039;imprimante de cartes d&#039;identit\u00e9 \u00e0 retransfert Zebra ZXP Series 9 est con\u00e7ue pour les entreprises qui n\u00e9cessitent une haute s\u00e9curit\u00e9 et une impression rapide.<\/p>\n<p>Capable de produire des cartes couleur \u00e0 une vitesse allant jusqu&#039;\u00e0 190 cartes par heure, cette imprimante offre une qualit\u00e9 d&#039;impression et une durabilit\u00e9 exceptionnelles.<\/p>\n<p>La technologie unique de laminage sans d\u00e9chets offre une solution rentable pour toutes les impressions de cartes d&#039;identit\u00e9.<\/p>","protected":false},"featured_media":144755,"template":"","meta":{"_acf_changed":false},"product_brand":[],"product_cat":[3210],"product_tag":[3172,2831,3069,3185],"class_list":{"0":"post-53732","1":"product","2":"type-product","3":"status-publish","4":"has-post-thumbnail","6":"product_cat-zebra","7":"product_tag-dubbelsidig-dual-side","8":"product_tag-kortprinter-retransfer","9":"product_tag-trade-produkt","10":"product_tag-zebra","11":"product_shipping_class-tunga-paket","12":"pa_brands-zebra","13":"pa_fabrikat-kortskrivare-zebra","14":"tm-no-options","16":"first","17":"outofstock","18":"sale","19":"taxable","20":"shipping-taxable","21":"purchasable","22":"product-type-simple"},"acf":[],"_links":{"self":[{"href":"https:\/\/secureus.se\/fr\/wp-json\/wp\/v2\/product\/53732","targetHints":{"allow":["GET"]}}],"collection":[{"href":"https:\/\/secureus.se\/fr\/wp-json\/wp\/v2\/product"}],"about":[{"href":"https:\/\/secureus.se\/fr\/wp-json\/wp\/v2\/types\/product"}],"wp:featuredmedia":[{"embeddable":true,"href":"https:\/\/secureus.se\/fr\/wp-json\/wp\/v2\/media\/144755"}],"wp:attachment":[{"href":"https:\/\/secureus.se\/fr\/wp-json\/wp\/v2\/media?parent=53732"}],"wp:term":[{"taxonomy":"product_brand","embeddable":true,"href":"https:\/\/secureus.se\/fr\/wp-json\/wp\/v2\/product_brand?post=53732"},{"taxonomy":"product_cat","embeddable":true,"href":"https:\/\/secureus.se\/fr\/wp-json\/wp\/v2\/product_cat?post=53732"},{"taxonomy":"product_tag","embeddable":true,"href":"https:\/\/secureus.se\/fr\/wp-json\/wp\/v2\/product_tag?post=53732"}],"curies":[{"name":"wp","href":"https:\/\/api.w.org\/{rel}","templated":true}]}}