{"id":53733,"date":"2022-06-21T16:57:28","date_gmt":"2022-06-21T14:57:28","guid":{"rendered":"https:\/\/secureus.se\/produkt\/fargo-hdp6600-retransfer-plastic-card-printer-single-sided\/"},"modified":"2026-04-30T14:31:19","modified_gmt":"2026-04-30T12:31:19","slug":"kortskrivare-fargo-hdp6600","status":"publish","type":"product","link":"https:\/\/secureus.se\/fr\/kortskrivare-fargo-hdp6600\/","title":{"rendered":"Imprimante de cartes Fargo HDP6600 - Imprimante de cartes d&#039;identit\u00e9 \u00e0 retransfert (simple face)"},"content":{"rendered":"<p><strong>Impression de cartes d&#039;identit\u00e9 efficace et de haute qualit\u00e9 avec la Fargo HDP6600\u00a0:<\/strong> La Fargo HDP6600 est une imprimante de cartes \u00e0 retransfert leader qui combine six g\u00e9n\u00e9rations de technologies \u00e9prouv\u00e9es avec une multitude de fonctionnalit\u00e9s innovantes.<\/p>\n<p>Elle offre une efficacit\u00e9 et une fiabilit\u00e9 in\u00e9gal\u00e9es, ce qui en fait le choix \u00e9vident pour les entreprises qui ont besoin d&#039;une impression rapide et s\u00e9curis\u00e9e de cartes d&#039;identit\u00e9.<\/p>\n<p><strong>Caract\u00e9ristiques et avantages\u00a0:<\/strong><\/p>\n<ul>\n<li><strong>Impression rapide\u00a0:<\/strong> La premi\u00e8re carte est pr\u00eate en moins de 60 secondes, ce qui la rend id\u00e9ale pour la production de gros volumes.<\/li>\n<li><strong>Qualit\u00e9 d&#039;impression in\u00e9gal\u00e9e\u00a0:<\/strong> Avec 600 dpi, le HDP6600 fournit des images nettes et du texte de la plus haute qualit\u00e9.<\/li>\n<li><strong>Durabilit\u00e9:<\/strong> La technologie de retransfert garantit que les cartes sont enti\u00e8rement couvertes, ce qui les rend plus durables.<\/li>\n<li><strong>Rentable\u00a0:<\/strong> La technologie de laminage unique minimise les d\u00e9chets et r\u00e9duit les co\u00fbts des mat\u00e9riaux.<\/li>\n<\/ul>\n<p><strong>Sp\u00e9cification technique\u00a0:<\/strong><\/p>\n<ul>\n<li><strong>Vitesse d&#039;impression\u00a0:<\/strong> Jusqu&#039;\u00e0 230 cartes par heure (impression couleur, recto).<\/li>\n<li><strong>Capacit\u00e9:<\/strong> 100 cartes dans le bac d&#039;entr\u00e9e et 200 cartes dans le bac de sortie.<\/li>\n<li><strong>Type de carte\u00a0:<\/strong> Format ISO 7810, CR80, taille ID-1, compatible carte PVC, PET et PC.<\/li>\n<li><strong>Relations:<\/strong> USB 2.0 et Ethernet.<\/li>\n<\/ul>\n<p>Avec sa garantie de trois ans et sa conception robuste, la Fargo HDP6600 est une solution fiable et efficace pour tous vos besoins d&#039;impression de cartes d&#039;identit\u00e9.<\/p>","protected":false},"excerpt":{"rendered":"<p>L&#039;imprimante de cartes d&#039;identit\u00e9 \u00e0 retransfert Fargo HDP6600 est l&#039;imprimante la plus avanc\u00e9e du march\u00e9, con\u00e7ue pour produire des cartes d&#039;identit\u00e9 de haute qualit\u00e9 rapidement et efficacement.<\/p>\n<p>Avec un temps d&#039;impression inf\u00e9rieur \u00e0 60 secondes par carte et une garantie de trois ans, elle est parfaite pour les entreprises qui exigent \u00e0 la fois rapidit\u00e9 et qualit\u00e9.<\/p>\n<p>L&#039;imprimante peut facilement tout g\u00e9rer, des cartes d&#039;acc\u00e8s aux cartes de formulaire.<\/p>","protected":false},"featured_media":144102,"template":"","meta":{"_acf_changed":false},"product_brand":[],"product_cat":[3206],"product_tag":[2830,3177,4863,2831,3069],"class_list":{"0":"post-53733","1":"product","2":"type-product","3":"status-publish","4":"has-post-thumbnail","6":"product_cat-fargo","7":"product_tag-kortprinter-direct-to-card","8":"product_tag-fargo","9":"product_tag-pf","10":"product_tag-kortprinter-retransfer","11":"product_tag-trade-produkt","12":"product_shipping_class-tunga-paket","13":"pa_brands-fargo","14":"pa_fabrikat-kortskrivare-fargo","15":"tm-no-options","17":"first","18":"instock","19":"sale","20":"taxable","21":"shipping-taxable","22":"purchasable","23":"product-type-simple"},"acf":[],"_links":{"self":[{"href":"https:\/\/secureus.se\/fr\/wp-json\/wp\/v2\/product\/53733","targetHints":{"allow":["GET"]}}],"collection":[{"href":"https:\/\/secureus.se\/fr\/wp-json\/wp\/v2\/product"}],"about":[{"href":"https:\/\/secureus.se\/fr\/wp-json\/wp\/v2\/types\/product"}],"wp:featuredmedia":[{"embeddable":true,"href":"https:\/\/secureus.se\/fr\/wp-json\/wp\/v2\/media\/144102"}],"wp:attachment":[{"href":"https:\/\/secureus.se\/fr\/wp-json\/wp\/v2\/media?parent=53733"}],"wp:term":[{"taxonomy":"product_brand","embeddable":true,"href":"https:\/\/secureus.se\/fr\/wp-json\/wp\/v2\/product_brand?post=53733"},{"taxonomy":"product_cat","embeddable":true,"href":"https:\/\/secureus.se\/fr\/wp-json\/wp\/v2\/product_cat?post=53733"},{"taxonomy":"product_tag","embeddable":true,"href":"https:\/\/secureus.se\/fr\/wp-json\/wp\/v2\/product_tag?post=53733"}],"curies":[{"name":"wp","href":"https:\/\/api.w.org\/{rel}","templated":true}]}}