{"id":53741,"date":"2022-06-21T17:57:00","date_gmt":"2022-06-21T15:57:00","guid":{"rendered":"https:\/\/secureus.se\/produkt\/zebra-zxp-series-7-plastic-card-printer-dual-sided\/"},"modified":"2026-04-08T16:43:46","modified_gmt":"2026-04-08T14:43:46","slug":"kortskrivare-zebra-zxp-series-7","status":"publish","type":"product","link":"https:\/\/secureus.se\/fr\/kortskrivare-zebra-zxp-series-7\/","title":{"rendered":"Imprimante de cartes Zebra ZXP Series 7 - Imprimante de cartes d&#039;identit\u00e9 (double face)"},"content":{"rendered":"<p><strong>Impression de cartes d&#039;identit\u00e9 hautes performances avec Zebra ZXP Series 7\u00a0:<\/strong> La Zebra ZXP Series 7 est l&#039;une des imprimantes de cartes les plus avanc\u00e9es du march\u00e9, con\u00e7ue pour g\u00e9rer l&#039;impression de gros volumes de cartes d&#039;identit\u00e9 avec des images de type photo.<\/p>\n<p>Il est parfait pour les autorit\u00e9s, les \u00e9coles et les entreprises qui ont besoin d&#039;une haute s\u00e9curit\u00e9 et d&#039;une identification claire.<\/p>\n<p><strong>Caract\u00e9ristiques et avantages\u00a0:<\/strong><\/p>\n<ul>\n<li><strong>Qualit\u00e9 d&#039;impression proche de la photographie\u00a0:<\/strong> Fournit des cartes nettes et color\u00e9es qui r\u00e9pondent \u00e0 des normes \u00e9lev\u00e9es en mati\u00e8re d&#039;identification.<\/li>\n<li><strong>Rapidit\u00e9 et efficacit\u00e9 :<\/strong> Peut imprimer jusqu&#039;\u00e0 300 cartes couleur par heure, ce qui la rend extr\u00eamement efficace pour les besoins d&#039;impression volumineux.<\/li>\n<li><strong>Impression recto verso :<\/strong> Possibilit\u00e9 d&#039;impression recto-verso pour maximiser l&#039;utilisation de la surface de la carte.<\/li>\n<li><strong>Convivial:<\/strong> \u00c9quip\u00e9 de guides \u00e0 code couleur et d&#039;un panneau de commande LCD clair pour une utilisation facile.<\/li>\n<\/ul>\n<p><strong>Sp\u00e9cification technique\u00a0:<\/strong><\/p>\n<ul>\n<li><strong>Vitesse d&#039;impression\u00a0:<\/strong> Jusqu&#039;\u00e0 300 cartes par heure (impression couleur, recto-verso).<\/li>\n<li><strong>Capacit\u00e9:<\/strong> 200 cartes dans le bac d&#039;entr\u00e9e et 100 cartes dans le bac de sortie.<\/li>\n<li><strong>Type de carte\u00a0:<\/strong> Format ISO 7810, CR80, taille ID-1, compatible avec les cartes PVC et composites.<\/li>\n<li><strong>Relations:<\/strong> USB 2.0 et Ethernet pour une connexion flexible.<\/li>\n<\/ul>\n<p>La Zebra ZXP Series 7 allie haute s\u00e9curit\u00e9, vitesse et facilit\u00e9 d&#039;utilisation, ce qui en fait une excellente solution pour tous vos besoins d&#039;impression de cartes d&#039;identit\u00e9.<\/p>","protected":false},"excerpt":{"rendered":"<p>L&#039;imprimante de cartes d&#039;identit\u00e9 Zebra ZXP Series 7 offre une qualit\u00e9 et une vitesse d&#039;impression exceptionnelles, ce qui la rend id\u00e9ale pour produire de grands volumes de cartes d&#039;identit\u00e9 de type photo.<\/p>\n<p>Avec la possibilit\u00e9 d&#039;imprimer des deux c\u00f4t\u00e9s de la carte et des options de connectivit\u00e9 telles que USB et Ethernet, il s&#039;agit d&#039;une solution parfaite pour les entreprises qui ont besoin d&#039;une identification s\u00e9curis\u00e9e et fiable.<\/p>","protected":false},"featured_media":144121,"template":"","meta":{"_acf_changed":false},"product_brand":[],"product_cat":[3210],"product_tag":[2830,3172,4863,3069,3185],"class_list":{"0":"post-53741","1":"product","2":"type-product","3":"status-publish","4":"has-post-thumbnail","6":"product_cat-zebra","7":"product_tag-kortprinter-direct-to-card","8":"product_tag-dubbelsidig-dual-side","9":"product_tag-pf","10":"product_tag-trade-produkt","11":"product_tag-zebra","12":"product_shipping_class-tunga-paket","13":"pa_brands-zebra","14":"pa_fabrikat-kortskrivare-zebra","15":"tm-no-options","17":"first","18":"outofstock","19":"sale","20":"taxable","21":"shipping-taxable","22":"purchasable","23":"product-type-simple"},"acf":[],"_links":{"self":[{"href":"https:\/\/secureus.se\/fr\/wp-json\/wp\/v2\/product\/53741","targetHints":{"allow":["GET"]}}],"collection":[{"href":"https:\/\/secureus.se\/fr\/wp-json\/wp\/v2\/product"}],"about":[{"href":"https:\/\/secureus.se\/fr\/wp-json\/wp\/v2\/types\/product"}],"wp:featuredmedia":[{"embeddable":true,"href":"https:\/\/secureus.se\/fr\/wp-json\/wp\/v2\/media\/144121"}],"wp:attachment":[{"href":"https:\/\/secureus.se\/fr\/wp-json\/wp\/v2\/media?parent=53741"}],"wp:term":[{"taxonomy":"product_brand","embeddable":true,"href":"https:\/\/secureus.se\/fr\/wp-json\/wp\/v2\/product_brand?post=53741"},{"taxonomy":"product_cat","embeddable":true,"href":"https:\/\/secureus.se\/fr\/wp-json\/wp\/v2\/product_cat?post=53741"},{"taxonomy":"product_tag","embeddable":true,"href":"https:\/\/secureus.se\/fr\/wp-json\/wp\/v2\/product_tag?post=53741"}],"curies":[{"name":"wp","href":"https:\/\/api.w.org\/{rel}","templated":true}]}}