{"id":53742,"date":"2022-06-21T17:56:55","date_gmt":"2022-06-21T15:56:55","guid":{"rendered":"https:\/\/secureus.se\/produkt\/fargo-dtc4500e-plastic-card-printer-dual-sided\/"},"modified":"2026-04-30T14:23:39","modified_gmt":"2026-04-30T12:23:39","slug":"kortskrivare-fargo-dtc4500e-duplex-4","status":"publish","type":"product","link":"https:\/\/secureus.se\/fr\/kortskrivare-fargo-dtc4500e-duplex-4\/","title":{"rendered":"Imprimante de cartes Fargo DTC4500e - Imprimante de cartes d&#039;identit\u00e9 (double face)"},"content":{"rendered":"<div class=\"long_desc\">\n<p><strong>Impression de cartes d&#039;identit\u00e9 efficace et s\u00e9curis\u00e9e avec la Fargo DTC4500e\u00a0:<\/strong> La Fargo DTC4500e est une imprimante de cartes d&#039;identit\u00e9 avanc\u00e9e qui allie vitesse, s\u00e9curit\u00e9 et impressions de haute qualit\u00e9.<\/p>\n<p>Avec l\u2019option d\u2019impression recto ou recto verso, elle est parfaite pour les organisations qui ont besoin de produire rapidement de grands volumes de cartes d\u2019identit\u00e9.<\/p>\n<p><strong>Caract\u00e9ristiques et avantages\u00a0:<\/strong><\/p>\n<ul>\n<li><strong>Haute capacit\u00e9\u00a0:<\/strong> Capable d&#039;imprimer jusqu&#039;\u00e0 225 cartes couleur par heure, ce qui la rend id\u00e9ale pour la production en grand volume.<\/li>\n<li><strong>S\u00e9curit\u00e9:<\/strong> \u00c9quip\u00e9 de fonctionnalit\u00e9s de s\u00e9curit\u00e9 int\u00e9gr\u00e9es, notamment une protection par mot de passe et une impression sur panneau fluorescent.<\/li>\n<li><strong>Rentable\u00a0:<\/strong> Les consommables haute capacit\u00e9 r\u00e9duisent le co\u00fbt par carte et augmentent la productivit\u00e9.<\/li>\n<li><strong>Respectueux de l&#039;environnement :<\/strong> Certifi\u00e9 GreenCircle\u00ae pour une consommation d&#039;\u00e9nergie efficace et l&#039;utilisation de barres de recharge respectueuses de l&#039;environnement.<\/li>\n<\/ul>\n<p><strong>Sp\u00e9cification technique\u00a0:<\/strong><\/p>\n<ul>\n<li><strong>Vitesse d&#039;impression\u00a0:<\/strong> Jusqu&#039;\u00e0 225 cartes par heure (impression couleur, recto verso).<\/li>\n<li><strong>Capacit\u00e9:<\/strong> 200 cartes dans le bac d&#039;entr\u00e9e et 100 cartes dans le bac de sortie.<\/li>\n<li><strong>Type de carte\u00a0:<\/strong> Format ISO 7810, CR80, taille ID-1, compatible carte PVC, PET et PC.<\/li>\n<li><strong>Relations:<\/strong> USB 2.0 et Ethernet.<\/li>\n<\/ul>\n<p>La Fargo DTC4500e est la solution id\u00e9ale pour les organisations \u00e0 la recherche d&#039;une solution d&#039;impression de cartes d&#039;identit\u00e9 robuste et fiable, offrant une s\u00e9curit\u00e9 et une qualit\u00e9 \u00e9lev\u00e9es.<\/p>\n<\/div>","protected":false},"excerpt":{"rendered":"<p>L&#039;imprimante de cartes d&#039;identit\u00e9 Fargo DTC4500e est con\u00e7ue pour des performances \u00e9lev\u00e9es et des volumes \u00e9lev\u00e9s de cartes d&#039;identit\u00e9 s\u00e9curis\u00e9es. Elle propose des impressions de haute qualit\u00e9 pour les cartes d&#039;identit\u00e9 des employ\u00e9s, le contr\u00f4le d&#039;acc\u00e8s et les cartes de membre, avec une garantie de trois ans.<\/p>\n<p>La DTC4500e est un choix \u00e9conomique pour les moyennes et grandes entreprises \u00e0 la recherche d&#039;une solution d&#039;impression de cartes d&#039;identit\u00e9 fiable.<\/p>","protected":false},"featured_media":143934,"template":"","meta":{"_acf_changed":false},"product_brand":[],"product_cat":[3206],"product_tag":[2830,3172,3177,4863,3069],"class_list":{"0":"post-53742","1":"product","2":"type-product","3":"status-publish","4":"has-post-thumbnail","6":"product_cat-fargo","7":"product_tag-kortprinter-direct-to-card","8":"product_tag-dubbelsidig-dual-side","9":"product_tag-fargo","10":"product_tag-pf","11":"product_tag-trade-produkt","12":"product_shipping_class-tunga-paket","13":"pa_brands-fargo","14":"pa_fabrikat-kortskrivare-fargo","15":"tm-no-options","17":"first","18":"outofstock","19":"sale","20":"taxable","21":"shipping-taxable","22":"purchasable","23":"product-type-simple"},"acf":[],"_links":{"self":[{"href":"https:\/\/secureus.se\/fr\/wp-json\/wp\/v2\/product\/53742","targetHints":{"allow":["GET"]}}],"collection":[{"href":"https:\/\/secureus.se\/fr\/wp-json\/wp\/v2\/product"}],"about":[{"href":"https:\/\/secureus.se\/fr\/wp-json\/wp\/v2\/types\/product"}],"wp:featuredmedia":[{"embeddable":true,"href":"https:\/\/secureus.se\/fr\/wp-json\/wp\/v2\/media\/143934"}],"wp:attachment":[{"href":"https:\/\/secureus.se\/fr\/wp-json\/wp\/v2\/media?parent=53742"}],"wp:term":[{"taxonomy":"product_brand","embeddable":true,"href":"https:\/\/secureus.se\/fr\/wp-json\/wp\/v2\/product_brand?post=53742"},{"taxonomy":"product_cat","embeddable":true,"href":"https:\/\/secureus.se\/fr\/wp-json\/wp\/v2\/product_cat?post=53742"},{"taxonomy":"product_tag","embeddable":true,"href":"https:\/\/secureus.se\/fr\/wp-json\/wp\/v2\/product_tag?post=53742"}],"curies":[{"name":"wp","href":"https:\/\/api.w.org\/{rel}","templated":true}]}}