{"id":53748,"date":"2022-06-21T16:56:27","date_gmt":"2022-06-21T14:56:27","guid":{"rendered":"https:\/\/secureus.se\/produkt\/zebra-zxp-series-7-plastic-card-printer-single-sided\/"},"modified":"2026-04-08T16:44:12","modified_gmt":"2026-04-08T14:44:12","slug":"kortskrivare-zebra-zxp-series-7-enkel-sidig","status":"publish","type":"product","link":"https:\/\/secureus.se\/fr\/kortskrivare-zebra-zxp-series-7-enkel-sidig\/","title":{"rendered":"Imprimante de cartes Zebra ZXP Series 7 - Imprimante de cartes d&#039;identit\u00e9 (simple face)"},"content":{"rendered":"<p><strong>Impression de cartes d&#039;identit\u00e9 hautes performances avec Zebra ZXP Series 7\u00a0:<\/strong> La Zebra ZXP Series 7 est une imprimante de cartes d&#039;identit\u00e9 innovante qui offre une qualit\u00e9 et une vitesse d&#039;impression exceptionnelles.<\/p>\n<p>Il est id\u00e9al pour les entreprises qui ont besoin d&#039;une s\u00e9curit\u00e9 \u00e9lev\u00e9e et d&#039;une identification claire, telle que des informations d&#039;identification d&#039;autorit\u00e9, un contr\u00f4le d&#039;acc\u00e8s et des cartes d&#039;identit\u00e9 pour les employ\u00e9s et les \u00e9tudiants.<\/p>\n<p><strong>Caract\u00e9ristiques et avantages\u00a0:<\/strong><\/p>\n<ul>\n<li><strong>Qualit\u00e9 d&#039;impression proche de la photographie\u00a0:<\/strong> Fournit des images avec une profondeur de couleur sup\u00e9rieure et une r\u00e9solution nette, rendant les cartes d&#039;identit\u00e9 plus professionnelles.<\/li>\n<li><strong>Vitesse et capacit\u00e9 :<\/strong> Peut imprimer jusqu&#039;\u00e0 300 cartes par heure en couleur, avec une capacit\u00e9 de 200 cartes dans le bac d&#039;alimentation.<\/li>\n<li><strong>Flexibilit\u00e9:<\/strong> Prend en charge l&#039;impression recto et recto-verso, avec l&#039;option de plastification pour une durabilit\u00e9 accrue.<\/li>\n<li><strong>Relations:<\/strong> Equip\u00e9 d&#039;USB 2.0 et Ethernet pour une int\u00e9gration facile \u00e0 votre r\u00e9seau.<\/li>\n<\/ul>\n<p><strong>Sp\u00e9cification technique\u00a0:<\/strong><\/p>\n<ul>\n<li><strong>Vitesse d&#039;impression\u00a0:<\/strong> Jusqu&#039;\u00e0 300 cartes couleur par heure (recto).<\/li>\n<li><strong>Capacit\u00e9:<\/strong> 200 cartes dans le bac d&#039;entr\u00e9e et 100 cartes dans le bac de sortie.<\/li>\n<li><strong>Type de carte\u00a0:<\/strong> Format ISO 7810, CR80, taille ID-1, compatible avec les cartes PVC et composites.<\/li>\n<li><strong>Relations:<\/strong> USB 2.0 et Ethernet, avec fonction Wi-Fi en option.<\/li>\n<\/ul>\n<p>La Zebra ZXP Series 7 est la solution id\u00e9ale pour les organisations \u00e0 la recherche de cartes d&#039;identit\u00e9 de haute qualit\u00e9 et d&#039;un syst\u00e8me d&#039;impression de cartes fiable.<\/p>","protected":false},"excerpt":{"rendered":"<p>L&#039;imprimante de cartes d&#039;identit\u00e9 Zebra ZXP Series 7 est l&#039;une des imprimantes de cartes les plus avanc\u00e9es, con\u00e7ue pour produire des images de type photo en gros volumes.<\/p>\n<p>Avec des capacit\u00e9s d&#039;impression recto et recto verso, elle est parfaite pour les agences gouvernementales et les entreprises qui ont besoin d&#039;une identification s\u00e9curis\u00e9e.<\/p>\n<p>Gr\u00e2ce aux connexions USB et Ethernet, il est facile \u00e0 int\u00e9grer dans les syst\u00e8mes existants.<\/p>","protected":false},"featured_media":144348,"template":"","meta":{"_acf_changed":false},"product_brand":[],"product_cat":[3210],"product_tag":[2830,4863,3069,3185],"class_list":{"0":"post-53748","1":"product","2":"type-product","3":"status-publish","4":"has-post-thumbnail","6":"product_cat-zebra","7":"product_tag-kortprinter-direct-to-card","8":"product_tag-pf","9":"product_tag-trade-produkt","10":"product_tag-zebra","11":"product_shipping_class-tunga-paket","12":"pa_brands-zebra","13":"pa_fabrikat-kortskrivare-zebra","14":"tm-no-options","16":"first","17":"outofstock","18":"sale","19":"taxable","20":"shipping-taxable","21":"purchasable","22":"product-type-simple"},"acf":[],"_links":{"self":[{"href":"https:\/\/secureus.se\/fr\/wp-json\/wp\/v2\/product\/53748","targetHints":{"allow":["GET"]}}],"collection":[{"href":"https:\/\/secureus.se\/fr\/wp-json\/wp\/v2\/product"}],"about":[{"href":"https:\/\/secureus.se\/fr\/wp-json\/wp\/v2\/types\/product"}],"wp:featuredmedia":[{"embeddable":true,"href":"https:\/\/secureus.se\/fr\/wp-json\/wp\/v2\/media\/144348"}],"wp:attachment":[{"href":"https:\/\/secureus.se\/fr\/wp-json\/wp\/v2\/media?parent=53748"}],"wp:term":[{"taxonomy":"product_brand","embeddable":true,"href":"https:\/\/secureus.se\/fr\/wp-json\/wp\/v2\/product_brand?post=53748"},{"taxonomy":"product_cat","embeddable":true,"href":"https:\/\/secureus.se\/fr\/wp-json\/wp\/v2\/product_cat?post=53748"},{"taxonomy":"product_tag","embeddable":true,"href":"https:\/\/secureus.se\/fr\/wp-json\/wp\/v2\/product_tag?post=53748"}],"curies":[{"name":"wp","href":"https:\/\/api.w.org\/{rel}","templated":true}]}}