{"id":53755,"date":"2022-06-21T17:56:08","date_gmt":"2022-06-21T15:56:08","guid":{"rendered":"https:\/\/secureus.se\/produkt\/fargo-dtc1250e-plastic-card-printer-dual-sided\/"},"modified":"2026-03-26T10:18:37","modified_gmt":"2026-03-26T09:18:37","slug":"kortskrivare-fargo-dtc1250e-duplex","status":"publish","type":"product","link":"https:\/\/secureus.se\/fr\/kortskrivare-fargo-dtc1250e-duplex\/","title":{"rendered":"Imprimante de cartes Fargo DTC1250e - Imprimante de cartes d&#039;identit\u00e9 (double face)"},"content":{"rendered":"<div class=\"long_desc\">\n<p><strong>Impression de cartes d&#039;identit\u00e9 efficace et abordable avec la Fargo DTC1250e\u00a0:<\/strong> Con\u00e7ue en pensant \u00e0 l&#039;utilisateur, la Fargo DTC1250e offre une solution rapide et fiable pour l&#039;impression de cartes d&#039;identit\u00e9.<\/p>\n<p>Elle est parfaite pour les petites et moyennes entreprises et les \u00e9tablissements d\u2019enseignement qui ont besoin d\u2019imprimer quelques centaines de cartes d\u2019identit\u00e9.<\/p>\n<p><strong>Caract\u00e9ristiques et avantages\u00a0:<\/strong><\/p>\n<ul>\n<li><strong>Impression rapide\u00a0:<\/strong> L&#039;imprimante ne prend que 16 secondes pour imprimer une carte couleur et 6 secondes pour le noir et blanc, minimisant ainsi le temps d&#039;attente.<\/li>\n<li><strong>Facilit\u00e9 d&#039;utilisation :<\/strong> Facile \u00e0 utiliser avec une interface intuitive qui facilite la navigation entre les fonctions.<\/li>\n<li><strong>Rentable\u00a0:<\/strong> Impression \u00e9conomique sans compromis sur la qualit\u00e9.<\/li>\n<li><strong>Garantie:<\/strong> Garantie de trois ans pour plus de s\u00e9curit\u00e9.<\/li>\n<\/ul>\n<p><strong>Sp\u00e9cification technique\u00a0:<\/strong><\/p>\n<ul>\n<li><strong>Vitesse d&#039;impression\u00a0:<\/strong> 6 secondes pour le noir et blanc et 16 secondes pour les cartes couleur.<\/li>\n<li><strong>Capacit\u00e9:<\/strong> 100 cartes dans le bac d&#039;entr\u00e9e et jusqu&#039;\u00e0 30 cartes dans le bac de sortie (recto-verso).<\/li>\n<li><strong>Type de carte\u00a0:<\/strong> Format ISO 7810, CR80, taille ID-1, compatible avec les cartes PVC, PET et composites.<\/li>\n<li><strong>Relations:<\/strong> USB 2.0, avec possibilit\u00e9 d&#039;Ethernet.<\/li>\n<\/ul>\n<p>Notez qu&#039;aucune nervure d&#039;imprimante n&#039;est incluse avec l&#039;imprimante\u00a0; assurez-vous d&#039;en ajouter un \u00e0 votre commande.<\/p>\n<\/div>","protected":false},"excerpt":{"rendered":"<p>L&#039;imprimante de cartes d&#039;identit\u00e9 Fargo DTC1250e offre une solution conviviale et \u00e9conomique pour produire des cartes d&#039;identit\u00e9 de haute qualit\u00e9.<\/p>\n<p>Avec un temps d&#039;impression rapide de seulement 16 secondes pour les cartes couleur et 6 secondes pour le noir et blanc, elle est parfaite pour les \u00e9coles, les universit\u00e9s et les clubs membres.<\/p>\n<p>L&#039;imprimante est livr\u00e9e avec une garantie de trois ans et le logiciel EasyBadge Lite gratuit.<\/p>","protected":false},"featured_media":143991,"template":"","meta":{"_acf_changed":false},"product_brand":[],"product_cat":[3206],"product_tag":[2830,3172,3177,4863,3069],"class_list":{"0":"post-53755","1":"product","2":"type-product","3":"status-publish","4":"has-post-thumbnail","6":"product_cat-fargo","7":"product_tag-kortprinter-direct-to-card","8":"product_tag-dubbelsidig-dual-side","9":"product_tag-fargo","10":"product_tag-pf","11":"product_tag-trade-produkt","12":"product_shipping_class-tunga-paket","13":"pa_brands-fargo","14":"pa_fabrikat-kortskrivare-fargo","15":"tm-no-options","17":"first","18":"instock","19":"sale","20":"taxable","21":"shipping-taxable","22":"purchasable","23":"product-type-simple"},"acf":[],"_links":{"self":[{"href":"https:\/\/secureus.se\/fr\/wp-json\/wp\/v2\/product\/53755","targetHints":{"allow":["GET"]}}],"collection":[{"href":"https:\/\/secureus.se\/fr\/wp-json\/wp\/v2\/product"}],"about":[{"href":"https:\/\/secureus.se\/fr\/wp-json\/wp\/v2\/types\/product"}],"wp:featuredmedia":[{"embeddable":true,"href":"https:\/\/secureus.se\/fr\/wp-json\/wp\/v2\/media\/143991"}],"wp:attachment":[{"href":"https:\/\/secureus.se\/fr\/wp-json\/wp\/v2\/media?parent=53755"}],"wp:term":[{"taxonomy":"product_brand","embeddable":true,"href":"https:\/\/secureus.se\/fr\/wp-json\/wp\/v2\/product_brand?post=53755"},{"taxonomy":"product_cat","embeddable":true,"href":"https:\/\/secureus.se\/fr\/wp-json\/wp\/v2\/product_cat?post=53755"},{"taxonomy":"product_tag","embeddable":true,"href":"https:\/\/secureus.se\/fr\/wp-json\/wp\/v2\/product_tag?post=53755"}],"curies":[{"name":"wp","href":"https:\/\/api.w.org\/{rel}","templated":true}]}}