{"id":53758,"date":"2022-06-21T16:55:59","date_gmt":"2022-06-21T14:55:59","guid":{"rendered":"https:\/\/secureus.se\/produkt\/fargo-hdp6600-retransfer-plastic-card-printer-dual-sided\/"},"modified":"2026-04-23T12:37:01","modified_gmt":"2026-04-23T10:37:01","slug":"kortskrivare-fargo-hdp6600-duplex","status":"publish","type":"product","link":"https:\/\/secureus.se\/fr\/kortskrivare-fargo-hdp6600-duplex\/","title":{"rendered":"Imprimante de cartes Fargo HDP6600 - Imprimante de cartes d&#039;identit\u00e9 \u00e0 retransfert (double face)"},"content":{"rendered":"<p><strong>Impression de cartes d&#039;identit\u00e9 efficace et fiable avec la Fargo HDP6600\u00a0:<\/strong> La Fargo HDP6600 est l\u2019imprimante de retransfert de bureau la plus avanc\u00e9e du march\u00e9.<\/p>\n<p>Dot\u00e9e de six g\u00e9n\u00e9rations de technologie de retransfert, elle allie rapidit\u00e9, qualit\u00e9 et s\u00e9curit\u00e9, ce qui la rend id\u00e9ale pour produire des cartes de s\u00e9curit\u00e9, des cartes de membre et des cartes d&#039;acc\u00e8s.<\/p>\n<p><strong>Caract\u00e9ristiques et avantages\u00a0:<\/strong><\/p>\n<ul>\n<li><strong>Impression rapide\u00a0:<\/strong> Premi\u00e8re carte pr\u00eate en moins de 60 secondes, ce qui minimise le temps d&#039;attente.<\/li>\n<li><strong>Haute capacit\u00e9\u00a0:<\/strong> Peut imprimer jusqu&#039;\u00e0 230 cartes couleur par heure, optimisant ainsi la productivit\u00e9.<\/li>\n<li><strong>S\u00e9curit\u00e9 avanc\u00e9e\u00a0:<\/strong> \u00c9quip\u00e9 d&#039;un cryptage des donn\u00e9es AES 256, d&#039;une protection par mot de passe et de la possibilit\u00e9 de protection des donn\u00e9es par brouillage de r\u00e9sine.<\/li>\n<li><strong>Respectueux de l&#039;environnement :<\/strong> Certifi\u00e9 GreenCircle\u00ae pour une consommation d\u2019\u00e9nergie efficace et un laminage sans d\u00e9chets.<\/li>\n<\/ul>\n<p><strong>Sp\u00e9cification technique\u00a0:<\/strong><\/p>\n<ul>\n<li><strong>Vitesse d&#039;impression\u00a0:<\/strong> Jusqu&#039;\u00e0 230 cartes par heure (impression couleur, recto-verso).<\/li>\n<li><strong>Capacit\u00e9:<\/strong> 200 cartes dans le bac d&#039;entr\u00e9e et 100 cartes dans le bac de sortie.<\/li>\n<li><strong>Type de carte\u00a0:<\/strong> Format ISO 7810, CR80, taille ID-1, compatible avec les cartes PVC, PET et composites.<\/li>\n<li><strong>Relations:<\/strong> USB 2.0 et Ethernet.<\/li>\n<\/ul>\n<p>La Fargo HDP6600 offre une solution robuste et efficace pour tous vos besoins d&#039;impression de cartes d&#039;identit\u00e9 et est adaptable aux exigences futures.<\/p>","protected":false},"excerpt":{"rendered":"<p>L&#039;imprimante de cartes d&#039;identit\u00e9 Fargo HDP6600 est une imprimante de retransfert avanc\u00e9e con\u00e7ue pour produire rapidement des cartes de haute qualit\u00e9.<\/p>\n<p>Avec un temps de premi\u00e8re impression inf\u00e9rieur \u00e0 60 secondes et une capacit\u00e9 d&#039;impression jusqu&#039;\u00e0 230 cartes par heure, cette imprimante est parfaite pour les entreprises qui appr\u00e9cient l&#039;efficacit\u00e9 et la s\u00e9curit\u00e9.<\/p>\n<p>Il est livr\u00e9 avec une garantie de trois ans et le logiciel EasyBadge Lite gratuit.<\/p>","protected":false},"featured_media":144785,"template":"","meta":{"_acf_changed":false},"product_brand":[],"product_cat":[3206],"product_tag":[2830,3172,3177,4863,2831,3069],"class_list":{"0":"post-53758","1":"product","2":"type-product","3":"status-publish","4":"has-post-thumbnail","6":"product_cat-fargo","7":"product_tag-kortprinter-direct-to-card","8":"product_tag-dubbelsidig-dual-side","9":"product_tag-fargo","10":"product_tag-pf","11":"product_tag-kortprinter-retransfer","12":"product_tag-trade-produkt","13":"product_shipping_class-tunga-paket","14":"pa_brands-fargo","15":"pa_fabrikat-kortskrivare-fargo","16":"tm-no-options","18":"first","19":"instock","20":"sale","21":"taxable","22":"shipping-taxable","23":"purchasable","24":"product-type-simple"},"acf":[],"_links":{"self":[{"href":"https:\/\/secureus.se\/fr\/wp-json\/wp\/v2\/product\/53758","targetHints":{"allow":["GET"]}}],"collection":[{"href":"https:\/\/secureus.se\/fr\/wp-json\/wp\/v2\/product"}],"about":[{"href":"https:\/\/secureus.se\/fr\/wp-json\/wp\/v2\/types\/product"}],"wp:featuredmedia":[{"embeddable":true,"href":"https:\/\/secureus.se\/fr\/wp-json\/wp\/v2\/media\/144785"}],"wp:attachment":[{"href":"https:\/\/secureus.se\/fr\/wp-json\/wp\/v2\/media?parent=53758"}],"wp:term":[{"taxonomy":"product_brand","embeddable":true,"href":"https:\/\/secureus.se\/fr\/wp-json\/wp\/v2\/product_brand?post=53758"},{"taxonomy":"product_cat","embeddable":true,"href":"https:\/\/secureus.se\/fr\/wp-json\/wp\/v2\/product_cat?post=53758"},{"taxonomy":"product_tag","embeddable":true,"href":"https:\/\/secureus.se\/fr\/wp-json\/wp\/v2\/product_tag?post=53758"}],"curies":[{"name":"wp","href":"https:\/\/api.w.org\/{rel}","templated":true}]}}