{"id":53760,"date":"2022-06-21T16:55:54","date_gmt":"2022-06-21T14:55:54","guid":{"rendered":"https:\/\/secureus.se\/produkt\/magicard-600-uno-id-card-printer-single-sided\/"},"modified":"2026-03-26T10:12:14","modified_gmt":"2026-03-26T09:12:14","slug":"kortskrivare-magicard-600-uno","status":"publish","type":"product","link":"https:\/\/secureus.se\/fr\/kortskrivare-magicard-600-uno\/","title":{"rendered":"Imprimante de cartes Magicard 600 UNO \u2013 Imprimante de cartes d&#039;identit\u00e9 (simple face)"},"content":{"rendered":"<header class=\"attribute-sleeve-header center\">\n<h4 data-start=\"467\" data-end=\"514\">Impression haute r\u00e9solution et production rapide<\/h4>\n<p data-start=\"515\" data-end=\"802\">La Magicard 600 UNO offre des impressions de haute qualit\u00e9 avec une r\u00e9solution de 600 x 300 dpi. Avec la capacit\u00e9 de produire des cartes couleur en moins de 20 secondes et une capacit\u00e9 allant jusqu&#039;\u00e0 190 cartes par heure, cette imprimante est parfaite pour les environnements o\u00f9 la vitesse et la pr\u00e9cision sont cruciales.<\/p>\n<h4 data-start=\"804\" data-end=\"841\">Fonctionnalit\u00e9s de s\u00e9curit\u00e9 avanc\u00e9es<\/h4>\n<ul data-start=\"842\" data-end=\"1065\">\n<li data-start=\"842\" data-end=\"965\"><strong data-start=\"844\" data-end=\"885\">Filigranes personnalis\u00e9s et HoloKote\u00ae\u00a0:<\/strong><br data-start=\"885\" data-end=\"888\" \/>Les fonctions de s\u00e9curit\u00e9 int\u00e9gr\u00e9es prot\u00e8gent les cartes contre la contrefa\u00e7on et le clonage.<\/li>\n<li data-start=\"966\" data-end=\"1065\"><strong data-start=\"968\" data-end=\"986\">S\u00e9curit\u00e9 des donn\u00e9es :<\/strong><br data-start=\"986\" data-end=\"989\" \/>L&#039;imprimante garantit que vos donn\u00e9es sensibles sont trait\u00e9es en toute s\u00e9curit\u00e9.<\/li>\n<\/ul>\n<h4 data-start=\"1067\" data-end=\"1107\">Installation et utilisation faciles<\/h4>\n<ul data-start=\"1108\" data-end=\"1430\">\n<li data-start=\"1108\" data-end=\"1274\"><strong data-start=\"1110\" data-end=\"1128\">Pr\u00eat \u00e0 l&#039;emploi :<\/strong><br data-start=\"1128\" data-end=\"1131\" \/>Le Magicard 600 UNO est con\u00e7u pour une installation rapide avec des connaissances techniques minimales, vous permettant de d\u00e9marrer rapidement la production.<\/li>\n<li data-start=\"1275\" data-end=\"1430\"><strong data-start=\"1277\" data-end=\"1300\">Int\u00e9gration fluide :<\/strong><br data-start=\"1300\" data-end=\"1303\" \/>\u00c9quip\u00e9e d&#039;USB, d&#039;Ethernet et de Wi-Fi (via dongle inclus), l&#039;imprimante permet une int\u00e9gration facile dans votre syst\u00e8me existant.<\/li>\n<\/ul>\n<h4 data-start=\"1432\" data-end=\"1467\">Solution compl\u00e8te avec garantie<\/h4>\n<ul data-start=\"1468\" data-end=\"1749\">\n<li data-start=\"1468\" data-end=\"1589\"><strong data-start=\"1470\" data-end=\"1501\">Logiciel EasyBadge Lite :<\/strong><br data-start=\"1501\" data-end=\"1504\" \/>Livr\u00e9 avec un logiciel gratuit pour simplifier la conception et l&#039;impression de cartes d&#039;identit\u00e9.<\/li>\n<li data-start=\"1590\" data-end=\"1749\"><strong data-start=\"1592\" data-end=\"1626\">Garantie MagiCoverPlus de trois ans :<\/strong><br data-start=\"1626\" data-end=\"1629\" \/>Une garantie robuste qui assure la protection de votre investissement, offrant ainsi une tranquillit\u00e9 d&#039;esprit suppl\u00e9mentaire dans vos op\u00e9rations quotidiennes.<\/li>\n<\/ul>\n<p data-start=\"1751\" data-end=\"1914\" data-is-last-node=\"\">La Magicard 600 UNO est la solution parfaite pour les entreprises et les institutions qui ont besoin d&#039;une solution s\u00e9curis\u00e9e, efficace et de haute qualit\u00e9 pour l&#039;impression de cartes d&#039;identit\u00e9 recto.<\/p>\n<\/header>","protected":false},"excerpt":{"rendered":"<p>L&#039;imprimante de cartes d&#039;identit\u00e9 Magicard 600 UNO offre une impression haute r\u00e9solution et des performances rapides, ce qui la rend id\u00e9ale pour la production recto de cartes d&#039;identit\u00e9 s\u00e9curis\u00e9es. Avec des fonctionnalit\u00e9s de s\u00e9curit\u00e9 avanc\u00e9es, notamment des filigranes personnalis\u00e9s et HoloKote\u00ae, ainsi qu&#039;une garantie MagiCoverPlus de trois ans et le logiciel EasyBadge Lite inclus, c&#039;est une solution fiable pour les entreprises qui \u00e9mettent fr\u00e9quemment des cartes d&#039;employ\u00e9s et de membres.<\/p>","protected":false},"featured_media":144793,"template":"","meta":{"_acf_changed":false},"product_brand":[],"product_cat":[3208],"product_tag":[2830,3174,4863,3069],"class_list":{"0":"post-53760","1":"product","2":"type-product","3":"status-publish","4":"has-post-thumbnail","6":"product_cat-magicard","7":"product_tag-kortprinter-direct-to-card","8":"product_tag-magicard","9":"product_tag-pf","10":"product_tag-trade-produkt","11":"product_shipping_class-tunga-paket","12":"pa_brands-magicard","13":"pa_fabrikat-kortskrivare-magicard","14":"tm-no-options","16":"first","17":"instock","18":"sale","19":"taxable","20":"shipping-taxable","21":"purchasable","22":"product-type-simple"},"acf":[],"_links":{"self":[{"href":"https:\/\/secureus.se\/fr\/wp-json\/wp\/v2\/product\/53760","targetHints":{"allow":["GET"]}}],"collection":[{"href":"https:\/\/secureus.se\/fr\/wp-json\/wp\/v2\/product"}],"about":[{"href":"https:\/\/secureus.se\/fr\/wp-json\/wp\/v2\/types\/product"}],"wp:featuredmedia":[{"embeddable":true,"href":"https:\/\/secureus.se\/fr\/wp-json\/wp\/v2\/media\/144793"}],"wp:attachment":[{"href":"https:\/\/secureus.se\/fr\/wp-json\/wp\/v2\/media?parent=53760"}],"wp:term":[{"taxonomy":"product_brand","embeddable":true,"href":"https:\/\/secureus.se\/fr\/wp-json\/wp\/v2\/product_brand?post=53760"},{"taxonomy":"product_cat","embeddable":true,"href":"https:\/\/secureus.se\/fr\/wp-json\/wp\/v2\/product_cat?post=53760"},{"taxonomy":"product_tag","embeddable":true,"href":"https:\/\/secureus.se\/fr\/wp-json\/wp\/v2\/product_tag?post=53760"}],"curies":[{"name":"wp","href":"https:\/\/api.w.org\/{rel}","templated":true}]}}