{"id":53763,"date":"2022-06-21T16:55:34","date_gmt":"2022-06-21T14:55:34","guid":{"rendered":"https:\/\/secureus.se\/produkt\/evolis-zenius-classic-id-card-printer-single-sided\/"},"modified":"2026-03-26T10:23:25","modified_gmt":"2026-03-26T09:23:25","slug":"kortskrivare-evolis-zenius-classic","status":"publish","type":"product","link":"https:\/\/secureus.se\/fr\/kortskrivare-evolis-zenius-classic\/","title":{"rendered":"Imprimante de cartes Evolis Zenius Classic - Imprimante de cartes d&#039;identit\u00e9 (simple face)"},"content":{"rendered":"<p><strong>Impression de cartes d&#039;identit\u00e9 flexible et efficace avec Evolis Zenius Classic :<\/strong> Evolis Zenius Classic est une solution fiable pour les entreprises qui ont besoin de produire rapidement et facilement des cartes d&#039;identit\u00e9.<\/p>\n<p>Il est particuli\u00e8rement adapt\u00e9 aux petits et moyens volumes d\u2019impression et offre une facilit\u00e9 d\u2019utilisation et une haute qualit\u00e9.<\/p>\n<p><strong>Caract\u00e9ristiques et avantages\u00a0:<\/strong><\/p>\n<ul>\n<li><strong>Impression rapide\u00a0:<\/strong> Peut imprimer jusqu&#039;\u00e0 150 cartes couleur par heure, augmentant ainsi la productivit\u00e9 et r\u00e9duisant les temps d&#039;attente.<\/li>\n<li><strong>Conception compacte\u00a0:<\/strong> Zenius est con\u00e7u pour \u00eatre compact et s&#039;int\u00e8gre facilement dans diff\u00e9rents environnements, des bureaux aux comptoirs d&#039;accueil.<\/li>\n<li><strong>Facilit\u00e9 d&#039;utilisation :<\/strong> Equip\u00e9 du logiciel Evolis Premium Suite\u00ae pour une installation et une utilisation faciles. Il dispose \u00e9galement d&#039;une interface graphique qui donne aux utilisateurs un retour visuel sur l&#039;imprimante.<\/li>\n<li><strong>Plusieurs types de cartes :<\/strong> Compatible avec les panneaux PVC, PET et composites, offrant une flexibilit\u00e9 d&#039;utilisation.<\/li>\n<\/ul>\n<p><strong>Sp\u00e9cification technique\u00a0:<\/strong><\/p>\n<ul>\n<li><strong>Vitesse d&#039;impression\u00a0:<\/strong> Jusqu&#039;\u00e0 150 cartes par heure (impression couleur).<\/li>\n<li><strong>Capacit\u00e9:<\/strong> 50 cartes dans le bac d&#039;entr\u00e9e et 30 cartes dans le bac de sortie.<\/li>\n<li><strong>Type de carte\u00a0:<\/strong> Format ISO 7810, CR80, taille ID-1, compatible avec les cartes PVC, PET et composites.<\/li>\n<li><strong>Relations:<\/strong> USB 2.0 et Ethernet.<\/li>\n<\/ul>\n<p>Zenius Classic est une solution d&#039;impression de cartes d&#039;identit\u00e9 \u00e9conomique et polyvalente, id\u00e9ale pour les entreprises qui appr\u00e9cient la qualit\u00e9 et l&#039;efficacit\u00e9.<\/p>","protected":false},"excerpt":{"rendered":"<p>L&#039;imprimante de cartes d&#039;identit\u00e9 Evolis Zenius Classic est id\u00e9ale pour produire des cartes d&#039;identit\u00e9 en plastique de haute qualit\u00e9 en petits et moyens volumes.<\/p>\n<p>Elle imprime des cartes couleur et noir et blanc \u00e0 une vitesse pouvant atteindre 150 cartes par heure.<\/p>\n<p>Gr\u00e2ce \u00e0 son design compact, il s&#039;int\u00e8gre facilement dans la plupart des environnements et est compatible avec les syst\u00e8mes d&#039;exploitation Mac et Windows.<\/p>","protected":false},"featured_media":143951,"template":"","meta":{"_acf_changed":false},"product_brand":[],"product_cat":[3205],"product_tag":[2830,3176,4863,3069],"class_list":{"0":"post-53763","1":"product","2":"type-product","3":"status-publish","4":"has-post-thumbnail","6":"product_cat-evolis","7":"product_tag-kortprinter-direct-to-card","8":"product_tag-evolis","9":"product_tag-pf","10":"product_tag-trade-produkt","11":"product_shipping_class-tunga-paket","12":"pa_brands-evolis","13":"pa_fabrikat-kortskrivare-evolis","14":"tm-no-options","16":"first","17":"instock","18":"sale","19":"taxable","20":"shipping-taxable","21":"purchasable","22":"product-type-simple"},"acf":[],"_links":{"self":[{"href":"https:\/\/secureus.se\/fr\/wp-json\/wp\/v2\/product\/53763","targetHints":{"allow":["GET"]}}],"collection":[{"href":"https:\/\/secureus.se\/fr\/wp-json\/wp\/v2\/product"}],"about":[{"href":"https:\/\/secureus.se\/fr\/wp-json\/wp\/v2\/types\/product"}],"wp:featuredmedia":[{"embeddable":true,"href":"https:\/\/secureus.se\/fr\/wp-json\/wp\/v2\/media\/143951"}],"wp:attachment":[{"href":"https:\/\/secureus.se\/fr\/wp-json\/wp\/v2\/media?parent=53763"}],"wp:term":[{"taxonomy":"product_brand","embeddable":true,"href":"https:\/\/secureus.se\/fr\/wp-json\/wp\/v2\/product_brand?post=53763"},{"taxonomy":"product_cat","embeddable":true,"href":"https:\/\/secureus.se\/fr\/wp-json\/wp\/v2\/product_cat?post=53763"},{"taxonomy":"product_tag","embeddable":true,"href":"https:\/\/secureus.se\/fr\/wp-json\/wp\/v2\/product_tag?post=53763"}],"curies":[{"name":"wp","href":"https:\/\/api.w.org\/{rel}","templated":true}]}}