{"id":53765,"date":"2022-06-21T16:55:30","date_gmt":"2022-06-21T14:55:30","guid":{"rendered":"https:\/\/secureus.se\/produkt\/fargo-dtc4250e-plastic-card-printer-single-sided\/"},"modified":"2026-04-23T12:38:03","modified_gmt":"2026-04-23T10:38:03","slug":"kortskrivare-fargo-dtc4250e-enkel-sidig","status":"publish","type":"product","link":"https:\/\/secureus.se\/fr\/kortskrivare-fargo-dtc4250e-enkel-sidig\/","title":{"rendered":"Imprimante de cartes Fargo DTC4250e - Imprimante de cartes d&#039;identit\u00e9 (simple face)"},"content":{"rendered":"<p><strong>Impression de cartes d&#039;identit\u00e9 polyvalente et efficace avec la Fargo DTC4250e\u00a0:<\/strong> La Fargo DTC4250e est con\u00e7ue pour imprimer rapidement et facilement des cartes d&#039;identit\u00e9 de haute qualit\u00e9.<\/p>\n<p>Elle est id\u00e9ale pour les entreprises, les \u00e9coles et les organisations qui ont besoin d\u2019une solution d\u2019impression de cartes fiable et flexible.<\/p>\n<p><strong>Caract\u00e9ristiques et avantages\u00a0:<\/strong><\/p>\n<ul>\n<li><strong>Flexibilit\u00e9:<\/strong> Le mod\u00e8le de base peut \u00eatre rapidement mis \u00e0 niveau vers l&#039;impression recto verso et peut \u00e9galement int\u00e9grer des encodeurs pour diverses cartes technologiques telles que MIFARE\u00ae et bandes magn\u00e9tiques.<\/li>\n<li><strong>Rapide et efficace :<\/strong> Capacit\u00e9 d&#039;impression pour les cartes couleur et noir et blanc avec des cartouches d&#039;impression tout-en-un pour une installation et une utilisation faciles.<\/li>\n<li><strong>Rentable\u00a0:<\/strong> Garantie de trois ans qui offre une tranquillit\u00e9 d&#039;esprit pour une utilisation \u00e0 long terme.<\/li>\n<\/ul>\n<p><strong>Sp\u00e9cification technique\u00a0:<\/strong><\/p>\n<ul>\n<li><strong>Vitesse d&#039;impression\u00a0:<\/strong> Jusqu&#039;\u00e0 200 cartes couleur par heure et 1 000 cartes par heure en noir et blanc.<\/li>\n<li><strong>Capacit\u00e9:<\/strong> 100 cartes dans le bac d&#039;entr\u00e9e et 100 cartes dans le bac de sortie.<\/li>\n<li><strong>Type de carte\u00a0:<\/strong> Format ISO 7810, CR80, taille ID-1, compatible avec les cartes PVC, PET et composites.<\/li>\n<li><strong>Relations:<\/strong> USB 2.0 et Ethernet.<\/li>\n<\/ul>\n<p>La Fargo DTC4250e est une solution id\u00e9ale pour ceux qui recherchent une solution d&#039;impression de cartes d&#039;identit\u00e9 efficace et s\u00e9curis\u00e9e, et peut facilement \u00eatre adapt\u00e9e aux exigences futures.<\/p>","protected":false},"excerpt":{"rendered":"<p>L&#039;imprimante de cartes d&#039;identit\u00e9 Fargo DTC4250e est une solution flexible et conviviale pour imprimer diff\u00e9rents types de cartes d&#039;identit\u00e9, y compris les cartes d&#039;identit\u00e9 des employ\u00e9s et les cartes de membre.<\/p>\n<p>Elle peut rapidement \u00e9voluer vers l&#039;impression recto-verso et int\u00e9grer des encodeurs pour MIFARE ou bandes magn\u00e9tiques.<\/p>\n<p>Avec une garantie de trois ans et le logiciel EasyBadge Lite inclus, il est parfait pour les petites et moyennes entreprises.<\/p>","protected":false},"featured_media":144150,"template":"","meta":{"_acf_changed":false},"product_brand":[],"product_cat":[3206],"product_tag":[2830,3177,4863,3069],"class_list":{"0":"post-53765","1":"product","2":"type-product","3":"status-publish","4":"has-post-thumbnail","6":"product_cat-fargo","7":"product_tag-kortprinter-direct-to-card","8":"product_tag-fargo","9":"product_tag-pf","10":"product_tag-trade-produkt","11":"product_shipping_class-tunga-paket","12":"pa_brands-fargo","13":"pa_fabrikat-kortskrivare-fargo","14":"tm-no-options","16":"first","17":"instock","18":"sale","19":"taxable","20":"shipping-taxable","21":"purchasable","22":"product-type-simple"},"acf":[],"_links":{"self":[{"href":"https:\/\/secureus.se\/fr\/wp-json\/wp\/v2\/product\/53765","targetHints":{"allow":["GET"]}}],"collection":[{"href":"https:\/\/secureus.se\/fr\/wp-json\/wp\/v2\/product"}],"about":[{"href":"https:\/\/secureus.se\/fr\/wp-json\/wp\/v2\/types\/product"}],"wp:featuredmedia":[{"embeddable":true,"href":"https:\/\/secureus.se\/fr\/wp-json\/wp\/v2\/media\/144150"}],"wp:attachment":[{"href":"https:\/\/secureus.se\/fr\/wp-json\/wp\/v2\/media?parent=53765"}],"wp:term":[{"taxonomy":"product_brand","embeddable":true,"href":"https:\/\/secureus.se\/fr\/wp-json\/wp\/v2\/product_brand?post=53765"},{"taxonomy":"product_cat","embeddable":true,"href":"https:\/\/secureus.se\/fr\/wp-json\/wp\/v2\/product_cat?post=53765"},{"taxonomy":"product_tag","embeddable":true,"href":"https:\/\/secureus.se\/fr\/wp-json\/wp\/v2\/product_tag?post=53765"}],"curies":[{"name":"wp","href":"https:\/\/api.w.org\/{rel}","templated":true}]}}