{"id":53768,"date":"2022-06-21T16:55:18","date_gmt":"2022-06-21T14:55:18","guid":{"rendered":"https:\/\/secureus.se\/produkt\/fargo-hdp5000-retransfer-plastic-card-printer-single-sided\/"},"modified":"2026-04-08T16:34:34","modified_gmt":"2026-04-08T14:34:34","slug":"kortskrivare-fargo-hdp5000-enkel-sidig","status":"publish","type":"product","link":"https:\/\/secureus.se\/fr\/kortskrivare-fargo-hdp5000-enkel-sidig\/","title":{"rendered":"Imprimante de cartes Fargo HDP5000 - Imprimante de cartes d&#039;identit\u00e9 \u00e0 retransfert (simple face)"},"content":{"rendered":"<p><strong>Impression de cartes d&#039;identit\u00e9 de haute qualit\u00e9 et s\u00e9curis\u00e9e avec la Fargo HDP5000\u00a0:<\/strong> La Fargo HDP5000 est l&#039;une des imprimantes \u00e0 retransfert les plus vendues, con\u00e7ue pour produire des cartes d&#039;identit\u00e9 color\u00e9es et dynamiques d&#039;une qualit\u00e9 exceptionnelle.<\/p>\n<p>Il est parfait pour imprimer \u00e0 la fois des cartes formulaires et des cartes \u00e0 puce.<\/p>\n<p><strong>Caract\u00e9ristiques et avantages\u00a0:<\/strong><\/p>\n<ul>\n<li><strong>Impression Haute D\u00e9finition\u00ae\u00a0:<\/strong> Fournit des cartes vives et claires qui se d\u00e9marquent vraiment, ce qui les rend faciles \u00e0 identifier.<\/li>\n<li><strong>Utilisation flexible :<\/strong> Peut imprimer sur une vari\u00e9t\u00e9 de types de cartes, y compris les cartes de contr\u00f4le d&#039;acc\u00e8s.<\/li>\n<li><strong>Efficace et rapide :<\/strong> Id\u00e9al pour la production de gros volumes, avec la capacit\u00e9 d\u2019imprimer des cartes rapidement et efficacement.<\/li>\n<li><strong>S\u00e9curit\u00e9:<\/strong> \u00c9quip\u00e9 du filigrane HoloKote\u00ae pour emp\u00eacher le clonage de la carte.<\/li>\n<\/ul>\n<p><strong>Sp\u00e9cification technique\u00a0:<\/strong><\/p>\n<ul>\n<li><strong>Vitesse d&#039;impression\u00a0:<\/strong> Jusqu&#039;\u00e0 150 cartes par heure (impression couleur).<\/li>\n<li><strong>Capacit\u00e9:<\/strong> 100 cartes dans le bac d&#039;entr\u00e9e et 100 cartes dans le bac de sortie.<\/li>\n<li><strong>Type de carte\u00a0:<\/strong> Format ISO 7810, CR80, taille ID-1, compatible avec les cartes PVC, PET et composites.<\/li>\n<li><strong>Relations:<\/strong> USB 2.0 et Ethernet.<\/li>\n<\/ul>\n<p>Notez que ni le ruban couleur Fargo 84051 YMCK ni le film de retransfert Fargo 84053 ne sont inclus\u00a0; ceux-ci doivent \u00eatre achet\u00e9s s\u00e9par\u00e9ment.<\/p>","protected":false},"excerpt":{"rendered":"<p>L&#039;imprimante de cartes d&#039;identit\u00e9 Fargo HDP5000 offre une qualit\u00e9 d&#039;impression exceptionnelle gr\u00e2ce \u00e0 la technologie High-Definition Printing\u00ae, ce qui la rend id\u00e9ale pour l&#039;impression de cartes d&#039;identit\u00e9 s\u00e9curis\u00e9es en grand volume.<\/p>\n<p>Avec une garantie de trois ans et le logiciel EasyBadge Lite inclus, il s&#039;agit d&#039;une solution fiable pour les entreprises qui ont besoin d&#039;une identification s\u00e9curis\u00e9e.<\/p>","protected":false},"featured_media":144820,"template":"","meta":{"_acf_changed":false},"product_brand":[],"product_cat":[3206],"product_tag":[2830,3177,4863,2831,3069],"class_list":{"0":"post-53768","1":"product","2":"type-product","3":"status-publish","4":"has-post-thumbnail","6":"product_cat-fargo","7":"product_tag-kortprinter-direct-to-card","8":"product_tag-fargo","9":"product_tag-pf","10":"product_tag-kortprinter-retransfer","11":"product_tag-trade-produkt","12":"product_shipping_class-tunga-paket","13":"pa_brands-fargo","14":"pa_fabrikat-kortskrivare-fargo","15":"tm-no-options","17":"first","18":"outofstock","19":"sale","20":"taxable","21":"shipping-taxable","22":"purchasable","23":"product-type-simple"},"acf":[],"_links":{"self":[{"href":"https:\/\/secureus.se\/fr\/wp-json\/wp\/v2\/product\/53768","targetHints":{"allow":["GET"]}}],"collection":[{"href":"https:\/\/secureus.se\/fr\/wp-json\/wp\/v2\/product"}],"about":[{"href":"https:\/\/secureus.se\/fr\/wp-json\/wp\/v2\/types\/product"}],"wp:featuredmedia":[{"embeddable":true,"href":"https:\/\/secureus.se\/fr\/wp-json\/wp\/v2\/media\/144820"}],"wp:attachment":[{"href":"https:\/\/secureus.se\/fr\/wp-json\/wp\/v2\/media?parent=53768"}],"wp:term":[{"taxonomy":"product_brand","embeddable":true,"href":"https:\/\/secureus.se\/fr\/wp-json\/wp\/v2\/product_brand?post=53768"},{"taxonomy":"product_cat","embeddable":true,"href":"https:\/\/secureus.se\/fr\/wp-json\/wp\/v2\/product_cat?post=53768"},{"taxonomy":"product_tag","embeddable":true,"href":"https:\/\/secureus.se\/fr\/wp-json\/wp\/v2\/product_tag?post=53768"}],"curies":[{"name":"wp","href":"https:\/\/api.w.org\/{rel}","templated":true}]}}