{"id":53774,"date":"2022-06-21T16:54:55","date_gmt":"2022-06-21T14:54:55","guid":{"rendered":"https:\/\/secureus.se\/produkt\/fargo-hdp5000-retransfer-plastic-card-printer-dual-sided\/"},"modified":"2025-12-31T19:59:53","modified_gmt":"2025-12-31T18:59:53","slug":"kortskrivare-fargo-hdp5000-duplex","status":"publish","type":"product","link":"https:\/\/secureus.se\/fr\/kortskrivare-fargo-hdp5000-duplex\/","title":{"rendered":"Imprimante de cartes Fargo HDP5000 - Imprimante de cartes d&#039;identit\u00e9 \u00e0 retransfert (double face)"},"content":{"rendered":"<p><strong>Impression de cartes d&#039;identit\u00e9 s\u00e9curis\u00e9e et efficace avec la Fargo HDP5000\u00a0:<\/strong> La Fargo HDP5000 est une imprimante \u00e0 retransfert leader, id\u00e9ale pour les entreprises qui ont besoin de produire des cartes d&#039;identit\u00e9 color\u00e9es et s\u00e9curis\u00e9es.<\/p>\n<p>Avec sa technologie avanc\u00e9e et sa grande capacit\u00e9, il est con\u00e7u pour r\u00e9pondre aux exigences de rapidit\u00e9 et de qualit\u00e9.<\/p>\n<p><strong>Caract\u00e9ristiques et avantages\u00a0:<\/strong><\/p>\n<ul>\n<li><strong>Impression Haute D\u00e9finition\u00ae\u00a0:<\/strong> Fournit une reproduction des couleurs et des d\u00e9tails exceptionnels pour les cartes d&#039;identit\u00e9 professionnelles.<\/li>\n<li><strong>Utilisation flexible :<\/strong> Peut imprimer \u00e0 la fois sur des cartes plastiques et des cartes \u00e0 puce, ce qui le rend polyvalent pour diff\u00e9rentes applications.<\/li>\n<li><strong>Impression rapide\u00a0:<\/strong> Con\u00e7u pour la production de gros volumes, vous permettant d&#039;imprimer des cartes rapidement et efficacement.<\/li>\n<li><strong>S\u00e9curit\u00e9:<\/strong> \u00c9quip\u00e9 de HoloKote\u00ae pour pr\u00e9venir la contrefa\u00e7on.<\/li>\n<\/ul>\n<p><strong>Sp\u00e9cification technique\u00a0:<\/strong><\/p>\n<ul>\n<li><strong>Vitesse d&#039;impression\u00a0:<\/strong> Jusqu&#039;\u00e0 150 cartes par heure (impression couleur, recto-verso).<\/li>\n<li><strong>Capacit\u00e9:<\/strong> 100 cartes dans le bac d&#039;entr\u00e9e et 100 cartes dans le bac de sortie.<\/li>\n<li><strong>Type de carte\u00a0:<\/strong> Format ISO 7810, CR80, taille ID-1, compatible avec les cartes PVC, PET et composites.<\/li>\n<li><strong>Relations:<\/strong> USB 2.0 et Ethernet.<\/li>\n<\/ul>\n<p>Veuillez noter que le ruban couleur Fargo 84051 YMCK et le film de retransfert Fargo 84053 doivent \u00eatre achet\u00e9s s\u00e9par\u00e9ment lors de la commande.<\/p>","protected":false},"excerpt":{"rendered":"<p>L&#039;imprimante de cartes d&#039;identit\u00e9 Fargo HDP5000 offre une qualit\u00e9 d&#039;impression exceptionnelle gr\u00e2ce \u00e0 la technologie High-Definition Printing\u00ae.<\/p>\n<p>Elle est id\u00e9ale pour imprimer des cartes d\u2019identit\u00e9 s\u00e9curis\u00e9es en grand volume et peut facilement g\u00e9rer \u00e0 la fois les cartes formelles et les cartes \u00e0 puce.<\/p>\n<p>Avec une garantie de trois ans et le logiciel EasyBadge Lite inclus, il s&#039;agit d&#039;une solution fiable pour les entreprises qui ont besoin de cartes de haute qualit\u00e9.<\/p>","protected":false},"featured_media":143837,"template":"","meta":{"_acf_changed":false},"product_brand":[],"product_cat":[3206],"product_tag":[2830,3172,3177,4863,2831,3069],"class_list":{"0":"post-53774","1":"product","2":"type-product","3":"status-publish","4":"has-post-thumbnail","6":"product_cat-fargo","7":"product_tag-kortprinter-direct-to-card","8":"product_tag-dubbelsidig-dual-side","9":"product_tag-fargo","10":"product_tag-pf","11":"product_tag-kortprinter-retransfer","12":"product_tag-trade-produkt","13":"product_shipping_class-tunga-paket","14":"pa_brands-fargo","15":"pa_fabrikat-kortskrivare-fargo","16":"tm-no-options","18":"first","19":"instock","20":"sale","21":"taxable","22":"shipping-taxable","23":"purchasable","24":"product-type-simple"},"acf":[],"_links":{"self":[{"href":"https:\/\/secureus.se\/fr\/wp-json\/wp\/v2\/product\/53774","targetHints":{"allow":["GET"]}}],"collection":[{"href":"https:\/\/secureus.se\/fr\/wp-json\/wp\/v2\/product"}],"about":[{"href":"https:\/\/secureus.se\/fr\/wp-json\/wp\/v2\/types\/product"}],"wp:featuredmedia":[{"embeddable":true,"href":"https:\/\/secureus.se\/fr\/wp-json\/wp\/v2\/media\/143837"}],"wp:attachment":[{"href":"https:\/\/secureus.se\/fr\/wp-json\/wp\/v2\/media?parent=53774"}],"wp:term":[{"taxonomy":"product_brand","embeddable":true,"href":"https:\/\/secureus.se\/fr\/wp-json\/wp\/v2\/product_brand?post=53774"},{"taxonomy":"product_cat","embeddable":true,"href":"https:\/\/secureus.se\/fr\/wp-json\/wp\/v2\/product_cat?post=53774"},{"taxonomy":"product_tag","embeddable":true,"href":"https:\/\/secureus.se\/fr\/wp-json\/wp\/v2\/product_tag?post=53774"}],"curies":[{"name":"wp","href":"https:\/\/api.w.org\/{rel}","templated":true}]}}