{"id":53776,"date":"2022-06-21T16:54:47","date_gmt":"2022-06-21T14:54:47","guid":{"rendered":"https:\/\/secureus.se\/produkt\/fargo-dtc1250e-plastic-card-printer-single-sided\/"},"modified":"2026-04-08T16:45:40","modified_gmt":"2026-04-08T14:45:40","slug":"kortskrivare-fargo-dtc1250e-enkel-sidig","status":"publish","type":"product","link":"https:\/\/secureus.se\/fr\/kortskrivare-fargo-dtc1250e-enkel-sidig\/","title":{"rendered":"Imprimante de cartes Fargo DTC1250e - Imprimante de cartes d&#039;identit\u00e9 (simple face)"},"content":{"rendered":"<p><strong>Impression de cartes d&#039;identit\u00e9 efficace et abordable avec la Fargo DTC1250e\u00a0:<\/strong> Con\u00e7u pour les petites et moyennes entreprises, le Fargo DTC1250e offre une haute qualit\u00e9 et une facilit\u00e9 d&#039;utilisation dans un design compact.<\/p>\n<p>Il est parfait pour tout produire, des cartes d&#039;identit\u00e9 des employ\u00e9s aux cartes de membre.<\/p>\n<p><strong>Caract\u00e9ristiques et avantages\u00a0:<\/strong><\/p>\n<ul>\n<li><strong>Impression rapide\u00a0:<\/strong> Capacit\u00e9 d&#039;impression de 16 secondes pour les cartes en couleur et de 6 secondes pour les cartes en noir et blanc, minimisant ainsi le temps d&#039;attente.<\/li>\n<li><strong>Facilit\u00e9 d&#039;utilisation :<\/strong> La conception intuitive facilite l&#039;installation et l&#039;utilisation, augmentant ainsi l&#039;efficacit\u00e9.<\/li>\n<li><strong>Flexibilit\u00e9:<\/strong> Disponible en mod\u00e8les simple et double face avec la possibilit\u00e9 d&#039;imprimer sur des cartes CR80 standard.<\/li>\n<li><strong>Rentable\u00a0:<\/strong> Impression \u00e9conomique avec des cartouches d&#039;impression tout-en-un pour une installation et une maintenance plus faciles.<\/li>\n<\/ul>\n<p><strong>Sp\u00e9cification technique\u00a0:<\/strong><\/p>\n<ul>\n<li><strong>Vitesse d&#039;impression\u00a0:<\/strong> Jusqu&#039;\u00e0 200 cartes couleur par heure et 1 000 cartes par heure en noir et blanc.<\/li>\n<li><strong>Capacit\u00e9:<\/strong> 100 cartes dans le bac d&#039;entr\u00e9e et jusqu&#039;\u00e0 30 cartes dans le bac de sortie.<\/li>\n<li><strong>Type de carte\u00a0:<\/strong> Format ISO 7810, CR80, taille ID-1, compatible avec les cartes PVC, PET et composites.<\/li>\n<li><strong>Relations:<\/strong> USB 2.0 et Ethernet en option.<\/li>\n<\/ul>\n<p>Notez qu&#039;aucune nervure d&#039;imprimante n&#039;est incluse avec l&#039;imprimante\u00a0; assurez-vous d&#039;en ajouter un \u00e0 votre commande.<\/p>","protected":false},"excerpt":{"rendered":"<p>L&#039;imprimante de cartes d&#039;identit\u00e9 Fargo DTC1250e offre une solution conviviale et \u00e9conomique pour produire rapidement des cartes d&#039;identit\u00e9.<\/p>\n<p>Avec un temps d&#039;impression de seulement 16 secondes pour les cartes en couleur et de 6 secondes pour les cartes en noir et blanc, elle est id\u00e9ale pour les \u00e9coles et les clubs membres.<\/p>\n<p>Il comprend une garantie de trois ans et le logiciel EasyBadge Lite gratuit.<\/p>","protected":false},"featured_media":144181,"template":"","meta":{"_acf_changed":false},"product_brand":[],"product_cat":[3206],"product_tag":[2830,3177,4863,3069],"class_list":{"0":"post-53776","1":"product","2":"type-product","3":"status-publish","4":"has-post-thumbnail","6":"product_cat-fargo","7":"product_tag-kortprinter-direct-to-card","8":"product_tag-fargo","9":"product_tag-pf","10":"product_tag-trade-produkt","11":"product_shipping_class-tunga-paket","12":"pa_brands-fargo","13":"pa_fabrikat-kortskrivare-fargo","14":"tm-no-options","16":"first","17":"instock","18":"sale","19":"taxable","20":"shipping-taxable","21":"purchasable","22":"product-type-simple"},"acf":[],"_links":{"self":[{"href":"https:\/\/secureus.se\/fr\/wp-json\/wp\/v2\/product\/53776","targetHints":{"allow":["GET"]}}],"collection":[{"href":"https:\/\/secureus.se\/fr\/wp-json\/wp\/v2\/product"}],"about":[{"href":"https:\/\/secureus.se\/fr\/wp-json\/wp\/v2\/types\/product"}],"wp:featuredmedia":[{"embeddable":true,"href":"https:\/\/secureus.se\/fr\/wp-json\/wp\/v2\/media\/144181"}],"wp:attachment":[{"href":"https:\/\/secureus.se\/fr\/wp-json\/wp\/v2\/media?parent=53776"}],"wp:term":[{"taxonomy":"product_brand","embeddable":true,"href":"https:\/\/secureus.se\/fr\/wp-json\/wp\/v2\/product_brand?post=53776"},{"taxonomy":"product_cat","embeddable":true,"href":"https:\/\/secureus.se\/fr\/wp-json\/wp\/v2\/product_cat?post=53776"},{"taxonomy":"product_tag","embeddable":true,"href":"https:\/\/secureus.se\/fr\/wp-json\/wp\/v2\/product_tag?post=53776"}],"curies":[{"name":"wp","href":"https:\/\/api.w.org\/{rel}","templated":true}]}}